{"id":6146,"date":"2023-01-18T20:50:31","date_gmt":"2023-01-18T20:50:31","guid":{"rendered":"https:\/\/tavapy.gov.py\/biblioteca\/?post_type=product&#038;p=6146"},"modified":"2023-01-18T20:50:31","modified_gmt":"2023-01-18T20:50:31","slug":"la-innovacion-y-el-empresariodo-innovador","status":"publish","type":"product","link":"https:\/\/tavapy.gov.py\/biblioteca\/product\/la-innovacion-y-el-empresariodo-innovador\/","title":{"rendered":"LA INNOVACI\u00d3N Y EL EMPRESARIODO INNOVADOR."},"content":{"rendered":"","protected":false},"excerpt":{"rendered":"<p>En este libro publicado en 1.985 el autor, que es la m\u00e1s alta autoridad en administraci\u00f3n en los Estados Unidos, presenta por primera vez el empresariado innovador como una disciplina deliberada y sistem\u00e1tica. Examina las posibilidades y las oportunidades del fen\u00f3meno m\u00e1s importante de los \u00faltimos tiempos: la aparici\u00f3n de una nueva econom\u00eda empresarial que ha transformado los negocios, la fuerza laboral y la sociedad misma en el curso de diez o quince a\u00f1os, y que se basa en la innovaci\u00f3n sistem\u00e1tica y en la administraci\u00f3n y las estrategias empresariales.<\/p>\n<p>Esta nueva econom\u00eda ha tra\u00eddo la mayor expansi\u00f3n del empleo en la historia de los Estados Unidos: 35 millones de nuevos puestos de trabajo, en un lapso en que los grandes negocios y el gobierno han perdido m\u00e1s de 5 millones de empleos.<\/p>\n<p>La din\u00e1mica de la econom\u00eda norteamericana ha cambiado decisivamente, de la econom\u00eda gerencial de las d\u00e9cadas posteriores a 1950 \u2014 las d\u00e9cadas de \u00ablas 500 compa\u00f1\u00edas de Fortune'\u00bb \u2014 a una econom\u00eda empresarial de negocios peque\u00f1os y medianos que practican la innovaci\u00f3n sistem\u00e1tica. Aun cuando en ella desempe\u00f1a alg\u00fan papel la \u00abalta tecnologia\u00bb, la econom\u00eda se concentra en \u00e1reas de \u00abtecnolog\u00eda media\u00bb o \u00abbaja\u00bb, aplicando la administraci\u00f3n sistem\u00e1tica a empresas que, anteriormente, o eran tradicionales, como los restaurantes, o quedaban totalmente por fuera de la corriente principal, como los centros geri\u00e1tricos aut\u00f3nomos.<\/p>\n<p><a href=\"https:\/\/tavapy.gov.py\/biblioteca\/wp-content\/uploads\/2023\/01\/DruckerP-La-innovacion-y-el-empresariado-innovador.pdf\" target=\"_blank\" rel=\"attachment noopener wp-att-6109\"><img loading=\"lazy\" decoding=\"async\" class=\"size-full wp-image-6109 alignleft\" src=\"https:\/\/tavapy.gov.py\/biblioteca\/wp-content\/uploads\/2023\/01\/icono-PDF-copia-2-2.png\" alt=\"\" width=\"121\" height=\"140\" \/><\/a><\/p>\n","protected":false},"featured_media":5914,"comment_status":"open","ping_status":"closed","template":"","meta":{"spay_email":""},"product_cat":[88],"product_tag":[],"class_list":{"0":"post-6146","1":"product","2":"type-product","3":"status-publish","4":"has-post-thumbnail","6":"book_author-peter-drucker","7":"product_cat-administracion","8":"entry"},"_links":{"self":[{"href":"https:\/\/tavapy.gov.py\/biblioteca\/wp-json\/wp\/v2\/product\/6146","targetHints":{"allow":["GET"]}}],"collection":[{"href":"https:\/\/tavapy.gov.py\/biblioteca\/wp-json\/wp\/v2\/product"}],"about":[{"href":"https:\/\/tavapy.gov.py\/biblioteca\/wp-json\/wp\/v2\/types\/product"}],"replies":[{"embeddable":true,"href":"https:\/\/tavapy.gov.py\/biblioteca\/wp-json\/wp\/v2\/comments?post=6146"}],"wp:featuredmedia":[{"embeddable":true,"href":"https:\/\/tavapy.gov.py\/biblioteca\/wp-json\/wp\/v2\/media\/5914"}],"wp:attachment":[{"href":"https:\/\/tavapy.gov.py\/biblioteca\/wp-json\/wp\/v2\/media?parent=6146"}],"wp:term":[{"taxonomy":"product_cat","embeddable":true,"href":"https:\/\/tavapy.gov.py\/biblioteca\/wp-json\/wp\/v2\/product_cat?post=6146"},{"taxonomy":"product_tag","embeddable":true,"href":"https:\/\/tavapy.gov.py\/biblioteca\/wp-json\/wp\/v2\/product_tag?post=6146"}],"curies":[{"name":"wp","href":"https:\/\/api.w.org\/{rel}","templated":true}]}}