{"id":6147,"date":"2023-01-18T20:59:50","date_gmt":"2023-01-18T20:59:50","guid":{"rendered":"https:\/\/tavapy.gov.py\/biblioteca\/?post_type=product&#038;p=6147"},"modified":"2023-01-18T20:59:50","modified_gmt":"2023-01-18T20:59:50","slug":"el-cerebro-nuestra-historia","status":"publish","type":"product","link":"https:\/\/tavapy.gov.py\/biblioteca\/product\/el-cerebro-nuestra-historia\/","title":{"rendered":"EL CEREBRO: NUESTRA HISTORIA."},"content":{"rendered":"","protected":false},"excerpt":{"rendered":"<p>Despu\u00e9s de desentra\u00f1arnos \u00ablas vidas secretas del cerebro\u00bb en su libro anterior, Inc\u00f3gnito, David Eagleman, uno de los m\u00e1s reconocidos neurocient\u00edficos de la actualidad, vuelve a sorprendernos con esta nueva exploraci\u00f3n de la ciencia del cerebro, esa extra\u00f1a materia computacional que hay dentro de nuestro cr\u00e1neo y que constituye la maquinaria perceptiva mediante la cual nos movemos por el mundo, de la que surgen las decisiones, el material del que se forja la imaginaci\u00f3n.<\/p>\n<p>Porque lo cierto es que comprender mejor el cerebro supone arrojar luz sobre lo que consideramos m\u00e1s real en nuestras relaciones personales y lo que consideramos necesario en nuestra pol\u00edtica social: c\u00f3mo luchamos, c\u00f3mo amamos, qu\u00e9 aceptamos como cierto, c\u00f3mo deber\u00edamos educar, c\u00f3mo podemos elaborar una pol\u00edtica social mejor y c\u00f3mo dise\u00f1ar nuestros cuerpos para los siglos venideros. En los circuitos microsc\u00f3picamente peque\u00f1os del cerebro se graba la historia y el futuro de nuestra especie.<\/p>\n<p>Con su prosa brillante y provocativa, Eagleman toma el relevo de Oliver Sacks y nos lleva a reflexionar acerca de qui\u00e9nes somos, qu\u00e9 es la realidad, qui\u00e9n controla nuestras decisiones, hasta qu\u00e9 punto necesitamos a los dem\u00e1s y c\u00f3mo la ciencia puede ayudarnos a superar las limitaciones de nuestro propio cuerpo.<\/p>\n<p>Las p\u00e1ginas de este libro publicado en el 2.017 har\u00e1n que nos replanteemos todos nuestros supuestos, pues su pretensi\u00f3n consiste en salvar el abismo existente entre la literatura acad\u00e9mica y las vidas que llevamos en cuanto poseedores de un cerebro.<\/p>\n<p>Entre la mara\u00f1a infinitamente densa de miles de millones de c\u00e9lulas cerebrales y sus miles de billones de conexiones seremos capaces de vislumbrar y descubrir algo que a lo mejor no esper\u00e1bamos ver: a nosotros mismos, una especie que apenas est\u00e1 comenzando a descubrir las herramientas para modelar su propio destino. \u00abLa amplia s\u00edntesis del estado actual del conocimiento acerca del cerebro de David Eagleman es concisa, accesible y a menudo muy sorprendente. Hay un extra\u00f1o mundo nuevo dentro de tu cabeza\u00bb.<\/p>\n<p><a href=\"https:\/\/tavapy.gov.py\/biblioteca\/wp-content\/uploads\/2023\/01\/EaglemanD-El-cerebro.-Nuestra-historia.pdf\" target=\"_blank\" rel=\"attachment noopener wp-att-6109\"><img loading=\"lazy\" decoding=\"async\" class=\"size-full wp-image-6109 alignleft\" src=\"https:\/\/tavapy.gov.py\/biblioteca\/wp-content\/uploads\/2023\/01\/icono-PDF-copia-2-2.png\" alt=\"\" width=\"121\" height=\"140\" \/><\/a><\/p>\n","protected":false},"featured_media":5916,"comment_status":"open","ping_status":"closed","template":"","meta":{"spay_email":""},"product_cat":[129],"product_tag":[],"class_list":{"0":"post-6147","1":"product","2":"type-product","3":"status-publish","4":"has-post-thumbnail","6":"book_author-david-eagleman","7":"product_cat-neurociencia","8":"entry"},"_links":{"self":[{"href":"https:\/\/tavapy.gov.py\/biblioteca\/wp-json\/wp\/v2\/product\/6147","targetHints":{"allow":["GET"]}}],"collection":[{"href":"https:\/\/tavapy.gov.py\/biblioteca\/wp-json\/wp\/v2\/product"}],"about":[{"href":"https:\/\/tavapy.gov.py\/biblioteca\/wp-json\/wp\/v2\/types\/product"}],"replies":[{"embeddable":true,"href":"https:\/\/tavapy.gov.py\/biblioteca\/wp-json\/wp\/v2\/comments?post=6147"}],"wp:featuredmedia":[{"embeddable":true,"href":"https:\/\/tavapy.gov.py\/biblioteca\/wp-json\/wp\/v2\/media\/5916"}],"wp:attachment":[{"href":"https:\/\/tavapy.gov.py\/biblioteca\/wp-json\/wp\/v2\/media?parent=6147"}],"wp:term":[{"taxonomy":"product_cat","embeddable":true,"href":"https:\/\/tavapy.gov.py\/biblioteca\/wp-json\/wp\/v2\/product_cat?post=6147"},{"taxonomy":"product_tag","embeddable":true,"href":"https:\/\/tavapy.gov.py\/biblioteca\/wp-json\/wp\/v2\/product_tag?post=6147"}],"curies":[{"name":"wp","href":"https:\/\/api.w.org\/{rel}","templated":true}]}}