{"id":6148,"date":"2023-01-18T21:10:38","date_gmt":"2023-01-18T21:10:38","guid":{"rendered":"https:\/\/tavapy.gov.py\/biblioteca\/?post_type=product&#038;p=6148"},"modified":"2023-01-18T21:10:38","modified_gmt":"2023-01-18T21:10:38","slug":"como-detectar-mentiras-en-los-ninos-claves-para-fomentar-la-sinceridad-de-los-hijos","status":"publish","type":"product","link":"https:\/\/tavapy.gov.py\/biblioteca\/product\/como-detectar-mentiras-en-los-ninos-claves-para-fomentar-la-sinceridad-de-los-hijos\/","title":{"rendered":"C\u00d3MO DETECTAR MENTIRAS EN LOS NI\u00d1OS: CLAVES PARA FOMENTAR LA SINCERIDAD DE LOS HIJOS."},"content":{"rendered":"","protected":false},"excerpt":{"rendered":"<p>\u00abMi hijo me ha mentido y s\u00f3lo tiene cinco a\u00f1os. \u00bfEs eso normal?\u00bb \u00abS\u00e9 que mi hija me enga\u00f1a cuando me dice que no fuma marihuana. \u00bfQu\u00e9 puedo hacer?\u00bb \u00abMi hijo miente constantemente. \u00bfDejar\u00e1 de hacerlo cuando se haga mayor?\u00bb \u00abMi hija no me cuenta lo que hace en sus citas con los chicos. Dice que no es asunto m\u00edo, pero \u00bfacaso no tengo derecho a saberlo?\u00bb<\/p>\n<p>\u00c9stas son algunas de las situaciones cotidianas que se exponen en este volumen y con las que todos los padres y madres tienen que enfrentarse alguna vez. A partir de tales situaciones, el profesor Ekman, el principal experto en el tema, ense\u00f1a a los padres la mejor manera de afrontar el amplio abanico de mentiras que cuentan los ni\u00f1os de todas las edades: desde las \u00abmentirijillas\u00bb inocentes hasta la ocultaci\u00f3n deliberada de informaci\u00f3n relevante; desde las fantas\u00edas m\u00e1s descabelladas hasta las patra\u00f1as m\u00e1s injustificables.<\/p>\n<p>Este libro publicado en 1.989 le permitir\u00e1 descubrir elementos de gran utilidad que le ayudar\u00e1n a abordar esta cuesti\u00f3n con sus hijos: cu\u00e1les son los motivos que les llevan a mentir; por qu\u00e9 unos ni\u00f1os son m\u00e1s mentirosos que otros; qu\u00e9 puede hacer si sospecha que su hijo le miente o c\u00f3mo animarle a que diga la verdad. Y todo ello explicado en un estilo claro y divulgativo, lo que hace que este libro sea una lectura imprescindible para todas las familias.<\/p>\n<p><a href=\"https:\/\/tavapy.gov.py\/biblioteca\/wp-content\/uploads\/2023\/01\/EkmanP-Como-detectar-mentiras-en-los-ninos.pdf\" target=\"_blank\" rel=\"attachment noopener wp-att-6109\"><img loading=\"lazy\" decoding=\"async\" class=\"size-full wp-image-6109 alignleft\" src=\"https:\/\/tavapy.gov.py\/biblioteca\/wp-content\/uploads\/2023\/01\/icono-PDF-copia-2-2.png\" alt=\"\" width=\"121\" height=\"140\" \/><\/a><\/p>\n","protected":false},"featured_media":5918,"comment_status":"open","ping_status":"closed","template":"","meta":{"spay_email":""},"product_cat":[196],"product_tag":[],"class_list":{"0":"post-6148","1":"product","2":"type-product","3":"status-publish","4":"has-post-thumbnail","6":"book_author-paul-ekman","7":"product_cat-psicologia-educacion","8":"entry"},"_links":{"self":[{"href":"https:\/\/tavapy.gov.py\/biblioteca\/wp-json\/wp\/v2\/product\/6148","targetHints":{"allow":["GET"]}}],"collection":[{"href":"https:\/\/tavapy.gov.py\/biblioteca\/wp-json\/wp\/v2\/product"}],"about":[{"href":"https:\/\/tavapy.gov.py\/biblioteca\/wp-json\/wp\/v2\/types\/product"}],"replies":[{"embeddable":true,"href":"https:\/\/tavapy.gov.py\/biblioteca\/wp-json\/wp\/v2\/comments?post=6148"}],"wp:featuredmedia":[{"embeddable":true,"href":"https:\/\/tavapy.gov.py\/biblioteca\/wp-json\/wp\/v2\/media\/5918"}],"wp:attachment":[{"href":"https:\/\/tavapy.gov.py\/biblioteca\/wp-json\/wp\/v2\/media?parent=6148"}],"wp:term":[{"taxonomy":"product_cat","embeddable":true,"href":"https:\/\/tavapy.gov.py\/biblioteca\/wp-json\/wp\/v2\/product_cat?post=6148"},{"taxonomy":"product_tag","embeddable":true,"href":"https:\/\/tavapy.gov.py\/biblioteca\/wp-json\/wp\/v2\/product_tag?post=6148"}],"curies":[{"name":"wp","href":"https:\/\/api.w.org\/{rel}","templated":true}]}}