{"id":6151,"date":"2023-01-18T21:22:30","date_gmt":"2023-01-18T21:22:30","guid":{"rendered":"https:\/\/tavapy.gov.py\/biblioteca\/?post_type=product&#038;p=6151"},"modified":"2023-01-18T21:22:31","modified_gmt":"2023-01-18T21:22:31","slug":"aspectos-del-mito","status":"publish","type":"product","link":"https:\/\/tavapy.gov.py\/biblioteca\/product\/aspectos-del-mito\/","title":{"rendered":"ASPECTOS DEL MITO."},"content":{"rendered":"","protected":false},"excerpt":{"rendered":"<p>Los mitos relatan historias sacras, acontecimientos que tuvieron lugar en un tiempo primordial, el tiempo fabuloso de los &#8216;or\u00edgenes&#8217;. Por eso la funci\u00f3n del mito es dar un significado al mundo y a la existencia humana. Gracias al mito, el mundo se convierte en algo abarcable, en un cosmos perfectamente inteligible.<\/p>\n<p>En el presente libro publicado en 1.963, y a partir de estas premisas, Mircea Eliade aborda con elegancia y precisi\u00f3n los grandes mitos de la historia, desde los pueblos primitivos hasta la \u00e9poca moderna, sin olvidar las grandes civilizaciones del pasado, tr\u00e1tese de India o de Grecia.<\/p>\n<p>Y la obra resultante acaba constituyendo a la vez una fascinante narraci\u00f3n hist\u00f3rica y una apasionante s\u00edntesis filos\u00f3fica, todo ello encarnado en multitud de casos y ejemplos que convierten la lectura del volumen en una experiencia tan placentera como enriquecedora.<\/p>\n<p><a href=\"https:\/\/tavapy.gov.py\/biblioteca\/wp-content\/uploads\/2023\/01\/EliadeM-Aspectos-del-mito.pdf\" rel=\"attachment wp-att-6109\"><img loading=\"lazy\" decoding=\"async\" class=\"size-full wp-image-6109 alignleft\" src=\"https:\/\/tavapy.gov.py\/biblioteca\/wp-content\/uploads\/2023\/01\/icono-PDF-copia-2-2.png\" alt=\"\" width=\"121\" height=\"140\" \/><\/a><\/p>\n","protected":false},"featured_media":5922,"comment_status":"open","ping_status":"closed","template":"","meta":{"spay_email":""},"product_cat":[734],"product_tag":[],"class_list":{"0":"post-6151","1":"product","2":"type-product","3":"status-publish","4":"has-post-thumbnail","6":"book_author-mircea-eliade","7":"product_cat-religion-mitologia","8":"entry"},"_links":{"self":[{"href":"https:\/\/tavapy.gov.py\/biblioteca\/wp-json\/wp\/v2\/product\/6151","targetHints":{"allow":["GET"]}}],"collection":[{"href":"https:\/\/tavapy.gov.py\/biblioteca\/wp-json\/wp\/v2\/product"}],"about":[{"href":"https:\/\/tavapy.gov.py\/biblioteca\/wp-json\/wp\/v2\/types\/product"}],"replies":[{"embeddable":true,"href":"https:\/\/tavapy.gov.py\/biblioteca\/wp-json\/wp\/v2\/comments?post=6151"}],"wp:featuredmedia":[{"embeddable":true,"href":"https:\/\/tavapy.gov.py\/biblioteca\/wp-json\/wp\/v2\/media\/5922"}],"wp:attachment":[{"href":"https:\/\/tavapy.gov.py\/biblioteca\/wp-json\/wp\/v2\/media?parent=6151"}],"wp:term":[{"taxonomy":"product_cat","embeddable":true,"href":"https:\/\/tavapy.gov.py\/biblioteca\/wp-json\/wp\/v2\/product_cat?post=6151"},{"taxonomy":"product_tag","embeddable":true,"href":"https:\/\/tavapy.gov.py\/biblioteca\/wp-json\/wp\/v2\/product_tag?post=6151"}],"curies":[{"name":"wp","href":"https:\/\/api.w.org\/{rel}","templated":true}]}}