{"id":6152,"date":"2023-01-18T21:26:48","date_gmt":"2023-01-18T21:26:48","guid":{"rendered":"https:\/\/tavapy.gov.py\/biblioteca\/?post_type=product&#038;p=6152"},"modified":"2023-01-18T21:26:48","modified_gmt":"2023-01-18T21:26:48","slug":"herreros-y-alquimistas","status":"publish","type":"product","link":"https:\/\/tavapy.gov.py\/biblioteca\/product\/herreros-y-alquimistas\/","title":{"rendered":"HERREROS Y ALQUIMISTAS."},"content":{"rendered":"","protected":false},"excerpt":{"rendered":"<p>Herreros y alquimistas es una obra escrita en 1956 por el fil\u00f3sofo, historiador de las religiones y novelista rumano Mircea Eliade. Rastrea los ritos y s\u00edmbolos hist\u00f3ricos vinculados a mineros, herreros y otros trabajadores del metal.<\/p>\n<p>El conjunto de mitos, ritos y s\u00edmbolos asociados a los oficios de minero, metal\u00fargico y forjador ilustra los cambios de la actitud m\u00e1gico-religiosa de los hombres del mundo preindustrial con respecto a la materia desde el preciso momento en que descubren su poder para cambiar el modo de ser de las sustancias minerales.<\/p>\n<p>Mircea Eliade se\u00f1ala que ese doble car\u00e1cter experimental y m\u00edstico est\u00e1 igualmente presente en la alquimia, ciencia sagrada que estudia la pasi\u00f3n, matrimonio y muerte de las sustancias, destinadas a la transmutaci\u00f3n de la materia (la piedra filosofal) y de la vida humana (el elixir de la vida).<\/p>\n<p><a href=\"https:\/\/tavapy.gov.py\/biblioteca\/wp-content\/uploads\/2023\/01\/EliadeM-Herreros-y-Alquimistas.pdf\" target=\"_blank\" rel=\"attachment noopener wp-att-6109\"><img loading=\"lazy\" decoding=\"async\" class=\"size-full wp-image-6109 alignleft\" src=\"https:\/\/tavapy.gov.py\/biblioteca\/wp-content\/uploads\/2023\/01\/icono-PDF-copia-2-2.png\" alt=\"\" width=\"121\" height=\"140\" \/><\/a><\/p>\n","protected":false},"featured_media":5924,"comment_status":"open","ping_status":"closed","template":"","meta":{"spay_email":""},"product_cat":[116],"product_tag":[],"class_list":{"0":"post-6152","1":"product","2":"type-product","3":"status-publish","4":"has-post-thumbnail","6":"book_author-mircea-eliade","7":"product_cat-antropologia-socio-cultural","8":"entry"},"_links":{"self":[{"href":"https:\/\/tavapy.gov.py\/biblioteca\/wp-json\/wp\/v2\/product\/6152","targetHints":{"allow":["GET"]}}],"collection":[{"href":"https:\/\/tavapy.gov.py\/biblioteca\/wp-json\/wp\/v2\/product"}],"about":[{"href":"https:\/\/tavapy.gov.py\/biblioteca\/wp-json\/wp\/v2\/types\/product"}],"replies":[{"embeddable":true,"href":"https:\/\/tavapy.gov.py\/biblioteca\/wp-json\/wp\/v2\/comments?post=6152"}],"wp:featuredmedia":[{"embeddable":true,"href":"https:\/\/tavapy.gov.py\/biblioteca\/wp-json\/wp\/v2\/media\/5924"}],"wp:attachment":[{"href":"https:\/\/tavapy.gov.py\/biblioteca\/wp-json\/wp\/v2\/media?parent=6152"}],"wp:term":[{"taxonomy":"product_cat","embeddable":true,"href":"https:\/\/tavapy.gov.py\/biblioteca\/wp-json\/wp\/v2\/product_cat?post=6152"},{"taxonomy":"product_tag","embeddable":true,"href":"https:\/\/tavapy.gov.py\/biblioteca\/wp-json\/wp\/v2\/product_tag?post=6152"}],"curies":[{"name":"wp","href":"https:\/\/api.w.org\/{rel}","templated":true}]}}