{"id":6153,"date":"2023-01-18T21:31:22","date_gmt":"2023-01-18T21:31:22","guid":{"rendered":"https:\/\/tavapy.gov.py\/biblioteca\/?post_type=product&#038;p=6153"},"modified":"2023-01-18T21:31:23","modified_gmt":"2023-01-18T21:31:23","slug":"genealogia-del-racismo","status":"publish","type":"product","link":"https:\/\/tavapy.gov.py\/biblioteca\/product\/genealogia-del-racismo\/","title":{"rendered":"GENEALOG\u00cdA DEL RACISMO."},"content":{"rendered":"","protected":false},"excerpt":{"rendered":"<p>Puede resultar curioso el inter\u00e9s de Foucault en un discurso que inter\u00adpreta la historia como una guerra entre razas. Pero es necesario leer con cuidado, o simplemente leer. Se trata de etnias, pueblos que se definen por una lengua, por usos y costumbres comunes. Foucault mostrar\u00e1 c\u00f3mo la noci\u00f3n de \u00abraza\u00bb cambia de sentido en el siglo XIX, el modo en que la guerra de las razas, relatada por los historiadores de la contrahistoria, adquiere un sentido biol\u00f3gico, connotado por el evolucionismo y las teo\u00adr\u00edas de la degeneraci\u00f3n de los fisi\u00f3logos.<\/p>\n<p>Para Foucault, las pr\u00e1cticas discursivas constituyen fuerzas cuya direc\u00adci\u00f3n es modificable, los saberes ocupan un campo estrat\u00e9gico y son ele\u00admentos de t\u00e1cticas variables. Son discursos-fuerza. Por eso la narraci\u00f3n erudita de la nobleza reaccionaria puede ser un instrumento t\u00e1ctico utilizable por estrategias diferentes. Las t\u00e1cticas discursivas son transferibles y variables.<\/p>\n<p>Esta obra de Foucault fue publicada en 1.992.<\/p>\n<p><a href=\"https:\/\/tavapy.gov.py\/biblioteca\/wp-content\/uploads\/2023\/01\/FoucaultM-Genealogia-del-Racismo.pdf\" target=\"_blank\" rel=\"attachment noopener wp-att-6109\"><img loading=\"lazy\" decoding=\"async\" class=\"size-full wp-image-6109 alignleft\" src=\"https:\/\/tavapy.gov.py\/biblioteca\/wp-content\/uploads\/2023\/01\/icono-PDF-copia-2-2.png\" alt=\"\" width=\"121\" height=\"140\" \/><\/a><\/p>\n","protected":false},"featured_media":5926,"comment_status":"open","ping_status":"closed","template":"","meta":{"spay_email":""},"product_cat":[268],"product_tag":[],"class_list":{"0":"post-6153","1":"product","2":"type-product","3":"status-publish","4":"has-post-thumbnail","6":"book_author-michel-foucalt","7":"product_cat-filosofia-antropologia","8":"entry"},"_links":{"self":[{"href":"https:\/\/tavapy.gov.py\/biblioteca\/wp-json\/wp\/v2\/product\/6153","targetHints":{"allow":["GET"]}}],"collection":[{"href":"https:\/\/tavapy.gov.py\/biblioteca\/wp-json\/wp\/v2\/product"}],"about":[{"href":"https:\/\/tavapy.gov.py\/biblioteca\/wp-json\/wp\/v2\/types\/product"}],"replies":[{"embeddable":true,"href":"https:\/\/tavapy.gov.py\/biblioteca\/wp-json\/wp\/v2\/comments?post=6153"}],"wp:featuredmedia":[{"embeddable":true,"href":"https:\/\/tavapy.gov.py\/biblioteca\/wp-json\/wp\/v2\/media\/5926"}],"wp:attachment":[{"href":"https:\/\/tavapy.gov.py\/biblioteca\/wp-json\/wp\/v2\/media?parent=6153"}],"wp:term":[{"taxonomy":"product_cat","embeddable":true,"href":"https:\/\/tavapy.gov.py\/biblioteca\/wp-json\/wp\/v2\/product_cat?post=6153"},{"taxonomy":"product_tag","embeddable":true,"href":"https:\/\/tavapy.gov.py\/biblioteca\/wp-json\/wp\/v2\/product_tag?post=6153"}],"curies":[{"name":"wp","href":"https:\/\/api.w.org\/{rel}","templated":true}]}}