{"id":6154,"date":"2023-01-18T21:38:02","date_gmt":"2023-01-18T21:38:02","guid":{"rendered":"https:\/\/tavapy.gov.py\/biblioteca\/?post_type=product&#038;p=6154"},"modified":"2023-01-18T21:38:02","modified_gmt":"2023-01-18T21:38:02","slug":"historia-de-la-sexualidad-1-la-voluntad-de-saber","status":"publish","type":"product","link":"https:\/\/tavapy.gov.py\/biblioteca\/product\/historia-de-la-sexualidad-1-la-voluntad-de-saber\/","title":{"rendered":"HISTORIA DE LA SEXUALIDAD 1: LA VOLUNTAD DE SABER."},"content":{"rendered":"","protected":false},"excerpt":{"rendered":"<p>El hombre occidental se ha especializado durante los tres \u00faltimos siglos en el ejercicio de registrar minuciosamente sus placeres. En nuestra sociedad, la scientia sexualis ha desplazado al ars erotica. Se han multiplicado los sermones sobre \u00ablo\u00bb prohibido. Hay placer en saber sobre el placer. La sexualidad se transforma en discurso permanente.<\/p>\n<p>El Estado ejerce de administrador de los cuerpos. \u00bfPor qu\u00e9? \u00bfPor qu\u00e9 la burgues\u00eda victoriana forj\u00f3 e impuso normas tales a los cuerpos? \u00bfPor qu\u00e9 tanta prolijidad, tantas reglas pastorales, tanta multiplicidad de discursos, tanto o\u00eddo abierto hacia el sexo?<\/p>\n<p>La serie de estudios que inicia Michel Foucault con este volumen publicado en 1.976 pretende aclarar cu\u00e1les fueron las relaciones hist\u00f3ricas \u00abentre el poder y el discurso\u00bb que forjaron el dispositivo de sexualidad que nos afecta.<\/p>\n<p><a href=\"https:\/\/tavapy.gov.py\/biblioteca\/wp-content\/uploads\/2023\/01\/FoucaultM-Historia-de-la-sexualidad-1.pdf\" target=\"_blank\" rel=\"attachment noopener wp-att-6109\"><img loading=\"lazy\" decoding=\"async\" class=\"size-full wp-image-6109 alignleft\" src=\"https:\/\/tavapy.gov.py\/biblioteca\/wp-content\/uploads\/2023\/01\/icono-PDF-copia-2-2.png\" alt=\"\" width=\"121\" height=\"140\" \/><\/a><\/p>\n","protected":false},"featured_media":5928,"comment_status":"open","ping_status":"closed","template":"","meta":{"spay_email":""},"product_cat":[735],"product_tag":[],"class_list":{"0":"post-6154","1":"product","2":"type-product","3":"status-publish","4":"has-post-thumbnail","6":"book_author-michel-foucalt","7":"product_cat-psicologia-pedagogia-psicoanalisis","8":"entry"},"_links":{"self":[{"href":"https:\/\/tavapy.gov.py\/biblioteca\/wp-json\/wp\/v2\/product\/6154","targetHints":{"allow":["GET"]}}],"collection":[{"href":"https:\/\/tavapy.gov.py\/biblioteca\/wp-json\/wp\/v2\/product"}],"about":[{"href":"https:\/\/tavapy.gov.py\/biblioteca\/wp-json\/wp\/v2\/types\/product"}],"replies":[{"embeddable":true,"href":"https:\/\/tavapy.gov.py\/biblioteca\/wp-json\/wp\/v2\/comments?post=6154"}],"wp:featuredmedia":[{"embeddable":true,"href":"https:\/\/tavapy.gov.py\/biblioteca\/wp-json\/wp\/v2\/media\/5928"}],"wp:attachment":[{"href":"https:\/\/tavapy.gov.py\/biblioteca\/wp-json\/wp\/v2\/media?parent=6154"}],"wp:term":[{"taxonomy":"product_cat","embeddable":true,"href":"https:\/\/tavapy.gov.py\/biblioteca\/wp-json\/wp\/v2\/product_cat?post=6154"},{"taxonomy":"product_tag","embeddable":true,"href":"https:\/\/tavapy.gov.py\/biblioteca\/wp-json\/wp\/v2\/product_tag?post=6154"}],"curies":[{"name":"wp","href":"https:\/\/api.w.org\/{rel}","templated":true}]}}