{"id":6157,"date":"2023-01-18T22:08:29","date_gmt":"2023-01-18T22:08:29","guid":{"rendered":"https:\/\/tavapy.gov.py\/biblioteca\/?post_type=product&#038;p=6157"},"modified":"2023-01-18T22:08:30","modified_gmt":"2023-01-18T22:08:30","slug":"el-enigma-y-el-espejo","status":"publish","type":"product","link":"https:\/\/tavapy.gov.py\/biblioteca\/product\/el-enigma-y-el-espejo\/","title":{"rendered":"EL ENIGMA Y EL ESPEJO."},"content":{"rendered":"","protected":false},"excerpt":{"rendered":"<p>El singular encuentro en plenas fiestas navide\u00f1as entre Cecilia -una chica aburrida de estar en cama a causa de su enfermedad- y el peque\u00f1o Ariel -un enigm\u00e1tico y curioso \u00e1ngel que desea conocer todo lo relativo a las personas- servir\u00e1 para que Cecilia, en un continuo intercambio de preguntas y respuestas con Ariel, acabe descubriendo, desde su propio cuarto, como es la vida fuera de la Tierra, que son los sue\u00f1os, la imaginaci\u00f3n y hasta c\u00f3mo es posible llegar a volar.<\/p>\n<p>Una vez m\u00e1s, el autor de El mundo de Sofia sabe responder con inteligencia a las preguntas que todos alguna vez nos hicimos e incluso a aquellas que nunca nos hab\u00edamos hecho. El enigma y el espejo publicado en 1.993 es, finalmente, un libro distinto, una invitaci\u00f3n a mirar sin miedo al otro lado del espejo.<\/p>\n<p><a href=\"https:\/\/tavapy.gov.py\/biblioteca\/wp-content\/uploads\/2023\/01\/GaarderJ-El-Enigma-Y-El-Espejo-1.pdf\" target=\"_blank\" rel=\"attachment noopener wp-att-6109\"><img loading=\"lazy\" decoding=\"async\" class=\"size-full wp-image-6109 alignleft\" src=\"https:\/\/tavapy.gov.py\/biblioteca\/wp-content\/uploads\/2023\/01\/icono-PDF-copia-2-2.png\" alt=\"\" width=\"121\" height=\"140\" \/><\/a><\/p>\n","protected":false},"featured_media":5932,"comment_status":"open","ping_status":"closed","template":"","meta":{"spay_email":""},"product_cat":[738],"product_tag":[],"class_list":{"0":"post-6157","1":"product","2":"type-product","3":"status-publish","4":"has-post-thumbnail","6":"book_author-jostein-gaarder","7":"product_cat-narrativa-filosofica","8":"entry"},"_links":{"self":[{"href":"https:\/\/tavapy.gov.py\/biblioteca\/wp-json\/wp\/v2\/product\/6157","targetHints":{"allow":["GET"]}}],"collection":[{"href":"https:\/\/tavapy.gov.py\/biblioteca\/wp-json\/wp\/v2\/product"}],"about":[{"href":"https:\/\/tavapy.gov.py\/biblioteca\/wp-json\/wp\/v2\/types\/product"}],"replies":[{"embeddable":true,"href":"https:\/\/tavapy.gov.py\/biblioteca\/wp-json\/wp\/v2\/comments?post=6157"}],"wp:featuredmedia":[{"embeddable":true,"href":"https:\/\/tavapy.gov.py\/biblioteca\/wp-json\/wp\/v2\/media\/5932"}],"wp:attachment":[{"href":"https:\/\/tavapy.gov.py\/biblioteca\/wp-json\/wp\/v2\/media?parent=6157"}],"wp:term":[{"taxonomy":"product_cat","embeddable":true,"href":"https:\/\/tavapy.gov.py\/biblioteca\/wp-json\/wp\/v2\/product_cat?post=6157"},{"taxonomy":"product_tag","embeddable":true,"href":"https:\/\/tavapy.gov.py\/biblioteca\/wp-json\/wp\/v2\/product_tag?post=6157"}],"curies":[{"name":"wp","href":"https:\/\/api.w.org\/{rel}","templated":true}]}}