{"id":6158,"date":"2023-01-18T22:13:07","date_gmt":"2023-01-18T22:13:07","guid":{"rendered":"https:\/\/tavapy.gov.py\/biblioteca\/?post_type=product&#038;p=6158"},"modified":"2023-01-18T22:13:08","modified_gmt":"2023-01-18T22:13:08","slug":"la-joven-de-las-naranjas","status":"publish","type":"product","link":"https:\/\/tavapy.gov.py\/biblioteca\/product\/la-joven-de-las-naranjas\/","title":{"rendered":"LA JOVEN DE LAS NARANJAS."},"content":{"rendered":"","protected":false},"excerpt":{"rendered":"<p>\u00abMi padre muri\u00f3 hace once a\u00f1os, cuando yo s\u00f3lo ten\u00eda cuatro. Cre\u00ed que no volver\u00eda a saber nada de \u00e9l, pero ahora estamos escribiendo un libro juntos&#8230;\u00bb As\u00ed comienza La joven de las naranjas que hace reflexionar al lector sobre la intensidad de la Vida, pero tambi\u00e9n sobre la muerte.<\/p>\n<p>Una historia que nos habla del Tiempo y sobre qu\u00e9 somos realmente, qu\u00e9 misterio compartimos con el universo. \u00bfElegir\u00edamos nacer, y conocer la vida en toda su intensidad, sabiendo que quiz\u00e1 sea para permanecer s\u00f3lo un instante en ella? \u00bfO rechazar\u00edamos la oferta?<\/p>\n<p>Georg, un joven de 15 a\u00f1os apasionado por la astronom\u00eda, encuentra una antigua carta que su padre escribi\u00f3 para \u00e9l al saber que iba a morir. En ella le cuenta el gran amor que sinti\u00f3 por la misteriosa Joven de las Naranjas para finalmente formularle una importante pregunta, a la que Georg debe responder. Antes de contestar, Georg habr\u00e1 escrito un libro con su padre, un libro que va m\u00e1s all\u00e1 del tiempo y de los l\u00edmites de la muerte.<\/p>\n<p>La obra \u201cLa joven de las naranjas\u201d fue publicada en el 2.003.<\/p>\n<p><a href=\"https:\/\/tavapy.gov.py\/biblioteca\/wp-content\/uploads\/2023\/01\/GaarderJ-La-joven-de-las-naranjas.pdf\" target=\"_blank\" rel=\"attachment noopener wp-att-6109\"><img loading=\"lazy\" decoding=\"async\" class=\"size-full wp-image-6109 alignleft\" src=\"https:\/\/tavapy.gov.py\/biblioteca\/wp-content\/uploads\/2023\/01\/icono-PDF-copia-2-2.png\" alt=\"\" width=\"121\" height=\"140\" \/><\/a><\/p>\n","protected":false},"featured_media":5934,"comment_status":"open","ping_status":"closed","template":"","meta":{"spay_email":""},"product_cat":[738],"product_tag":[],"class_list":{"0":"post-6158","1":"product","2":"type-product","3":"status-publish","4":"has-post-thumbnail","6":"product_cat-narrativa-filosofica","7":"entry"},"_links":{"self":[{"href":"https:\/\/tavapy.gov.py\/biblioteca\/wp-json\/wp\/v2\/product\/6158","targetHints":{"allow":["GET"]}}],"collection":[{"href":"https:\/\/tavapy.gov.py\/biblioteca\/wp-json\/wp\/v2\/product"}],"about":[{"href":"https:\/\/tavapy.gov.py\/biblioteca\/wp-json\/wp\/v2\/types\/product"}],"replies":[{"embeddable":true,"href":"https:\/\/tavapy.gov.py\/biblioteca\/wp-json\/wp\/v2\/comments?post=6158"}],"wp:featuredmedia":[{"embeddable":true,"href":"https:\/\/tavapy.gov.py\/biblioteca\/wp-json\/wp\/v2\/media\/5934"}],"wp:attachment":[{"href":"https:\/\/tavapy.gov.py\/biblioteca\/wp-json\/wp\/v2\/media?parent=6158"}],"wp:term":[{"taxonomy":"product_cat","embeddable":true,"href":"https:\/\/tavapy.gov.py\/biblioteca\/wp-json\/wp\/v2\/product_cat?post=6158"},{"taxonomy":"product_tag","embeddable":true,"href":"https:\/\/tavapy.gov.py\/biblioteca\/wp-json\/wp\/v2\/product_tag?post=6158"}],"curies":[{"name":"wp","href":"https:\/\/api.w.org\/{rel}","templated":true}]}}