{"id":6159,"date":"2023-01-18T22:18:43","date_gmt":"2023-01-18T22:18:43","guid":{"rendered":"https:\/\/tavapy.gov.py\/biblioteca\/?post_type=product&#038;p=6159"},"modified":"2023-01-18T22:18:43","modified_gmt":"2023-01-18T22:18:43","slug":"el-libro-de-las-religiones","status":"publish","type":"product","link":"https:\/\/tavapy.gov.py\/biblioteca\/product\/el-libro-de-las-religiones\/","title":{"rendered":"EL LIBRO DE LAS RELIGIONES."},"content":{"rendered":"","protected":false},"excerpt":{"rendered":"<p>\u00bfQu\u00e9 es realmente el budismo? \u00bfQu\u00e9 significa nirvana? \u00bfCu\u00e1les son las principales diferencias entre catolicismo y protestantismo? \u00bfQu\u00e9 sabemos de la Iglesia ortodoxa, tan cercana y al mismo tiempo tan distante? \u00bfProtestantismo y luteranismo son lo mismo?<\/p>\n<p>\u00bfEs verdad que el emperador de Jap\u00f3n es divino? Y del islam, tan presente en el debate social hoy en d\u00eda, \u00bfcu\u00e1l es su doctrina? \u00bfQu\u00e9 sabemos del Ej\u00e9rcito de Salvaci\u00f3n, los mormones o los cu\u00e1queros que a veces aparecen en las pel\u00edculas estadounidenses? \u00bfQu\u00e9 creencias tienen en \u00c1frica? Y los que no creen en un Dios, \u00bfen qu\u00e9 creen? \u00bfEn el humanismo, en el materialismo?<\/p>\n<p>A todas estas preguntas nos contesta este Libro de las religiones, publicado en 1.999 y que fue concebido como un \u00fatil manual para j\u00f3venes sobre el mundo de las religiones, las corrientes filos\u00f3ficas y la \u00e9tica por sus tres autores: Jostein Gaarder \u2013autor de El mundo de Sof\u00eda\u2013, Victor Hellern y Henry Notaker.<\/p>\n<p><a href=\"https:\/\/tavapy.gov.py\/biblioteca\/wp-content\/uploads\/2023\/01\/GaarderJ-El-libro-de-las-religiones.pdf\" target=\"_blank\" rel=\"attachment noopener wp-att-6109\"><img loading=\"lazy\" decoding=\"async\" class=\"size-full wp-image-6109 alignleft\" src=\"https:\/\/tavapy.gov.py\/biblioteca\/wp-content\/uploads\/2023\/01\/icono-PDF-copia-2-2.png\" alt=\"\" width=\"121\" height=\"140\" \/><\/a><\/p>\n","protected":false},"featured_media":5936,"comment_status":"open","ping_status":"closed","template":"","meta":{"spay_email":""},"product_cat":[247],"product_tag":[],"class_list":{"0":"post-6159","1":"product","2":"type-product","3":"status-publish","4":"has-post-thumbnail","6":"book_author-jostein-gaarder","7":"product_cat-historia-de-las-religiones","8":"entry"},"_links":{"self":[{"href":"https:\/\/tavapy.gov.py\/biblioteca\/wp-json\/wp\/v2\/product\/6159","targetHints":{"allow":["GET"]}}],"collection":[{"href":"https:\/\/tavapy.gov.py\/biblioteca\/wp-json\/wp\/v2\/product"}],"about":[{"href":"https:\/\/tavapy.gov.py\/biblioteca\/wp-json\/wp\/v2\/types\/product"}],"replies":[{"embeddable":true,"href":"https:\/\/tavapy.gov.py\/biblioteca\/wp-json\/wp\/v2\/comments?post=6159"}],"wp:featuredmedia":[{"embeddable":true,"href":"https:\/\/tavapy.gov.py\/biblioteca\/wp-json\/wp\/v2\/media\/5936"}],"wp:attachment":[{"href":"https:\/\/tavapy.gov.py\/biblioteca\/wp-json\/wp\/v2\/media?parent=6159"}],"wp:term":[{"taxonomy":"product_cat","embeddable":true,"href":"https:\/\/tavapy.gov.py\/biblioteca\/wp-json\/wp\/v2\/product_cat?post=6159"},{"taxonomy":"product_tag","embeddable":true,"href":"https:\/\/tavapy.gov.py\/biblioteca\/wp-json\/wp\/v2\/product_tag?post=6159"}],"curies":[{"name":"wp","href":"https:\/\/api.w.org\/{rel}","templated":true}]}}