{"id":6160,"date":"2023-01-18T22:23:13","date_gmt":"2023-01-18T22:23:13","guid":{"rendered":"https:\/\/tavapy.gov.py\/biblioteca\/?post_type=product&#038;p=6160"},"modified":"2023-01-18T22:23:13","modified_gmt":"2023-01-18T22:23:13","slug":"que-nos-hace-humanos","status":"publish","type":"product","link":"https:\/\/tavapy.gov.py\/biblioteca\/product\/que-nos-hace-humanos\/","title":{"rendered":"\u00bfQU\u00c9 NOS HACE HUMANOS?"},"content":{"rendered":"","protected":false},"excerpt":{"rendered":"<p>Michael Gazzaniga es uno de los principales neurocient\u00edficos de nuestros d\u00edas, que en esta obra nos ayuda a comprender la condici\u00f3n humana a partir del estudio de la naturaleza biol\u00f3gica, psicol\u00f3gica y altamente social de nuestra especie.<\/p>\n<p>Gazzaniga nos explica en este libro publicado en el 2.008, los fundamentos de la vida humana, de la especificidad de nuestro cerebro y c\u00f3mo, a lo largo de la evoluci\u00f3n, los circuitos cerebrales han configurado el lenguaje, la memoria, las emociones y la percepci\u00f3n, todo lo cual nos ha convertido en seres sociales, capaces de decidir sobre nuestra conducta y sobre nuestras interacciones con los dem\u00e1s.<\/p>\n<p>Esta obra pone al alcance del lector, desde un punto de vista cient\u00edfico, los elementos que constituyen nuestra condici\u00f3n humana.<\/p>\n<p><a href=\"https:\/\/tavapy.gov.py\/biblioteca\/wp-content\/uploads\/2023\/01\/GazzanigaM-\u00bfQue-nos-hace-humanos.pdf\" target=\"_blank\" rel=\"attachment noopener wp-att-6109\"><img loading=\"lazy\" decoding=\"async\" class=\"size-full wp-image-6109 alignleft\" src=\"https:\/\/tavapy.gov.py\/biblioteca\/wp-content\/uploads\/2023\/01\/icono-PDF-copia-2-2.png\" alt=\"\" width=\"121\" height=\"140\" \/><\/a><\/p>\n","protected":false},"featured_media":5938,"comment_status":"open","ping_status":"closed","template":"","meta":{"spay_email":""},"product_cat":[227],"product_tag":[],"class_list":{"0":"post-6160","1":"product","2":"type-product","3":"status-publish","4":"has-post-thumbnail","6":"book_author-michael-gazzaniga","7":"product_cat-ciencia-divulgacion-cientifica","8":"entry"},"_links":{"self":[{"href":"https:\/\/tavapy.gov.py\/biblioteca\/wp-json\/wp\/v2\/product\/6160","targetHints":{"allow":["GET"]}}],"collection":[{"href":"https:\/\/tavapy.gov.py\/biblioteca\/wp-json\/wp\/v2\/product"}],"about":[{"href":"https:\/\/tavapy.gov.py\/biblioteca\/wp-json\/wp\/v2\/types\/product"}],"replies":[{"embeddable":true,"href":"https:\/\/tavapy.gov.py\/biblioteca\/wp-json\/wp\/v2\/comments?post=6160"}],"wp:featuredmedia":[{"embeddable":true,"href":"https:\/\/tavapy.gov.py\/biblioteca\/wp-json\/wp\/v2\/media\/5938"}],"wp:attachment":[{"href":"https:\/\/tavapy.gov.py\/biblioteca\/wp-json\/wp\/v2\/media?parent=6160"}],"wp:term":[{"taxonomy":"product_cat","embeddable":true,"href":"https:\/\/tavapy.gov.py\/biblioteca\/wp-json\/wp\/v2\/product_cat?post=6160"},{"taxonomy":"product_tag","embeddable":true,"href":"https:\/\/tavapy.gov.py\/biblioteca\/wp-json\/wp\/v2\/product_tag?post=6160"}],"curies":[{"name":"wp","href":"https:\/\/api.w.org\/{rel}","templated":true}]}}