{"id":6164,"date":"2023-01-18T22:44:01","date_gmt":"2023-01-18T22:44:01","guid":{"rendered":"https:\/\/tavapy.gov.py\/biblioteca\/?post_type=product&#038;p=6164"},"modified":"2023-01-18T22:44:01","modified_gmt":"2023-01-18T22:44:01","slug":"eres-imprescindible","status":"publish","type":"product","link":"https:\/\/tavapy.gov.py\/biblioteca\/product\/eres-imprescindible\/","title":{"rendered":"\u00bfERES IMPRESCINDIBLE?"},"content":{"rendered":"","protected":false},"excerpt":{"rendered":"<p>La revoluci\u00f3n industrial se construy\u00f3 sobre una premisa fundamental: hacer que la mano de obra fuera prescindible y f\u00e1cilmente sustituible. La muerte de la industria manufacturera y la entrada en el mundo digital ha permitido que surja una nueva figura, la de los \u00abejes\u00bb, aquellas personas imprescindibles que marcan la diferencia.<br \/>\nGente capaz de convertir su conocimiento y su experiencia en el epicentro de su empresa, su negocio o sus seguidores. Creadores de opini\u00f3n, l\u00edderes musicales, creativos, emprendedores. Gente toda ella capaz de dar sentido a su trabajo, de ser imprescindibles.<br \/>\nSeth Godin nos da la motivaci\u00f3n y pautas necesarias aprovechar las oportunidades surgidas en esta nueva era y lograr as\u00ed erigirse en uno de esos ejes.<br \/>\nLa obra \u201c\u00bfEres imprescindible?\u201d fue publicada en el 2.010.<\/p>\n<p><a href=\"https:\/\/tavapy.gov.py\/biblioteca\/wp-content\/uploads\/2023\/01\/GodinS-Eres-imprescindible.pdf\" target=\"_blank\" rel=\"attachment noopener wp-att-6109\"><img loading=\"lazy\" decoding=\"async\" class=\"size-full wp-image-6109 alignleft\" src=\"https:\/\/tavapy.gov.py\/biblioteca\/wp-content\/uploads\/2023\/01\/icono-PDF-copia-2-2.png\" alt=\"\" width=\"121\" height=\"140\" \/><\/a><\/p>\n","protected":false},"featured_media":5946,"comment_status":"open","ping_status":"closed","template":"","meta":{"spay_email":""},"product_cat":[739],"product_tag":[],"class_list":{"0":"post-6164","1":"product","2":"type-product","3":"status-publish","4":"has-post-thumbnail","6":"book_author-seth-godin","7":"product_cat-empresas-recursos-humanos","8":"entry"},"_links":{"self":[{"href":"https:\/\/tavapy.gov.py\/biblioteca\/wp-json\/wp\/v2\/product\/6164","targetHints":{"allow":["GET"]}}],"collection":[{"href":"https:\/\/tavapy.gov.py\/biblioteca\/wp-json\/wp\/v2\/product"}],"about":[{"href":"https:\/\/tavapy.gov.py\/biblioteca\/wp-json\/wp\/v2\/types\/product"}],"replies":[{"embeddable":true,"href":"https:\/\/tavapy.gov.py\/biblioteca\/wp-json\/wp\/v2\/comments?post=6164"}],"wp:featuredmedia":[{"embeddable":true,"href":"https:\/\/tavapy.gov.py\/biblioteca\/wp-json\/wp\/v2\/media\/5946"}],"wp:attachment":[{"href":"https:\/\/tavapy.gov.py\/biblioteca\/wp-json\/wp\/v2\/media?parent=6164"}],"wp:term":[{"taxonomy":"product_cat","embeddable":true,"href":"https:\/\/tavapy.gov.py\/biblioteca\/wp-json\/wp\/v2\/product_cat?post=6164"},{"taxonomy":"product_tag","embeddable":true,"href":"https:\/\/tavapy.gov.py\/biblioteca\/wp-json\/wp\/v2\/product_tag?post=6164"}],"curies":[{"name":"wp","href":"https:\/\/api.w.org\/{rel}","templated":true}]}}