{"id":6165,"date":"2023-01-18T22:49:40","date_gmt":"2023-01-18T22:49:40","guid":{"rendered":"https:\/\/tavapy.gov.py\/biblioteca\/?post_type=product&#038;p=6165"},"modified":"2023-01-18T22:49:40","modified_gmt":"2023-01-18T22:49:40","slug":"todos-somos-un-poco-raros","status":"publish","type":"product","link":"https:\/\/tavapy.gov.py\/biblioteca\/product\/todos-somos-un-poco-raros\/","title":{"rendered":"TODOS SOMOS UN POCO RAROS."},"content":{"rendered":"","protected":false},"excerpt":{"rendered":"<p>Durante generaciones los empresarios, pol\u00edticos y expertos en marketing han articulado sus mensajes hacia la masa y han establecido lo que le deb\u00eda gustar y lo que ten\u00eda que comprar. El mercado de masas era, hasta hace poco, sin\u00f3nimo de ventas y beneficios.<\/p>\n<p>Pero la realidad hoy es otra: el mundo tiene m\u00e1s informaci\u00f3n, m\u00e1s opciones, m\u00e1s libertad y las posibilidades de compra se han multiplicado. Los seres humanos se organizan cada vez m\u00e1s en tribus o peque\u00f1as comunidades con gustos, aficiones, intereses e incluso, obsesiones afines.<\/p>\n<p>En \u201cTodos somos un poco raros\u201d, obra publicada en el 2.016, Godin desaf\u00eda a los profesionales del marketing y del management a aprovechar las oportunidades que ofrece esta nueva era, a no tener miedo a lo singular y a participar en esta importante revoluci\u00f3n.<\/p>\n<p><a href=\"https:\/\/tavapy.gov.py\/biblioteca\/wp-content\/uploads\/2023\/01\/GodinS-Todos-Somos-un-Poco-Raros.-El-auge-de-las-comunidades-y-el-fin-de-lo-normal.pdf\" rel=\"attachment wp-att-6109\"><img loading=\"lazy\" decoding=\"async\" class=\"size-full wp-image-6109 alignleft\" src=\"https:\/\/tavapy.gov.py\/biblioteca\/wp-content\/uploads\/2023\/01\/icono-PDF-copia-2-2.png\" alt=\"\" width=\"121\" height=\"140\" \/><\/a><\/p>\n","protected":false},"featured_media":5948,"comment_status":"open","ping_status":"closed","template":"","meta":{"spay_email":""},"product_cat":[648],"product_tag":[],"class_list":{"0":"post-6165","1":"product","2":"type-product","3":"status-publish","4":"has-post-thumbnail","6":"book_author-seth-godin","7":"product_cat-marketing-publicidad","8":"entry"},"_links":{"self":[{"href":"https:\/\/tavapy.gov.py\/biblioteca\/wp-json\/wp\/v2\/product\/6165","targetHints":{"allow":["GET"]}}],"collection":[{"href":"https:\/\/tavapy.gov.py\/biblioteca\/wp-json\/wp\/v2\/product"}],"about":[{"href":"https:\/\/tavapy.gov.py\/biblioteca\/wp-json\/wp\/v2\/types\/product"}],"replies":[{"embeddable":true,"href":"https:\/\/tavapy.gov.py\/biblioteca\/wp-json\/wp\/v2\/comments?post=6165"}],"wp:featuredmedia":[{"embeddable":true,"href":"https:\/\/tavapy.gov.py\/biblioteca\/wp-json\/wp\/v2\/media\/5948"}],"wp:attachment":[{"href":"https:\/\/tavapy.gov.py\/biblioteca\/wp-json\/wp\/v2\/media?parent=6165"}],"wp:term":[{"taxonomy":"product_cat","embeddable":true,"href":"https:\/\/tavapy.gov.py\/biblioteca\/wp-json\/wp\/v2\/product_cat?post=6165"},{"taxonomy":"product_tag","embeddable":true,"href":"https:\/\/tavapy.gov.py\/biblioteca\/wp-json\/wp\/v2\/product_tag?post=6165"}],"curies":[{"name":"wp","href":"https:\/\/api.w.org\/{rel}","templated":true}]}}