{"id":6166,"date":"2023-01-18T22:55:23","date_gmt":"2023-01-18T22:55:23","guid":{"rendered":"https:\/\/tavapy.gov.py\/biblioteca\/?post_type=product&#038;p=6166"},"modified":"2023-01-18T22:55:23","modified_gmt":"2023-01-18T22:55:23","slug":"como-invertir-en-su-cerebro","status":"publish","type":"product","link":"https:\/\/tavapy.gov.py\/biblioteca\/product\/como-invertir-en-su-cerebro\/","title":{"rendered":"C\u00d3MO INVERTIR EN SU CEREBRO."},"content":{"rendered":"","protected":false},"excerpt":{"rendered":"<p>\u00bfSab\u00eda usted que hoy se crear\u00e1n varios miles de neuronas nuevas en su cerebro? \u00bfY que lo que haga, piense y sienta hoy determinar\u00e1 tanto la supervivencia como el efecto de esas nuevas neuronas, y de las que ya ten\u00eda antes? Estos son algunos de los temas que aborda \u00abC\u00f3mo invertir en su cerebro\u00bb, el nuevo libro que recorre las \u00faltimas tendencias de un campo tan apasionante e importante como la ciencia del cerebro y la neuroplasticidad.<\/p>\n<p>Todos sabemos que debemos invertir en nuestra salud, en nuestra educaci\u00f3n, en nuestra carrera profesional o en nuestros planes de ahorro. Pero pocos sabemos por qu\u00e9 invertir, y c\u00f3mo, en nuestro recurso m\u00e1s importante: el cerebro.<\/p>\n<p>Para llenar ese vac\u00edo, \u00abC\u00f3mo invertir en su cerebro\u00bb, obra publicada en el 2.014 proporciona al lector una gu\u00eda estimulante y pr\u00e1ctica, llena de informaci\u00f3n contrastada y consejos personalizados, para mejorar el rendimiento actual y futuro de su cerebro, enriqueciendo as\u00ed su mente y su vida.<\/p>\n<p>Cualquiera que sea su objetivo, como el manejar mejor su estr\u00e9s cotidiano, aumentar su atenci\u00f3n y memoria, demostrar un mejor desempe\u00f1o en el trabajo o retrasar problemas cognitivos como la enfermedad de Alzheimer, esta obra le explicar\u00e1 al detalle como pasar de la teor\u00eda a la pr\u00e1ctica, combinando un entendimiento general con unas pautas espec\u00edficas.<\/p>\n<p>Si alguna vez ha invertido usted en su bienestar f\u00edsico, en su formaci\u00f3n acad\u00e9mica, en su matrimonio, en sus amistades o en su vivienda, quiz\u00e1 ahora sea el momento de preguntarse c\u00f3mo puede invertir en su cerebro.<\/p>\n<p><a href=\"https:\/\/tavapy.gov.py\/biblioteca\/wp-content\/uploads\/2023\/01\/GoldbergE-Como-invertir-en-su-cerebro.pdf\" target=\"_blank\" rel=\"attachment noopener wp-att-6109\"><img loading=\"lazy\" decoding=\"async\" class=\"size-full wp-image-6109 alignleft\" src=\"https:\/\/tavapy.gov.py\/biblioteca\/wp-content\/uploads\/2023\/01\/icono-PDF-copia-2-2.png\" alt=\"\" width=\"121\" height=\"140\" \/><\/a><\/p>\n","protected":false},"featured_media":5950,"comment_status":"open","ping_status":"closed","template":"","meta":{"spay_email":""},"product_cat":[129],"product_tag":[],"class_list":{"0":"post-6166","1":"product","2":"type-product","3":"status-publish","4":"has-post-thumbnail","6":"book_author-elkhonon-goldberg","7":"product_cat-neurociencia","8":"entry"},"_links":{"self":[{"href":"https:\/\/tavapy.gov.py\/biblioteca\/wp-json\/wp\/v2\/product\/6166","targetHints":{"allow":["GET"]}}],"collection":[{"href":"https:\/\/tavapy.gov.py\/biblioteca\/wp-json\/wp\/v2\/product"}],"about":[{"href":"https:\/\/tavapy.gov.py\/biblioteca\/wp-json\/wp\/v2\/types\/product"}],"replies":[{"embeddable":true,"href":"https:\/\/tavapy.gov.py\/biblioteca\/wp-json\/wp\/v2\/comments?post=6166"}],"wp:featuredmedia":[{"embeddable":true,"href":"https:\/\/tavapy.gov.py\/biblioteca\/wp-json\/wp\/v2\/media\/5950"}],"wp:attachment":[{"href":"https:\/\/tavapy.gov.py\/biblioteca\/wp-json\/wp\/v2\/media?parent=6166"}],"wp:term":[{"taxonomy":"product_cat","embeddable":true,"href":"https:\/\/tavapy.gov.py\/biblioteca\/wp-json\/wp\/v2\/product_cat?post=6166"},{"taxonomy":"product_tag","embeddable":true,"href":"https:\/\/tavapy.gov.py\/biblioteca\/wp-json\/wp\/v2\/product_tag?post=6166"}],"curies":[{"name":"wp","href":"https:\/\/api.w.org\/{rel}","templated":true}]}}