{"id":6167,"date":"2023-01-18T23:01:25","date_gmt":"2023-01-18T23:01:25","guid":{"rendered":"https:\/\/tavapy.gov.py\/biblioteca\/?post_type=product&#038;p=6167"},"modified":"2023-01-18T23:01:25","modified_gmt":"2023-01-18T23:01:25","slug":"creatividad-el-cerebro-humano-en-la-era-de-la-innovacion","status":"publish","type":"product","link":"https:\/\/tavapy.gov.py\/biblioteca\/product\/creatividad-el-cerebro-humano-en-la-era-de-la-innovacion\/","title":{"rendered":"CREATIVIDAD: EL CEREBRO HUMANO EN LA ERA DE LA INNOVACI\u00d3N."},"content":{"rendered":"","protected":false},"excerpt":{"rendered":"<p>\u00bfCu\u00e1les son los procesos cerebrales detr\u00e1s de la creatividad humana? \u00bfCu\u00e1les son sus ra\u00edces evolutivas? \u00bfC\u00f3mo ayuda la cultura a moldear la creatividad individual?<\/p>\n<p>Creatividad, obra publicada en el 2.018 es el primer libro que aborda estas y otras preguntas de una manera rigurosa y atractiva: Goldberg, neurocient\u00edfico y neuropsic\u00f3logo, se basa en los \u00faltimos descubrimientos de la investigaci\u00f3n del cerebro y en sus propios puntos de vista para unificar historia, cultura y evoluci\u00f3n hasta llegar a una original y a veces provocativa comprensi\u00f3n de la naturaleza de la creatividad humana.<\/p>\n<p>Los or\u00edgenes del lenguaje, la naturaleza de varios trastornos neurol\u00f3gicos, la cognici\u00f3n animal, la realidad virtual e incluso la inteligencia artificial aparecen en esta obra que viaja desde la antig\u00fcedad hasta el futuro y desde Europa occidental hasta el sudeste asi\u00e1tico.<\/p>\n<p><a href=\"https:\/\/tavapy.gov.py\/biblioteca\/wp-content\/uploads\/2023\/01\/GoldbergE-Creatividad-el-cerebro-humano-en-la-era-de-la-innovacion.pdf\" target=\"_blank\" rel=\"attachment noopener wp-att-6109\"><img loading=\"lazy\" decoding=\"async\" class=\"size-full wp-image-6109 alignleft\" src=\"https:\/\/tavapy.gov.py\/biblioteca\/wp-content\/uploads\/2023\/01\/icono-PDF-copia-2-2.png\" alt=\"\" width=\"121\" height=\"140\" \/><\/a><\/p>\n","protected":false},"featured_media":5952,"comment_status":"open","ping_status":"closed","template":"","meta":{"spay_email":""},"product_cat":[361],"product_tag":[],"class_list":{"0":"post-6167","1":"product","2":"type-product","3":"status-publish","4":"has-post-thumbnail","6":"book_author-elkhonon-goldberg","7":"product_cat-neurociencia-psicologia","8":"entry"},"_links":{"self":[{"href":"https:\/\/tavapy.gov.py\/biblioteca\/wp-json\/wp\/v2\/product\/6167","targetHints":{"allow":["GET"]}}],"collection":[{"href":"https:\/\/tavapy.gov.py\/biblioteca\/wp-json\/wp\/v2\/product"}],"about":[{"href":"https:\/\/tavapy.gov.py\/biblioteca\/wp-json\/wp\/v2\/types\/product"}],"replies":[{"embeddable":true,"href":"https:\/\/tavapy.gov.py\/biblioteca\/wp-json\/wp\/v2\/comments?post=6167"}],"wp:featuredmedia":[{"embeddable":true,"href":"https:\/\/tavapy.gov.py\/biblioteca\/wp-json\/wp\/v2\/media\/5952"}],"wp:attachment":[{"href":"https:\/\/tavapy.gov.py\/biblioteca\/wp-json\/wp\/v2\/media?parent=6167"}],"wp:term":[{"taxonomy":"product_cat","embeddable":true,"href":"https:\/\/tavapy.gov.py\/biblioteca\/wp-json\/wp\/v2\/product_cat?post=6167"},{"taxonomy":"product_tag","embeddable":true,"href":"https:\/\/tavapy.gov.py\/biblioteca\/wp-json\/wp\/v2\/product_tag?post=6167"}],"curies":[{"name":"wp","href":"https:\/\/api.w.org\/{rel}","templated":true}]}}