{"id":6168,"date":"2023-01-18T23:06:55","date_gmt":"2023-01-18T23:06:55","guid":{"rendered":"https:\/\/tavapy.gov.py\/biblioteca\/?post_type=product&#038;p=6168"},"modified":"2023-01-18T23:06:55","modified_gmt":"2023-01-18T23:06:55","slug":"aprender-y-ensenar-ciencias","status":"publish","type":"product","link":"https:\/\/tavapy.gov.py\/biblioteca\/product\/aprender-y-ensenar-ciencias\/","title":{"rendered":"APRENDER Y ENSE\u00d1AR CIENCIAS."},"content":{"rendered":"","protected":false},"excerpt":{"rendered":"<p>Este documento publicado en el 2.008 constituye un aporte para la reflexi\u00f3n sobre la ense\u00f1anza de las ciencias en el marco del IV Foro Latinoamericano de Educaci\u00f3n organizado por la Fundaci\u00f3n Santillana, bajo el lema Aprender y ense\u00f1ar ciencias. Desaf\u00edos, estrategias y oportunidades.<\/p>\n<p>El tema de este Foro no podr\u00eda ser de mayor actualidad, dada la creciente importancia que se le est\u00e1 otorgando a la ciencia, as\u00ed como a la educaci\u00f3n y la alfabetizaci\u00f3n cient\u00edficas no solo en la regi\u00f3n sino tambi\u00e9n en el resto del mundo.<\/p>\n<p>Al respecto, cabe destacar que 2008 ha sido declarado A\u00f1o de la Ense\u00f1anza de las Ciencias en la Rep\u00fablica Argentina, un hecho que no solamente dista de ser simb\u00f3lico sino que cristaliza una genuina preocupaci\u00f3n por la crisis en el \u00e1rea, por cuyas falencias sufre no solo el campo profesional espec\u00edfico sino toda la ciudadan\u00eda.<\/p>\n<p><a href=\"https:\/\/tavapy.gov.py\/biblioteca\/wp-content\/uploads\/2023\/01\/GolombekD-Aprender-y-ensenar-ciencias-Del-laboratorio-al-aula-y-viceversa.pdf\" target=\"_blank\" rel=\"attachment noopener wp-att-6109\"><img loading=\"lazy\" decoding=\"async\" class=\"size-full wp-image-6109 alignleft\" src=\"https:\/\/tavapy.gov.py\/biblioteca\/wp-content\/uploads\/2023\/01\/icono-PDF-copia-2-2.png\" alt=\"\" width=\"121\" height=\"140\" \/><\/a><\/p>\n","protected":false},"featured_media":5954,"comment_status":"open","ping_status":"closed","template":"","meta":{"spay_email":""},"product_cat":[740],"product_tag":[],"class_list":{"0":"post-6168","1":"product","2":"type-product","3":"status-publish","4":"has-post-thumbnail","6":"book_author-diego-golombek","7":"product_cat-ciencias-educacion","8":"entry"},"_links":{"self":[{"href":"https:\/\/tavapy.gov.py\/biblioteca\/wp-json\/wp\/v2\/product\/6168","targetHints":{"allow":["GET"]}}],"collection":[{"href":"https:\/\/tavapy.gov.py\/biblioteca\/wp-json\/wp\/v2\/product"}],"about":[{"href":"https:\/\/tavapy.gov.py\/biblioteca\/wp-json\/wp\/v2\/types\/product"}],"replies":[{"embeddable":true,"href":"https:\/\/tavapy.gov.py\/biblioteca\/wp-json\/wp\/v2\/comments?post=6168"}],"wp:featuredmedia":[{"embeddable":true,"href":"https:\/\/tavapy.gov.py\/biblioteca\/wp-json\/wp\/v2\/media\/5954"}],"wp:attachment":[{"href":"https:\/\/tavapy.gov.py\/biblioteca\/wp-json\/wp\/v2\/media?parent=6168"}],"wp:term":[{"taxonomy":"product_cat","embeddable":true,"href":"https:\/\/tavapy.gov.py\/biblioteca\/wp-json\/wp\/v2\/product_cat?post=6168"},{"taxonomy":"product_tag","embeddable":true,"href":"https:\/\/tavapy.gov.py\/biblioteca\/wp-json\/wp\/v2\/product_tag?post=6168"}],"curies":[{"name":"wp","href":"https:\/\/api.w.org\/{rel}","templated":true}]}}