{"id":6171,"date":"2023-01-18T23:39:51","date_gmt":"2023-01-18T23:39:51","guid":{"rendered":"https:\/\/tavapy.gov.py\/biblioteca\/?post_type=product&#038;p=6171"},"modified":"2023-01-18T23:39:51","modified_gmt":"2023-01-18T23:39:51","slug":"las-leyes-de-la-naturaleza-humana","status":"publish","type":"product","link":"https:\/\/tavapy.gov.py\/biblioteca\/product\/las-leyes-de-la-naturaleza-humana\/","title":{"rendered":"LAS LEYES DE LA NATURALEZA HUMANA."},"content":{"rendered":"","protected":false},"excerpt":{"rendered":"<p>La naturaleza humana es m\u00e1s fuerte que cualquier individuo, instituci\u00f3n o tecnolog\u00eda. Dirige nuestras obras y nos mueve como peones de ajedrez. Ignorar\u00e1s sus leyes bajo tu propio riesgo.<\/p>\n<p>Como animales sociales, nuestras vidas dependen de las relaciones que forjamos. Por eso no bastan nuestro talento, cono-cimiento y formaci\u00f3n: saber por qu\u00e9 la gente hace lo que hace es la herramienta m\u00e1s importante que podemos dominar.<\/p>\n<p>A partir de las ideas de personajes hist\u00f3ricos tan diversos como Pericles, Isabel I y Martin Luther King Jr., el celebrado escritor Robert Greene nos ense\u00f1a c\u00f3mo controlar nuestras emociones, c\u00f3mo leer mejor las intenciones de los dem\u00e1s, c\u00f3mo desarrollar la empat\u00eda para servir a nuestros prop\u00f3sitos, c\u00f3mo ver detr\u00e1s de las m\u00e1scaras y c\u00f3mo modificar nuestros comportamientos negativos.<\/p>\n<p>Las leyes de la naturaleza humana, obra publicada en el 2.018 es la obra maestra de un autor que ha comunicado a millones de lectores las ense\u00f1anzas de siglos de historia y filosof\u00eda. Un tratado indispensable para aprender las mejores t\u00e1cticas del autoconocimiento, el \u00e9xito y la autodefensa.<\/p>\n<p><a href=\"https:\/\/tavapy.gov.py\/biblioteca\/wp-content\/uploads\/2023\/01\/GreeneR-Las-leyes-de-la-naturaleza-humana.pdf\" target=\"_blank\" rel=\"attachment noopener wp-att-6109\"><img loading=\"lazy\" decoding=\"async\" class=\"size-full wp-image-6109 alignleft\" src=\"https:\/\/tavapy.gov.py\/biblioteca\/wp-content\/uploads\/2023\/01\/icono-PDF-copia-2-2.png\" alt=\"\" width=\"121\" height=\"140\" \/><\/a><\/p>\n","protected":false},"featured_media":5960,"comment_status":"open","ping_status":"closed","template":"","meta":{"spay_email":""},"product_cat":[743],"product_tag":[],"class_list":{"0":"post-6171","1":"product","2":"type-product","3":"status-publish","4":"has-post-thumbnail","6":"book_author-robert-greene","7":"product_cat-autoayuda-psicologia-superacion-personal","8":"entry"},"_links":{"self":[{"href":"https:\/\/tavapy.gov.py\/biblioteca\/wp-json\/wp\/v2\/product\/6171","targetHints":{"allow":["GET"]}}],"collection":[{"href":"https:\/\/tavapy.gov.py\/biblioteca\/wp-json\/wp\/v2\/product"}],"about":[{"href":"https:\/\/tavapy.gov.py\/biblioteca\/wp-json\/wp\/v2\/types\/product"}],"replies":[{"embeddable":true,"href":"https:\/\/tavapy.gov.py\/biblioteca\/wp-json\/wp\/v2\/comments?post=6171"}],"wp:featuredmedia":[{"embeddable":true,"href":"https:\/\/tavapy.gov.py\/biblioteca\/wp-json\/wp\/v2\/media\/5960"}],"wp:attachment":[{"href":"https:\/\/tavapy.gov.py\/biblioteca\/wp-json\/wp\/v2\/media?parent=6171"}],"wp:term":[{"taxonomy":"product_cat","embeddable":true,"href":"https:\/\/tavapy.gov.py\/biblioteca\/wp-json\/wp\/v2\/product_cat?post=6171"},{"taxonomy":"product_tag","embeddable":true,"href":"https:\/\/tavapy.gov.py\/biblioteca\/wp-json\/wp\/v2\/product_tag?post=6171"}],"curies":[{"name":"wp","href":"https:\/\/api.w.org\/{rel}","templated":true}]}}