{"id":6172,"date":"2023-01-18T23:45:59","date_gmt":"2023-01-18T23:45:59","guid":{"rendered":"https:\/\/tavapy.gov.py\/biblioteca\/?post_type=product&#038;p=6172"},"modified":"2023-01-18T23:45:59","modified_gmt":"2023-01-18T23:45:59","slug":"maestria","status":"publish","type":"product","link":"https:\/\/tavapy.gov.py\/biblioteca\/product\/maestria\/","title":{"rendered":"MAESTR\u00cdA."},"content":{"rendered":"","protected":false},"excerpt":{"rendered":"<p>Para Robert Greene, el aclamado autor de Las 48 leyes del poder, todos tenemos la posibilidad de desarrollar nuestras facultades e inteligencia para lograr la maestr\u00eda. \u00c9sta representa el punto m\u00e1s alto del potencial humano y es la fuente de los mayores logros y descubrimientos.<\/p>\n<p>El libro Maestr\u00eda publicado en el 2.012 desmiente de manera definitiva muchos mitos sobre el genio, demostrando que cada uno de nosotros, sin importar su sexo, clase social o condici\u00f3n econ\u00f3mica, lleva en su interior la semilla para ser un maestro si decide seguir el camino que lleva a la grandeza. La vocaci\u00f3n, el aprendizaje y la pr\u00e1ctica m\u00e1s rigurosa se unen para impulsarnos hasta alcanzar la cima.<\/p>\n<p><a href=\"https:\/\/tavapy.gov.py\/biblioteca\/wp-content\/uploads\/2023\/01\/GreeneR-Maestria.pdf\" target=\"_blank\" rel=\"attachment noopener wp-att-6109\"><img loading=\"lazy\" decoding=\"async\" class=\"size-full wp-image-6109 alignleft\" src=\"https:\/\/tavapy.gov.py\/biblioteca\/wp-content\/uploads\/2023\/01\/icono-PDF-copia-2-2.png\" alt=\"\" width=\"121\" height=\"140\" \/><\/a><\/p>\n","protected":false},"featured_media":5962,"comment_status":"open","ping_status":"closed","template":"","meta":{"spay_email":""},"product_cat":[743],"product_tag":[],"class_list":{"0":"post-6172","1":"product","2":"type-product","3":"status-publish","4":"has-post-thumbnail","6":"book_author-robert-greene","7":"product_cat-autoayuda-psicologia-superacion-personal","8":"entry"},"_links":{"self":[{"href":"https:\/\/tavapy.gov.py\/biblioteca\/wp-json\/wp\/v2\/product\/6172","targetHints":{"allow":["GET"]}}],"collection":[{"href":"https:\/\/tavapy.gov.py\/biblioteca\/wp-json\/wp\/v2\/product"}],"about":[{"href":"https:\/\/tavapy.gov.py\/biblioteca\/wp-json\/wp\/v2\/types\/product"}],"replies":[{"embeddable":true,"href":"https:\/\/tavapy.gov.py\/biblioteca\/wp-json\/wp\/v2\/comments?post=6172"}],"wp:featuredmedia":[{"embeddable":true,"href":"https:\/\/tavapy.gov.py\/biblioteca\/wp-json\/wp\/v2\/media\/5962"}],"wp:attachment":[{"href":"https:\/\/tavapy.gov.py\/biblioteca\/wp-json\/wp\/v2\/media?parent=6172"}],"wp:term":[{"taxonomy":"product_cat","embeddable":true,"href":"https:\/\/tavapy.gov.py\/biblioteca\/wp-json\/wp\/v2\/product_cat?post=6172"},{"taxonomy":"product_tag","embeddable":true,"href":"https:\/\/tavapy.gov.py\/biblioteca\/wp-json\/wp\/v2\/product_tag?post=6172"}],"curies":[{"name":"wp","href":"https:\/\/api.w.org\/{rel}","templated":true}]}}