{"id":6173,"date":"2023-01-18T23:49:58","date_gmt":"2023-01-18T23:49:58","guid":{"rendered":"https:\/\/tavapy.gov.py\/biblioteca\/?post_type=product&#038;p=6173"},"modified":"2023-01-18T23:49:58","modified_gmt":"2023-01-18T23:49:58","slug":"amor-de-invierno","status":"publish","type":"product","link":"https:\/\/tavapy.gov.py\/biblioteca\/product\/amor-de-invierno\/","title":{"rendered":"AMOR DE INVIERNO."},"content":{"rendered":"","protected":false},"excerpt":{"rendered":"<p>La novela relata el amor surgido entre Sara una anciana de casi ochenta a\u00f1os, alegre, dicharachera, inquieta, y Miguel de igual edad, serio, \u00abtieso, formal, viudo, que en el surgimiento de un amor \u00abinvernal\u00bb, ya al final de sus vidas, encuentran esperanzas y fuerzas para seguir viviendo.<\/p>\n<p>Tras escuchar un pedido de ayuda acuden al Hospital de Cl\u00ednicas de Asunci\u00f3n, se encuentran con que la persona para la cual era solicitada la ayuda es una joven madre que acaba de fallecer, dejando a una ni\u00f1ita reci\u00e9n nacida. Conmovidos por la situaci\u00f3n y a instancias de la enfermera se embarcan en la tarea de la adopci\u00f3n de la peque\u00f1a.<\/p>\n<p>\u201cAmor de invierno\u201d es una obra que fue publicada en 1.990.<\/p>\n<p><a href=\"https:\/\/tavapy.gov.py\/biblioteca\/wp-content\/uploads\/2023\/01\/Halley-MoraM-Amor-de-invierno.pdf\" target=\"_blank\" rel=\"attachment noopener wp-att-6109\"><img loading=\"lazy\" decoding=\"async\" class=\"size-full wp-image-6109 alignleft\" src=\"https:\/\/tavapy.gov.py\/biblioteca\/wp-content\/uploads\/2023\/01\/icono-PDF-copia-2-2.png\" alt=\"\" width=\"121\" height=\"140\" \/><\/a><\/p>\n","protected":false},"featured_media":5964,"comment_status":"open","ping_status":"closed","template":"","meta":{"spay_email":""},"product_cat":[57],"product_tag":[],"class_list":{"0":"post-6173","1":"product","2":"type-product","3":"status-publish","4":"has-post-thumbnail","6":"book_author-mario-halley-mora","7":"product_cat-novela","8":"entry"},"_links":{"self":[{"href":"https:\/\/tavapy.gov.py\/biblioteca\/wp-json\/wp\/v2\/product\/6173","targetHints":{"allow":["GET"]}}],"collection":[{"href":"https:\/\/tavapy.gov.py\/biblioteca\/wp-json\/wp\/v2\/product"}],"about":[{"href":"https:\/\/tavapy.gov.py\/biblioteca\/wp-json\/wp\/v2\/types\/product"}],"replies":[{"embeddable":true,"href":"https:\/\/tavapy.gov.py\/biblioteca\/wp-json\/wp\/v2\/comments?post=6173"}],"wp:featuredmedia":[{"embeddable":true,"href":"https:\/\/tavapy.gov.py\/biblioteca\/wp-json\/wp\/v2\/media\/5964"}],"wp:attachment":[{"href":"https:\/\/tavapy.gov.py\/biblioteca\/wp-json\/wp\/v2\/media?parent=6173"}],"wp:term":[{"taxonomy":"product_cat","embeddable":true,"href":"https:\/\/tavapy.gov.py\/biblioteca\/wp-json\/wp\/v2\/product_cat?post=6173"},{"taxonomy":"product_tag","embeddable":true,"href":"https:\/\/tavapy.gov.py\/biblioteca\/wp-json\/wp\/v2\/product_tag?post=6173"}],"curies":[{"name":"wp","href":"https:\/\/api.w.org\/{rel}","templated":true}]}}