{"id":6174,"date":"2023-01-18T23:54:53","date_gmt":"2023-01-18T23:54:53","guid":{"rendered":"https:\/\/tavapy.gov.py\/biblioteca\/?post_type=product&#038;p=6174"},"modified":"2023-01-18T23:54:54","modified_gmt":"2023-01-18T23:54:54","slug":"el-principio-vida-hacia-una-biologia-filosofica","status":"publish","type":"product","link":"https:\/\/tavapy.gov.py\/biblioteca\/product\/el-principio-vida-hacia-una-biologia-filosofica\/","title":{"rendered":"EL PRINCIPIO VIDA: HACIA UNA BIOLOG\u00cdA FILOS\u00d3FICA."},"content":{"rendered":"","protected":false},"excerpt":{"rendered":"<p>Hans Jonas, cuyas publicaciones sobre antropolog\u00eda filos\u00f3fica han dado en las \u00faltimas d\u00e9cadas un impulso fundamental a la discusi\u00f3n ideol\u00f3gica internacional, desarrolla en El principio vida una concepci\u00f3n del mundo org\u00e1nico que intenta superar la divisi\u00f3n entre lo intelectual y lo material (esp\u00edritu y materia), que desde Descartes es la base de las ciencias y la filosof\u00eda. Se esfuerza as\u00ed en superar tanto los l\u00edmites antropoc\u00e9ntricos de la filosof\u00eda idealista y existencialista como los l\u00edmites materialistas de la ciencia natural.<\/p>\n<p>La descripci\u00f3n e interpretaci\u00f3n filos\u00f3ficas de las facultades y funciones org\u00e1nicas demuestra que \u00ablo org\u00e1nico\u00bb preconfigura ya en sus formas m\u00e1s elementales \u00ablo espiritual\u00bb, y que el esp\u00edritu, aun en sus m\u00e1s elevadas expresiones, contin\u00faa siendo parte de lo org\u00e1nico. Llevado a su f\u00f3rmula m\u00e1s escueta, este libro ofrece una interpretaci\u00f3n ontol\u00f3gica de fen\u00f3menos biol\u00f3gicos.<\/p>\n<p>La lectura filos\u00f3fica del texto biol\u00f3gico puede recuperar la dimensi\u00f3n interna de la comprensi\u00f3n de los fen\u00f3menos org\u00e1nicos y hacer que la unidad f\u00edsico-ps\u00edquica de la vida regrese al lugar central en la totalidad te\u00f3rica que hab\u00eda perdido desde hace tiempo. El provecho para la comprensi\u00f3n de lo org\u00e1nico ser\u00e1 as\u00ed tambi\u00e9n un beneficio para la comprensi\u00f3n de lo humano.<\/p>\n<p>La obra \u201cEl principio vida: hacia una biolog\u00eda filos\u00f3fica\u201d fue publicada en el 2.000.<\/p>\n<p><a href=\"https:\/\/tavapy.gov.py\/biblioteca\/wp-content\/uploads\/2023\/01\/JonasH-El-principio-vida.pdf\" target=\"_blank\" rel=\"attachment noopener wp-att-6109\"><img loading=\"lazy\" decoding=\"async\" class=\"size-full wp-image-6109 alignleft\" src=\"https:\/\/tavapy.gov.py\/biblioteca\/wp-content\/uploads\/2023\/01\/icono-PDF-copia-2-2.png\" alt=\"\" width=\"121\" height=\"140\" \/><\/a><\/p>\n","protected":false},"featured_media":5966,"comment_status":"open","ping_status":"closed","template":"","meta":{"spay_email":""},"product_cat":[744],"product_tag":[],"class_list":{"0":"post-6174","1":"product","2":"type-product","3":"status-publish","4":"has-post-thumbnail","6":"book_author-hans-jonas","7":"product_cat-filosofia-ontologia","8":"entry"},"_links":{"self":[{"href":"https:\/\/tavapy.gov.py\/biblioteca\/wp-json\/wp\/v2\/product\/6174","targetHints":{"allow":["GET"]}}],"collection":[{"href":"https:\/\/tavapy.gov.py\/biblioteca\/wp-json\/wp\/v2\/product"}],"about":[{"href":"https:\/\/tavapy.gov.py\/biblioteca\/wp-json\/wp\/v2\/types\/product"}],"replies":[{"embeddable":true,"href":"https:\/\/tavapy.gov.py\/biblioteca\/wp-json\/wp\/v2\/comments?post=6174"}],"wp:featuredmedia":[{"embeddable":true,"href":"https:\/\/tavapy.gov.py\/biblioteca\/wp-json\/wp\/v2\/media\/5966"}],"wp:attachment":[{"href":"https:\/\/tavapy.gov.py\/biblioteca\/wp-json\/wp\/v2\/media?parent=6174"}],"wp:term":[{"taxonomy":"product_cat","embeddable":true,"href":"https:\/\/tavapy.gov.py\/biblioteca\/wp-json\/wp\/v2\/product_cat?post=6174"},{"taxonomy":"product_tag","embeddable":true,"href":"https:\/\/tavapy.gov.py\/biblioteca\/wp-json\/wp\/v2\/product_tag?post=6174"}],"curies":[{"name":"wp","href":"https:\/\/api.w.org\/{rel}","templated":true}]}}