{"id":6175,"date":"2023-01-18T23:59:24","date_gmt":"2023-01-18T23:59:24","guid":{"rendered":"https:\/\/tavapy.gov.py\/biblioteca\/?post_type=product&#038;p=6175"},"modified":"2023-01-18T23:59:24","modified_gmt":"2023-01-18T23:59:24","slug":"recuerdos-suenos-pensamientos","status":"publish","type":"product","link":"https:\/\/tavapy.gov.py\/biblioteca\/product\/recuerdos-suenos-pensamientos\/","title":{"rendered":"RECUERDOS, SUE\u00d1OS, PENSAMIENTOS."},"content":{"rendered":"","protected":false},"excerpt":{"rendered":"<p>Un testamento vital para entender a una figura capital de la psicolog\u00eda y el pensamiento moderno del siglo XX.<\/p>\n<p>En la primavera de 1957, cuando contaba ochenta y un a\u00f1os, Carl Gustav Jung emprendi\u00f3 el relato de su vida con la ayuda de su colega y amiga Aniela Jaff\u00e9. Pero en estas memorias las an\u00e9cdotas se ponen al servicio exclusivo de su concepci\u00f3n del inconsciente y del hombre.<\/p>\n<p>No se recogen encuentros con otras celebridades ni se pronuncian discursos sobre el curso del mundo. En estas p\u00e1ginas conoceremos los a\u00f1os de formaci\u00f3n, su ambivalente relaci\u00f3n con Freud, los viajes y los descubrimientos, y la gestaci\u00f3n de su religiosidad.<\/p>\n<p>La obra \u201cRecuerdos, sue\u00f1os, pensamientos\u201d fue publicada en 1.961.<\/p>\n<p><a href=\"https:\/\/tavapy.gov.py\/biblioteca\/wp-content\/uploads\/2023\/01\/JungC-Recuerdos-suenos-pensamientos.pdf\" target=\"_blank\" rel=\"attachment noopener wp-att-6109\"><img loading=\"lazy\" decoding=\"async\" class=\"size-full wp-image-6109 alignleft\" src=\"https:\/\/tavapy.gov.py\/biblioteca\/wp-content\/uploads\/2023\/01\/icono-PDF-copia-2-2.png\" alt=\"\" width=\"121\" height=\"140\" \/><\/a><\/p>\n","protected":false},"featured_media":5968,"comment_status":"open","ping_status":"closed","template":"","meta":{"spay_email":""},"product_cat":[475],"product_tag":[],"class_list":{"0":"post-6175","1":"product","2":"type-product","3":"status-publish","4":"has-post-thumbnail","6":"book_author-carl-jung","7":"product_cat-psicologia-psicoanalisis","8":"entry"},"_links":{"self":[{"href":"https:\/\/tavapy.gov.py\/biblioteca\/wp-json\/wp\/v2\/product\/6175","targetHints":{"allow":["GET"]}}],"collection":[{"href":"https:\/\/tavapy.gov.py\/biblioteca\/wp-json\/wp\/v2\/product"}],"about":[{"href":"https:\/\/tavapy.gov.py\/biblioteca\/wp-json\/wp\/v2\/types\/product"}],"replies":[{"embeddable":true,"href":"https:\/\/tavapy.gov.py\/biblioteca\/wp-json\/wp\/v2\/comments?post=6175"}],"wp:featuredmedia":[{"embeddable":true,"href":"https:\/\/tavapy.gov.py\/biblioteca\/wp-json\/wp\/v2\/media\/5968"}],"wp:attachment":[{"href":"https:\/\/tavapy.gov.py\/biblioteca\/wp-json\/wp\/v2\/media?parent=6175"}],"wp:term":[{"taxonomy":"product_cat","embeddable":true,"href":"https:\/\/tavapy.gov.py\/biblioteca\/wp-json\/wp\/v2\/product_cat?post=6175"},{"taxonomy":"product_tag","embeddable":true,"href":"https:\/\/tavapy.gov.py\/biblioteca\/wp-json\/wp\/v2\/product_tag?post=6175"}],"curies":[{"name":"wp","href":"https:\/\/api.w.org\/{rel}","templated":true}]}}