{"id":6176,"date":"2023-01-19T00:05:19","date_gmt":"2023-01-19T00:05:19","guid":{"rendered":"https:\/\/tavapy.gov.py\/biblioteca\/?post_type=product&#038;p=6176"},"modified":"2023-01-19T00:05:20","modified_gmt":"2023-01-19T00:05:20","slug":"la-dinamica-de-lo-inconsciente","status":"publish","type":"product","link":"https:\/\/tavapy.gov.py\/biblioteca\/product\/la-dinamica-de-lo-inconsciente\/","title":{"rendered":"LA DIN\u00c1MICA DE LO INCONSCIENTE."},"content":{"rendered":"","protected":false},"excerpt":{"rendered":"<p>La din\u00e1mica de lo inconsciente es un conjunto de obras de Carl Gustav Jung incluidas en el octavo volumen de su Obra completa y fue publicado en 1.960.<\/p>\n<p>La obra incluye el siguiente contenido: 1. Sobre la energ\u00e9tica del alma 2. La funci\u00f3n transcendente 3. Consideraciones generales sobre la teor\u00eda de los complejos 4. El significado de la constituci\u00f3n y la herencia para la psicolog\u00eda 5. Determinantes psicol\u00f3gicos del comportamiento humano 6. Instinto e inconsciente 7. La estructura del alma 8. Consideraciones te\u00f3ricas acerca de la esencia de lo ps\u00edquico 9. Puntos de vista generales acerca de la psicolog\u00eda de los sue\u00f1os 10. De la esencia de los sue\u00f1os.<\/p>\n<ol start=\"11\">\n<li>Los fundamentos psicol\u00f3gicos de la creencia en los esp\u00edritus 12. Esp\u00edritu y vida 13. El problema fundamental de la psicolog\u00eda actual 14. Psicolog\u00eda anal\u00edtica y cosmovisi\u00f3n 15. Realidad y suprarrealidad 16. El punto de inflexi\u00f3n de la vida 17. Alma y muerte 18. Sincronicidad como principio de conexiones acausales 19. Sobre sincronicidad.<\/li>\n<\/ol>\n<p><a href=\"https:\/\/tavapy.gov.py\/biblioteca\/wp-content\/uploads\/2023\/01\/JungCarl-La-dinamica-de-lo-inconsciente.pdf\" target=\"_blank\" rel=\"attachment noopener wp-att-6109\"><img loading=\"lazy\" decoding=\"async\" class=\"size-full wp-image-6109 alignleft\" src=\"https:\/\/tavapy.gov.py\/biblioteca\/wp-content\/uploads\/2023\/01\/icono-PDF-copia-2-2.png\" alt=\"\" width=\"121\" height=\"140\" \/><\/a><\/p>\n","protected":false},"featured_media":5970,"comment_status":"open","ping_status":"closed","template":"","meta":{"spay_email":""},"product_cat":[475],"product_tag":[],"class_list":{"0":"post-6176","1":"product","2":"type-product","3":"status-publish","4":"has-post-thumbnail","6":"book_author-carl-jung","7":"product_cat-psicologia-psicoanalisis","8":"entry"},"_links":{"self":[{"href":"https:\/\/tavapy.gov.py\/biblioteca\/wp-json\/wp\/v2\/product\/6176","targetHints":{"allow":["GET"]}}],"collection":[{"href":"https:\/\/tavapy.gov.py\/biblioteca\/wp-json\/wp\/v2\/product"}],"about":[{"href":"https:\/\/tavapy.gov.py\/biblioteca\/wp-json\/wp\/v2\/types\/product"}],"replies":[{"embeddable":true,"href":"https:\/\/tavapy.gov.py\/biblioteca\/wp-json\/wp\/v2\/comments?post=6176"}],"wp:featuredmedia":[{"embeddable":true,"href":"https:\/\/tavapy.gov.py\/biblioteca\/wp-json\/wp\/v2\/media\/5970"}],"wp:attachment":[{"href":"https:\/\/tavapy.gov.py\/biblioteca\/wp-json\/wp\/v2\/media?parent=6176"}],"wp:term":[{"taxonomy":"product_cat","embeddable":true,"href":"https:\/\/tavapy.gov.py\/biblioteca\/wp-json\/wp\/v2\/product_cat?post=6176"},{"taxonomy":"product_tag","embeddable":true,"href":"https:\/\/tavapy.gov.py\/biblioteca\/wp-json\/wp\/v2\/product_tag?post=6176"}],"curies":[{"name":"wp","href":"https:\/\/api.w.org\/{rel}","templated":true}]}}