{"id":6177,"date":"2023-01-19T00:09:22","date_gmt":"2023-01-19T00:09:22","guid":{"rendered":"https:\/\/tavapy.gov.py\/biblioteca\/?post_type=product&#038;p=6177"},"modified":"2023-01-19T00:09:22","modified_gmt":"2023-01-19T00:09:22","slug":"el-castillo","status":"publish","type":"product","link":"https:\/\/tavapy.gov.py\/biblioteca\/product\/el-castillo\/","title":{"rendered":"EL CASTILLO."},"content":{"rendered":"","protected":false},"excerpt":{"rendered":"<p>El castillo publicado en 1.926, es una obra considerada por muchos especialistas de la obra kafkiana como la c\u00faspide literaria del escritor praguense, debido tanto a su complejidad estructural y a su madurez simb\u00f3lica y metaf\u00f3rica, como a la densidad intelectual de los motivos que la forman.<\/p>\n<p>Efectivamente, en El castillo, escrito en la \u00faltima fase de la vida del autor, cuando la enfermedad progresaba con una desesperante tenacidad, la fuerza expresiva de Kafka alcanza una intensidad inusual, siendo testimonio de la falta de compromisos del autor, de su firme voluntad de enfrentarse a un terrible reto existencial: el \u00abasalto contra la \u00faltima frontera terrenal\u00bb, su deseo de ser \u00abfinal o principio\u00bb.<\/p>\n<p>Esta madurez e intensidad, su extraordinario estilo, el cual, convierte a Kafka en un rey secreto de la prosa alemana, hacen de la novela El castillo un joven cl\u00e1sico de la literatura universal, un cl\u00e1sico que, como El proceso, ha desencadenado un alud de interpretaciones y comentarios, no s\u00f3lo literarios, sino filos\u00f3ficos, teol\u00f3gicos, psicol\u00f3gicos, pol\u00edticos y sociol\u00f3gicos, demostrando as\u00ed que ha tocado el nervio de nuestra \u00e9poca.<\/p>\n<p><a href=\"https:\/\/tavapy.gov.py\/biblioteca\/wp-content\/uploads\/2023\/01\/KafkaF-El-castillo.pdf\" target=\"_blank\" rel=\"attachment noopener wp-att-6109\"><img loading=\"lazy\" decoding=\"async\" class=\"size-full wp-image-6109 alignleft\" src=\"https:\/\/tavapy.gov.py\/biblioteca\/wp-content\/uploads\/2023\/01\/icono-PDF-copia-2-2.png\" alt=\"\" width=\"121\" height=\"140\" \/><\/a><\/p>\n","protected":false},"featured_media":5972,"comment_status":"open","ping_status":"closed","template":"","meta":{"spay_email":""},"product_cat":[57],"product_tag":[],"class_list":{"0":"post-6177","1":"product","2":"type-product","3":"status-publish","4":"has-post-thumbnail","6":"book_author-franz-kafka","7":"product_cat-novela","8":"entry"},"_links":{"self":[{"href":"https:\/\/tavapy.gov.py\/biblioteca\/wp-json\/wp\/v2\/product\/6177","targetHints":{"allow":["GET"]}}],"collection":[{"href":"https:\/\/tavapy.gov.py\/biblioteca\/wp-json\/wp\/v2\/product"}],"about":[{"href":"https:\/\/tavapy.gov.py\/biblioteca\/wp-json\/wp\/v2\/types\/product"}],"replies":[{"embeddable":true,"href":"https:\/\/tavapy.gov.py\/biblioteca\/wp-json\/wp\/v2\/comments?post=6177"}],"wp:featuredmedia":[{"embeddable":true,"href":"https:\/\/tavapy.gov.py\/biblioteca\/wp-json\/wp\/v2\/media\/5972"}],"wp:attachment":[{"href":"https:\/\/tavapy.gov.py\/biblioteca\/wp-json\/wp\/v2\/media?parent=6177"}],"wp:term":[{"taxonomy":"product_cat","embeddable":true,"href":"https:\/\/tavapy.gov.py\/biblioteca\/wp-json\/wp\/v2\/product_cat?post=6177"},{"taxonomy":"product_tag","embeddable":true,"href":"https:\/\/tavapy.gov.py\/biblioteca\/wp-json\/wp\/v2\/product_tag?post=6177"}],"curies":[{"name":"wp","href":"https:\/\/api.w.org\/{rel}","templated":true}]}}