{"id":6178,"date":"2023-01-19T00:14:24","date_gmt":"2023-01-19T00:14:24","guid":{"rendered":"https:\/\/tavapy.gov.py\/biblioteca\/?post_type=product&#038;p=6178"},"modified":"2023-01-19T00:14:25","modified_gmt":"2023-01-19T00:14:25","slug":"un-artista-del-hambre-y-otros-cuentos","status":"publish","type":"product","link":"https:\/\/tavapy.gov.py\/biblioteca\/product\/un-artista-del-hambre-y-otros-cuentos\/","title":{"rendered":"UN ARTISTA DEL HAMBRE Y OTROS CUENTOS."},"content":{"rendered":"","protected":false},"excerpt":{"rendered":"<p>Un artista del hambre, es un relato corto escrito por Franz Kafka en 1922 pero no fue publicado hasta 1924, despu\u00e9s de su muerte. El protagonista es una arquet\u00edpica creaci\u00f3n de Kafka, un individuo marginado y victimizado por la sociedad.<\/p>\n<p>La historia detalla la decadencia y muerte de un artista ayunador profesional de un circo que se muere de hambre en una jaula. Fue ignorado sistem\u00e1ticamente por el p\u00fablico y permaneci\u00f3 en su jaula hasta que uno de los administradores del circo le pregunt\u00f3 si a\u00fan segu\u00eda pasando hambre.<\/p>\n<p>Su respuesta fue que la raz\u00f3n por la que se mor\u00eda de hambre es que nunca encontr\u00f3 una comida que le gustara, y despu\u00e9s muri\u00f3. M\u00e1s tarde, se ocup\u00f3 su jaula con una pantera que atrajo mucho p\u00fablico.<\/p>\n<p><a href=\"https:\/\/tavapy.gov.py\/biblioteca\/wp-content\/uploads\/2023\/01\/KafkaF-Un-artista-del-hambre-y-otros-cuentos.pdf\" target=\"_blank\" rel=\"attachment noopener wp-att-6109\"><img loading=\"lazy\" decoding=\"async\" class=\"size-full wp-image-6109 alignleft\" src=\"https:\/\/tavapy.gov.py\/biblioteca\/wp-content\/uploads\/2023\/01\/icono-PDF-copia-2-2.png\" alt=\"\" width=\"121\" height=\"140\" \/><\/a><\/p>\n","protected":false},"featured_media":5974,"comment_status":"open","ping_status":"closed","template":"","meta":{"spay_email":""},"product_cat":[50],"product_tag":[],"class_list":{"0":"post-6178","1":"product","2":"type-product","3":"status-publish","4":"has-post-thumbnail","6":"book_author-franz-kafka","7":"product_cat-cuento","8":"entry"},"_links":{"self":[{"href":"https:\/\/tavapy.gov.py\/biblioteca\/wp-json\/wp\/v2\/product\/6178","targetHints":{"allow":["GET"]}}],"collection":[{"href":"https:\/\/tavapy.gov.py\/biblioteca\/wp-json\/wp\/v2\/product"}],"about":[{"href":"https:\/\/tavapy.gov.py\/biblioteca\/wp-json\/wp\/v2\/types\/product"}],"replies":[{"embeddable":true,"href":"https:\/\/tavapy.gov.py\/biblioteca\/wp-json\/wp\/v2\/comments?post=6178"}],"wp:featuredmedia":[{"embeddable":true,"href":"https:\/\/tavapy.gov.py\/biblioteca\/wp-json\/wp\/v2\/media\/5974"}],"wp:attachment":[{"href":"https:\/\/tavapy.gov.py\/biblioteca\/wp-json\/wp\/v2\/media?parent=6178"}],"wp:term":[{"taxonomy":"product_cat","embeddable":true,"href":"https:\/\/tavapy.gov.py\/biblioteca\/wp-json\/wp\/v2\/product_cat?post=6178"},{"taxonomy":"product_tag","embeddable":true,"href":"https:\/\/tavapy.gov.py\/biblioteca\/wp-json\/wp\/v2\/product_tag?post=6178"}],"curies":[{"name":"wp","href":"https:\/\/api.w.org\/{rel}","templated":true}]}}