{"id":6181,"date":"2023-01-19T00:39:25","date_gmt":"2023-01-19T00:39:25","guid":{"rendered":"https:\/\/tavapy.gov.py\/biblioteca\/?post_type=product&#038;p=6181"},"modified":"2023-01-19T00:39:25","modified_gmt":"2023-01-19T00:39:25","slug":"el-arte-de-empezar","status":"publish","type":"product","link":"https:\/\/tavapy.gov.py\/biblioteca\/product\/el-arte-de-empezar\/","title":{"rendered":"EL ARTE DE EMPEZAR."},"content":{"rendered":"","protected":false},"excerpt":{"rendered":"<p>El arte de empezar es un bestseller cl\u00e1sico que explica c\u00f3mo convertir el lanzamiento de un producto, servicio o idea en un \u00e9xito de ventas. En esta nueva edici\u00f3n, revisada y actualizada, publicada en el 2.009 se ha incorporado todo lo relativo al marketing online y a la transformaci\u00f3n digital.<\/p>\n<p>Una d\u00e9cada despu\u00e9s de su primera edici\u00f3n, el autor ha recuperado su obra maestra para incluir sus consejos sobre las herramientas que permiten, ahora m\u00e1s que nunca, emprender un negocio: recursos tales como las redes sociales, el crowdfunding o el cloud computing.<\/p>\n<p>Tanto si est\u00e1s pensando en montar tu propio negocio como si ya lo tienes o quieres probar la intraemprendedur\u00eda dentro de tu propia empresa, El arte de empezar 2.0 te ayudar\u00e1 a convertir tus ideas en realidad.<\/p>\n<p><a href=\"https:\/\/tavapy.gov.py\/biblioteca\/wp-content\/uploads\/2023\/01\/KawasakiG-El-Arte-de-empezar.-La-guia-definitiva-para-empezar-en-un-mundo-2.0.pdf\" target=\"_blank\" rel=\"attachment noopener wp-att-6109\"><img loading=\"lazy\" decoding=\"async\" class=\"size-full wp-image-6109 alignleft\" src=\"https:\/\/tavapy.gov.py\/biblioteca\/wp-content\/uploads\/2023\/01\/icono-PDF-copia-2-2.png\" alt=\"\" width=\"121\" height=\"140\" \/><\/a><\/p>\n","protected":false},"featured_media":5980,"comment_status":"open","ping_status":"closed","template":"","meta":{"spay_email":""},"product_cat":[742],"product_tag":[],"class_list":{"0":"post-6181","1":"product","2":"type-product","3":"status-publish","4":"has-post-thumbnail","6":"book_author-guy-kawasaki","7":"product_cat-empresas-gestion-empresarial","8":"entry"},"_links":{"self":[{"href":"https:\/\/tavapy.gov.py\/biblioteca\/wp-json\/wp\/v2\/product\/6181","targetHints":{"allow":["GET"]}}],"collection":[{"href":"https:\/\/tavapy.gov.py\/biblioteca\/wp-json\/wp\/v2\/product"}],"about":[{"href":"https:\/\/tavapy.gov.py\/biblioteca\/wp-json\/wp\/v2\/types\/product"}],"replies":[{"embeddable":true,"href":"https:\/\/tavapy.gov.py\/biblioteca\/wp-json\/wp\/v2\/comments?post=6181"}],"wp:featuredmedia":[{"embeddable":true,"href":"https:\/\/tavapy.gov.py\/biblioteca\/wp-json\/wp\/v2\/media\/5980"}],"wp:attachment":[{"href":"https:\/\/tavapy.gov.py\/biblioteca\/wp-json\/wp\/v2\/media?parent=6181"}],"wp:term":[{"taxonomy":"product_cat","embeddable":true,"href":"https:\/\/tavapy.gov.py\/biblioteca\/wp-json\/wp\/v2\/product_cat?post=6181"},{"taxonomy":"product_tag","embeddable":true,"href":"https:\/\/tavapy.gov.py\/biblioteca\/wp-json\/wp\/v2\/product_tag?post=6181"}],"curies":[{"name":"wp","href":"https:\/\/api.w.org\/{rel}","templated":true}]}}