{"id":6182,"date":"2023-01-19T00:45:00","date_gmt":"2023-01-19T00:45:00","guid":{"rendered":"https:\/\/tavapy.gov.py\/biblioteca\/?post_type=product&#038;p=6182"},"modified":"2023-01-19T00:45:00","modified_gmt":"2023-01-19T00:45:00","slug":"fundamentos-del-marketing","status":"publish","type":"product","link":"https:\/\/tavapy.gov.py\/biblioteca\/product\/fundamentos-del-marketing\/","title":{"rendered":"FUNDAMENTOS DEL MARKETING."},"content":{"rendered":"","protected":false},"excerpt":{"rendered":"<p>Vivimos una \u00e9poca emocionante de marketing. Los recientes avances en las tecnolog\u00edas digitales han creado un mundo de marketing nuevo, m\u00e1s atractivo y m\u00e1s conectado. M\u00e1s all\u00e1 de los conceptos tradicionales y de las pr\u00e1cticas probadas en el campo, los especialistas en marketing de la actualidad han agregado un c\u00famulo de herramientas de la nueva era para atraer a los clientes, construir marcas, crear valor para los clientes y forjar relaciones con ellos.<\/p>\n<p>La primera publicaci\u00f3n de esta obra ya cl\u00e1sica del Marketing fue en 1.980.<\/p>\n<p>En la actual \u00e9poca digital, los radicales avances en \u201cel internet de las cosas\u201d \u2014que incluyen social media, medios m\u00f3viles, dispositivos digitales para conectarse, el nuevo empowerment de los consumidores, los datos masivos y la nueva anal\u00edtica de marketing\u2014 han influido profundamente tanto en los especialistas en marketing como en los consumidores a los que atienden.<\/p>\n<p>M\u00e1s que nunca, esta decimoprimera edici\u00f3n de Fundamentos de marketing (2013) introduce al lector en el fascinante y din\u00e1mico mundo del marketing en una forma probada, pr\u00e1ctica y atractiva.<\/p>\n<p><a href=\"https:\/\/tavapy.gov.py\/biblioteca\/wp-content\/uploads\/2023\/01\/KotlerP-Fundamentos-del-Marketing.pdf\" target=\"_blank\" rel=\"attachment noopener wp-att-6109\"><img loading=\"lazy\" decoding=\"async\" class=\"size-full wp-image-6109 alignleft\" src=\"https:\/\/tavapy.gov.py\/biblioteca\/wp-content\/uploads\/2023\/01\/icono-PDF-copia-2-2.png\" alt=\"\" width=\"121\" height=\"140\" \/><\/a><\/p>\n","protected":false},"featured_media":5982,"comment_status":"open","ping_status":"closed","template":"","meta":{"spay_email":""},"product_cat":[648],"product_tag":[],"class_list":{"0":"post-6182","1":"product","2":"type-product","3":"status-publish","4":"has-post-thumbnail","6":"book_author-philip-kotler","7":"product_cat-marketing-publicidad","8":"entry"},"_links":{"self":[{"href":"https:\/\/tavapy.gov.py\/biblioteca\/wp-json\/wp\/v2\/product\/6182","targetHints":{"allow":["GET"]}}],"collection":[{"href":"https:\/\/tavapy.gov.py\/biblioteca\/wp-json\/wp\/v2\/product"}],"about":[{"href":"https:\/\/tavapy.gov.py\/biblioteca\/wp-json\/wp\/v2\/types\/product"}],"replies":[{"embeddable":true,"href":"https:\/\/tavapy.gov.py\/biblioteca\/wp-json\/wp\/v2\/comments?post=6182"}],"wp:featuredmedia":[{"embeddable":true,"href":"https:\/\/tavapy.gov.py\/biblioteca\/wp-json\/wp\/v2\/media\/5982"}],"wp:attachment":[{"href":"https:\/\/tavapy.gov.py\/biblioteca\/wp-json\/wp\/v2\/media?parent=6182"}],"wp:term":[{"taxonomy":"product_cat","embeddable":true,"href":"https:\/\/tavapy.gov.py\/biblioteca\/wp-json\/wp\/v2\/product_cat?post=6182"},{"taxonomy":"product_tag","embeddable":true,"href":"https:\/\/tavapy.gov.py\/biblioteca\/wp-json\/wp\/v2\/product_tag?post=6182"}],"curies":[{"name":"wp","href":"https:\/\/api.w.org\/{rel}","templated":true}]}}