{"id":6183,"date":"2023-01-19T00:54:48","date_gmt":"2023-01-19T00:54:48","guid":{"rendered":"https:\/\/tavapy.gov.py\/biblioteca\/?post_type=product&#038;p=6183"},"modified":"2023-01-19T00:55:26","modified_gmt":"2023-01-19T00:55:26","slug":"marketing-lateral","status":"publish","type":"product","link":"https:\/\/tavapy.gov.py\/biblioteca\/product\/marketing-lateral\/","title":{"rendered":"MARKETING LATERAL."},"content":{"rendered":"","protected":false},"excerpt":{"rendered":"<p>El Marketing Lateral libro publicado en el 2.003 ofrece refrescantes ideas de innovaci\u00f3n en marketing para hacer frente a los desaf\u00edos del mercado del siglo XXI, caracterizado fundamentalmente por el continuo lanzamiento de nuevos productos y sobre todo de nuevas marcas, de las que sobrevivir\u00e1n s\u00f3lo un n\u00famero reducid\u00edsimo.<\/p>\n<p>Para los autores de la obra el Marketing Lateral es un proceso fundamentalmente basado en la creatividad que, aplicada a productos o servicios ya existentes, los convierte en productos y servicios que cubrir\u00e1n necesidades, targets o situaciones no cubiertas normalmente y, adem\u00e1s, es un proceso que ofrece grandes oportunidades para crear nuevos focos de mercado.<\/p>\n<p>Est\u00e1 escrito por el sabio de Marketing m\u00e1s respetado Philip Kotler, que define y analiza los conceptos m\u00e1s importantes de esta disciplina de hoy y del futuro. Escrito de forma muy amena y divulgativa, tambi\u00e9n incluye el an\u00e1lisis de numerosos casos de marcas o productos muy conocidos como Kinder Sorpresa, Actimel o fen\u00f3menos como Gran Hermano.<\/p>\n<p><a href=\"https:\/\/tavapy.gov.py\/biblioteca\/wp-content\/uploads\/2023\/01\/KotlerP-Marketing-lateral-Nuevas-tecnicas-para-encontrar-las-ideas-mas-rompedoras.pdf\" target=\"_blank\" rel=\"attachment noopener wp-att-6109\"><img loading=\"lazy\" decoding=\"async\" class=\"size-full wp-image-6109 alignleft\" src=\"https:\/\/tavapy.gov.py\/biblioteca\/wp-content\/uploads\/2023\/01\/icono-PDF-copia-2-2.png\" alt=\"\" width=\"121\" height=\"140\" \/><\/a><\/p>\n","protected":false},"featured_media":6184,"comment_status":"open","ping_status":"closed","template":"","meta":{"spay_email":""},"product_cat":[648],"product_tag":[],"class_list":{"0":"post-6183","1":"product","2":"type-product","3":"status-publish","4":"has-post-thumbnail","6":"book_author-philip-kotler","7":"product_cat-marketing-publicidad","8":"entry"},"_links":{"self":[{"href":"https:\/\/tavapy.gov.py\/biblioteca\/wp-json\/wp\/v2\/product\/6183","targetHints":{"allow":["GET"]}}],"collection":[{"href":"https:\/\/tavapy.gov.py\/biblioteca\/wp-json\/wp\/v2\/product"}],"about":[{"href":"https:\/\/tavapy.gov.py\/biblioteca\/wp-json\/wp\/v2\/types\/product"}],"replies":[{"embeddable":true,"href":"https:\/\/tavapy.gov.py\/biblioteca\/wp-json\/wp\/v2\/comments?post=6183"}],"wp:featuredmedia":[{"embeddable":true,"href":"https:\/\/tavapy.gov.py\/biblioteca\/wp-json\/wp\/v2\/media\/6184"}],"wp:attachment":[{"href":"https:\/\/tavapy.gov.py\/biblioteca\/wp-json\/wp\/v2\/media?parent=6183"}],"wp:term":[{"taxonomy":"product_cat","embeddable":true,"href":"https:\/\/tavapy.gov.py\/biblioteca\/wp-json\/wp\/v2\/product_cat?post=6183"},{"taxonomy":"product_tag","embeddable":true,"href":"https:\/\/tavapy.gov.py\/biblioteca\/wp-json\/wp\/v2\/product_tag?post=6183"}],"curies":[{"name":"wp","href":"https:\/\/api.w.org\/{rel}","templated":true}]}}