{"id":6185,"date":"2023-01-19T01:01:11","date_gmt":"2023-01-19T01:01:11","guid":{"rendered":"https:\/\/tavapy.gov.py\/biblioteca\/?post_type=product&#038;p=6185"},"modified":"2023-01-19T01:01:13","modified_gmt":"2023-01-19T01:01:13","slug":"grandes-pensadores-cristianos","status":"publish","type":"product","link":"https:\/\/tavapy.gov.py\/biblioteca\/product\/grandes-pensadores-cristianos\/","title":{"rendered":"GRANDES PENSADORES CRISTIANOS."},"content":{"rendered":"","protected":false},"excerpt":{"rendered":"<p>Existen muchas introducciones a la teolog\u00eda, a su quehacer y sus temas. Sin embargo, la singularidad de este libro publicado en 1.995 de Hans K\u00fcng es que presenta la teolog\u00eda no como una ciencia abstracta sino como la realizaci\u00f3n de un proyecto vital.<\/p>\n<p>A trav\u00e9s de la exposici\u00f3n y el an\u00e1lisis cr\u00edtico de la vida y los textos esenciales de siete pensadores paradigm\u00e1ticos se muestra la contribuci\u00f3n y la repercusi\u00f3n decisiva que cada uno de ellos ha tenido en la historia del cristianismo. Con sus conocimientos y sus compromisos, pero tambi\u00e9n con sus errores.<\/p>\n<p>Desde esta perspectiva se hace la semblanza de Pablo de Tarso, Or\u00edgenes, Agust\u00edn de Hipona, Tom\u00e1s de Aquino, Mart\u00edn Lutero, Friedrich Schleiermacher y Karl Barth.<\/p>\n<p><a href=\"https:\/\/tavapy.gov.py\/biblioteca\/wp-content\/uploads\/2023\/01\/KungH-Grandes-Pensadores-Cristianos.pdf\" target=\"_blank\" rel=\"attachment noopener wp-att-6109\"><img loading=\"lazy\" decoding=\"async\" class=\"size-full wp-image-6109 alignleft\" src=\"https:\/\/tavapy.gov.py\/biblioteca\/wp-content\/uploads\/2023\/01\/icono-PDF-copia-2-2.png\" alt=\"\" width=\"121\" height=\"140\" \/><\/a><\/p>\n","protected":false},"featured_media":5986,"comment_status":"open","ping_status":"closed","template":"","meta":{"spay_email":""},"product_cat":[135],"product_tag":[],"class_list":{"0":"post-6185","1":"product","2":"type-product","3":"status-publish","4":"has-post-thumbnail","6":"book_author-hans-kung","7":"product_cat-teologia","8":"entry"},"_links":{"self":[{"href":"https:\/\/tavapy.gov.py\/biblioteca\/wp-json\/wp\/v2\/product\/6185","targetHints":{"allow":["GET"]}}],"collection":[{"href":"https:\/\/tavapy.gov.py\/biblioteca\/wp-json\/wp\/v2\/product"}],"about":[{"href":"https:\/\/tavapy.gov.py\/biblioteca\/wp-json\/wp\/v2\/types\/product"}],"replies":[{"embeddable":true,"href":"https:\/\/tavapy.gov.py\/biblioteca\/wp-json\/wp\/v2\/comments?post=6185"}],"wp:featuredmedia":[{"embeddable":true,"href":"https:\/\/tavapy.gov.py\/biblioteca\/wp-json\/wp\/v2\/media\/5986"}],"wp:attachment":[{"href":"https:\/\/tavapy.gov.py\/biblioteca\/wp-json\/wp\/v2\/media?parent=6185"}],"wp:term":[{"taxonomy":"product_cat","embeddable":true,"href":"https:\/\/tavapy.gov.py\/biblioteca\/wp-json\/wp\/v2\/product_cat?post=6185"},{"taxonomy":"product_tag","embeddable":true,"href":"https:\/\/tavapy.gov.py\/biblioteca\/wp-json\/wp\/v2\/product_tag?post=6185"}],"curies":[{"name":"wp","href":"https:\/\/api.w.org\/{rel}","templated":true}]}}