{"id":6186,"date":"2023-01-19T02:41:54","date_gmt":"2023-01-19T02:41:54","guid":{"rendered":"https:\/\/tavapy.gov.py\/biblioteca\/?post_type=product&#038;p=6186"},"modified":"2023-01-19T02:41:54","modified_gmt":"2023-01-19T02:41:54","slug":"existe-dios","status":"publish","type":"product","link":"https:\/\/tavapy.gov.py\/biblioteca\/product\/existe-dios\/","title":{"rendered":"\u00bfEXISTE DIOS?"},"content":{"rendered":"","protected":false},"excerpt":{"rendered":"<p>El papel de la religi\u00f3n en los Estados laicos es objeto de vehementes discusiones en los tiempos que corren, tanto en Espa\u00f1a como en Europa, y tras esos debates se esconde la cuesti\u00f3n m\u00e1s profunda de si un hombre moderno e ilustrado puede defender ante la raz\u00f3n, y en qu\u00e9 forma, la fe en Dios\u00bb.<\/p>\n<p>Hans K\u00fcng elude tanto la ingenuidad fide\u00edsta (con Descartes) como el racionalismo ideol\u00f3gico (con Pascal), afrontando los retos del ate\u00edsmo moderno (Feuerbach, Marx y Freud) y del nihilismo posmoderno (Nietzsche). El resultado de ambos ha sido la puesta en cuesti\u00f3n de las certezas fundamentales: las relativas a la fe religiosa y las que conciernen a la consistencia y sentido de la realidad en general.<\/p>\n<p>Para K\u00fcng este resultado es irrefutable, pero, a la vez, no concluyente. \u00abS\u00ed a la realidad\u00bb, como alternativa al nihilismo, desde una postura de confianza radical; \u00abs\u00ed a Dios\u00bb, como alternativa al ate\u00edsmo, desde una fe que trasciende la raz\u00f3n sin negarla; y \u00abs\u00ed al Dios de la Biblia\u00bb, al Dios de Jesucristo en particular, como fundamento de esa confianza radical: tales son las tres etapas b\u00e1sicas por las que K\u00fcng responde a la pregunta que da t\u00edtulo a su obra publicada en el 2.019.<\/p>\n<p><a href=\"https:\/\/tavapy.gov.py\/biblioteca\/wp-content\/uploads\/2023\/01\/KungH-Existe-Dios.pdf\" target=\"_blank\" rel=\"attachment noopener wp-att-6109\"><img loading=\"lazy\" decoding=\"async\" class=\"size-full wp-image-6109 alignleft\" src=\"https:\/\/tavapy.gov.py\/biblioteca\/wp-content\/uploads\/2023\/01\/icono-PDF-copia-2-2.png\" alt=\"\" width=\"121\" height=\"140\" \/><\/a><\/p>\n","protected":false},"featured_media":5988,"comment_status":"open","ping_status":"closed","template":"","meta":{"spay_email":""},"product_cat":[135],"product_tag":[],"class_list":{"0":"post-6186","1":"product","2":"type-product","3":"status-publish","4":"has-post-thumbnail","6":"book_author-hans-kung","7":"product_cat-teologia","8":"entry"},"_links":{"self":[{"href":"https:\/\/tavapy.gov.py\/biblioteca\/wp-json\/wp\/v2\/product\/6186","targetHints":{"allow":["GET"]}}],"collection":[{"href":"https:\/\/tavapy.gov.py\/biblioteca\/wp-json\/wp\/v2\/product"}],"about":[{"href":"https:\/\/tavapy.gov.py\/biblioteca\/wp-json\/wp\/v2\/types\/product"}],"replies":[{"embeddable":true,"href":"https:\/\/tavapy.gov.py\/biblioteca\/wp-json\/wp\/v2\/comments?post=6186"}],"wp:featuredmedia":[{"embeddable":true,"href":"https:\/\/tavapy.gov.py\/biblioteca\/wp-json\/wp\/v2\/media\/5988"}],"wp:attachment":[{"href":"https:\/\/tavapy.gov.py\/biblioteca\/wp-json\/wp\/v2\/media?parent=6186"}],"wp:term":[{"taxonomy":"product_cat","embeddable":true,"href":"https:\/\/tavapy.gov.py\/biblioteca\/wp-json\/wp\/v2\/product_cat?post=6186"},{"taxonomy":"product_tag","embeddable":true,"href":"https:\/\/tavapy.gov.py\/biblioteca\/wp-json\/wp\/v2\/product_tag?post=6186"}],"curies":[{"name":"wp","href":"https:\/\/api.w.org\/{rel}","templated":true}]}}