{"id":6187,"date":"2023-01-19T02:49:20","date_gmt":"2023-01-19T02:49:20","guid":{"rendered":"https:\/\/tavapy.gov.py\/biblioteca\/?post_type=product&#038;p=6187"},"modified":"2023-01-19T02:49:20","modified_gmt":"2023-01-19T02:49:20","slug":"contra-el-rebano-digital-un-manifiesto","status":"publish","type":"product","link":"https:\/\/tavapy.gov.py\/biblioteca\/product\/contra-el-rebano-digital-un-manifiesto\/","title":{"rendered":"CONTRA EL REBA\u00d1O DIGITAL: UN MANIFIESTO."},"content":{"rendered":"","protected":false},"excerpt":{"rendered":"<p>El fascinante manifiesto por un uso creativo de la tecnolog\u00eda de uno de los creadores de Internet.<\/p>\n<p>Contra el reba\u00f1o digital publicado en el 2.011 es uno de los libros que m\u00e1s han dado que hablar en los \u00faltimos tiempos: un aviso contra nuestra obsesi\u00f3n por la tecnolog\u00eda y, en concreto, por internet, escrito por uno de los expertos m\u00e1s estimulantes y visionarios. La temprana dedicaci\u00f3n de Lanier a la realidad virtual y el desarrollo de tecnolog\u00edas en red son legendarias, as\u00ed como sus art\u00edculos, que atacan muchas de las cuestiones que el mundo de la tecnolog\u00eda considera sagradas.<\/p>\n<p>En este manifiesto, Lanier apunta contra lo que ha bautizado como la cultura nerd de internet o el \u00abmao\u00edsmo digital\u00bb, es decir, la tendencia de la comunidad tecnol\u00f3gica de primar la plataforma sobre el contenido y los ordenadores sobre las personas. En total contraste con los que saludan el triunfo del contenido generado por los usuarios, Lanier ve una internet desinformada y tediosa, en la que la cantidad se impone a la calidad y las buenas ideas son acalladas a base de gritos.<\/p>\n<p>Pero Contra el reba\u00f1o digital no es una diatriba antitecnol\u00f3gica. Es un manifiesto fresco y energizante dedicado a quienes la tecnolog\u00eda les inspira aunque les decepcione el modo en que es empleada. Lanier propone a los usuarios de la red frenar un poco, generar contenidos profundos en vez de llamativos y sacar el m\u00e1ximo partido de internet en vez de usarla ciegamente para todo.<\/p>\n<p><a href=\"https:\/\/tavapy.gov.py\/biblioteca\/wp-content\/uploads\/2023\/01\/LanierJ-Contra-el-rebano-digital.pdf\" target=\"_blank\" rel=\"attachment noopener wp-att-6109\"><img loading=\"lazy\" decoding=\"async\" class=\"size-full wp-image-6109 alignleft\" src=\"https:\/\/tavapy.gov.py\/biblioteca\/wp-content\/uploads\/2023\/01\/icono-PDF-copia-2-2.png\" alt=\"\" width=\"121\" height=\"140\" \/><\/a><\/p>\n","protected":false},"featured_media":5991,"comment_status":"open","ping_status":"closed","template":"","meta":{"spay_email":""},"product_cat":[747],"product_tag":[],"class_list":{"0":"post-6187","1":"product","2":"type-product","3":"status-publish","4":"has-post-thumbnail","6":"book_author-jaron-lanier","7":"product_cat-comunicacion-internet","8":"entry"},"_links":{"self":[{"href":"https:\/\/tavapy.gov.py\/biblioteca\/wp-json\/wp\/v2\/product\/6187","targetHints":{"allow":["GET"]}}],"collection":[{"href":"https:\/\/tavapy.gov.py\/biblioteca\/wp-json\/wp\/v2\/product"}],"about":[{"href":"https:\/\/tavapy.gov.py\/biblioteca\/wp-json\/wp\/v2\/types\/product"}],"replies":[{"embeddable":true,"href":"https:\/\/tavapy.gov.py\/biblioteca\/wp-json\/wp\/v2\/comments?post=6187"}],"wp:featuredmedia":[{"embeddable":true,"href":"https:\/\/tavapy.gov.py\/biblioteca\/wp-json\/wp\/v2\/media\/5991"}],"wp:attachment":[{"href":"https:\/\/tavapy.gov.py\/biblioteca\/wp-json\/wp\/v2\/media?parent=6187"}],"wp:term":[{"taxonomy":"product_cat","embeddable":true,"href":"https:\/\/tavapy.gov.py\/biblioteca\/wp-json\/wp\/v2\/product_cat?post=6187"},{"taxonomy":"product_tag","embeddable":true,"href":"https:\/\/tavapy.gov.py\/biblioteca\/wp-json\/wp\/v2\/product_tag?post=6187"}],"curies":[{"name":"wp","href":"https:\/\/api.w.org\/{rel}","templated":true}]}}