{"id":6189,"date":"2023-01-19T02:58:31","date_gmt":"2023-01-19T02:58:31","guid":{"rendered":"https:\/\/tavapy.gov.py\/biblioteca\/?post_type=product&#038;p=6189"},"modified":"2023-01-19T02:58:32","modified_gmt":"2023-01-19T02:58:32","slug":"la-mujer-en-el-cristianismo","status":"publish","type":"product","link":"https:\/\/tavapy.gov.py\/biblioteca\/product\/la-mujer-en-el-cristianismo\/","title":{"rendered":"LA MUJER EN EL CRISTIANISMO."},"content":{"rendered":"","protected":false},"excerpt":{"rendered":"<p>En esta obra publicada en el 2.001, Hans K\u00fcng se centra en la evoluci\u00f3n de la presencia de la mujer en el desarrollo del cristianismo a lo largo de su historia. Indaga c\u00f3mo se ha llegado a la situaci\u00f3n de la igualdad entre hombres y mujeres, a partir de estructuras comunitarias en or\u00edgenes diferentes, en los que las mujeres tambi\u00e9n fueron sujetos de su propia historia. Paralelo a dicho an\u00e1lisis, el autor propone reformas concretas para revisar patrones de comportamiento impuestos por la tradici\u00f3n.<\/p>\n<p>Estas reformas van dirigidas a promover el estudio de la teolog\u00eda por parte de las mujeres, la reforma en el uso del lenguaje de la liturgia para que \u00e9sta sea incluyente y la promoci\u00f3n de \u00f3rdenes religiosas y del sacerdocio de las mujeres. Esta obra aborda \u00fanicamente la historia del cristianismo occidental.<\/p>\n<p><a href=\"https:\/\/tavapy.gov.py\/biblioteca\/wp-content\/uploads\/2023\/01\/KungH-La-mujer-en-el-cristianismo.pdf\" target=\"_blank\" rel=\"attachment noopener wp-att-6109\"><img loading=\"lazy\" decoding=\"async\" class=\"size-full wp-image-6109 alignleft\" src=\"https:\/\/tavapy.gov.py\/biblioteca\/wp-content\/uploads\/2023\/01\/icono-PDF-copia-2-2.png\" alt=\"\" width=\"121\" height=\"140\" \/><\/a><\/p>\n","protected":false},"featured_media":5990,"comment_status":"open","ping_status":"closed","template":"","meta":{"spay_email":""},"product_cat":[135],"product_tag":[],"class_list":{"0":"post-6189","1":"product","2":"type-product","3":"status-publish","4":"has-post-thumbnail","6":"book_author-hans-kung","7":"product_cat-teologia","8":"entry"},"_links":{"self":[{"href":"https:\/\/tavapy.gov.py\/biblioteca\/wp-json\/wp\/v2\/product\/6189","targetHints":{"allow":["GET"]}}],"collection":[{"href":"https:\/\/tavapy.gov.py\/biblioteca\/wp-json\/wp\/v2\/product"}],"about":[{"href":"https:\/\/tavapy.gov.py\/biblioteca\/wp-json\/wp\/v2\/types\/product"}],"replies":[{"embeddable":true,"href":"https:\/\/tavapy.gov.py\/biblioteca\/wp-json\/wp\/v2\/comments?post=6189"}],"wp:featuredmedia":[{"embeddable":true,"href":"https:\/\/tavapy.gov.py\/biblioteca\/wp-json\/wp\/v2\/media\/5990"}],"wp:attachment":[{"href":"https:\/\/tavapy.gov.py\/biblioteca\/wp-json\/wp\/v2\/media?parent=6189"}],"wp:term":[{"taxonomy":"product_cat","embeddable":true,"href":"https:\/\/tavapy.gov.py\/biblioteca\/wp-json\/wp\/v2\/product_cat?post=6189"},{"taxonomy":"product_tag","embeddable":true,"href":"https:\/\/tavapy.gov.py\/biblioteca\/wp-json\/wp\/v2\/product_tag?post=6189"}],"curies":[{"name":"wp","href":"https:\/\/api.w.org\/{rel}","templated":true}]}}