{"id":6191,"date":"2023-01-19T03:03:26","date_gmt":"2023-01-19T03:03:26","guid":{"rendered":"https:\/\/tavapy.gov.py\/biblioteca\/?post_type=product&#038;p=6191"},"modified":"2023-01-19T03:03:27","modified_gmt":"2023-01-19T03:03:27","slug":"diez-razones-para-borrar-tus-redes-sociales-de-inmediato","status":"publish","type":"product","link":"https:\/\/tavapy.gov.py\/biblioteca\/product\/diez-razones-para-borrar-tus-redes-sociales-de-inmediato\/","title":{"rendered":"DIEZ RAZONES PARA BORRAR TUS REDES SOCIALES DE INMEDIATO."},"content":{"rendered":"","protected":false},"excerpt":{"rendered":"<p>Un brillante manifiesto que llama a la acci\u00f3n para comenzar a reinventar Internet.<\/p>\n<p>\u00bfTe cuesta imaginar una vida sin redes sociales? \u00bfY si te dieran diez razones que te convencieran de la toxicidad de sus efectos?<\/p>\n<p>En este libro publicado en el 2.018 Jaron Lanier, el hombre que acu\u00f1\u00f3 el t\u00e9rmino \u00abrealidad virtual\u00bb y uno de los padres fundadores de la web 2.0, nos explica con una contundencia abrumadora c\u00f3mo las redes sociales est\u00e1n convirti\u00e9ndonos en personas rencorosas, tristes, asustadizas, poco emp\u00e1ticas, aisladas y triviales. Todo ello debido a la tendencia de las redes a sacar lo peor de nosotros, a convertir la pol\u00edtica en algo terror\u00edfico, a enga\u00f1arnos con ilusiones de popularidad y \u00e9xito, a cambiar nuestra relaci\u00f3n con la verdad, a desconectarnos de la gente, aunque estemos m\u00e1s conectados que nunca, y a coartar nuestra libertad con implacables anuncios especialmente dirigidos.<\/p>\n<p>Si quieres una vida m\u00e1s feliz, un mundo m\u00e1s justo y pac\u00edfico, o simplemente la oportunidad de pensar por ti mismo sin ser monitoreado e influenciado por las corporaciones m\u00e1s ricas de la historia, lo mejor que puedes hacer es cancelar tus cuentas. Ahora.<\/p>\n<p><a href=\"https:\/\/tavapy.gov.py\/biblioteca\/wp-content\/uploads\/2023\/01\/LanierJ-Diez-razones-para-borrar-tus-redes-sociales-de-inmediato.pdf\" target=\"_blank\" rel=\"attachment noopener wp-att-6109\"><img loading=\"lazy\" decoding=\"async\" class=\"size-full wp-image-6109 alignleft\" src=\"https:\/\/tavapy.gov.py\/biblioteca\/wp-content\/uploads\/2023\/01\/icono-PDF-copia-2-2.png\" alt=\"\" width=\"121\" height=\"140\" \/><\/a><\/p>\n","protected":false},"featured_media":5993,"comment_status":"open","ping_status":"closed","template":"","meta":{"spay_email":""},"product_cat":[747],"product_tag":[],"class_list":{"0":"post-6191","1":"product","2":"type-product","3":"status-publish","4":"has-post-thumbnail","6":"book_author-jaron-lanier","7":"product_cat-comunicacion-internet","8":"entry"},"_links":{"self":[{"href":"https:\/\/tavapy.gov.py\/biblioteca\/wp-json\/wp\/v2\/product\/6191","targetHints":{"allow":["GET"]}}],"collection":[{"href":"https:\/\/tavapy.gov.py\/biblioteca\/wp-json\/wp\/v2\/product"}],"about":[{"href":"https:\/\/tavapy.gov.py\/biblioteca\/wp-json\/wp\/v2\/types\/product"}],"replies":[{"embeddable":true,"href":"https:\/\/tavapy.gov.py\/biblioteca\/wp-json\/wp\/v2\/comments?post=6191"}],"wp:featuredmedia":[{"embeddable":true,"href":"https:\/\/tavapy.gov.py\/biblioteca\/wp-json\/wp\/v2\/media\/5993"}],"wp:attachment":[{"href":"https:\/\/tavapy.gov.py\/biblioteca\/wp-json\/wp\/v2\/media?parent=6191"}],"wp:term":[{"taxonomy":"product_cat","embeddable":true,"href":"https:\/\/tavapy.gov.py\/biblioteca\/wp-json\/wp\/v2\/product_cat?post=6191"},{"taxonomy":"product_tag","embeddable":true,"href":"https:\/\/tavapy.gov.py\/biblioteca\/wp-json\/wp\/v2\/product_tag?post=6191"}],"curies":[{"name":"wp","href":"https:\/\/api.w.org\/{rel}","templated":true}]}}