{"id":6192,"date":"2023-01-19T03:08:22","date_gmt":"2023-01-19T03:08:22","guid":{"rendered":"https:\/\/tavapy.gov.py\/biblioteca\/?post_type=product&#038;p=6192"},"modified":"2023-01-19T03:08:22","modified_gmt":"2023-01-19T03:08:22","slug":"el-efecto-luna-de-miel","status":"publish","type":"product","link":"https:\/\/tavapy.gov.py\/biblioteca\/product\/el-efecto-luna-de-miel\/","title":{"rendered":"EL EFECTO LUNA DE MIEL."},"content":{"rendered":"","protected":false},"excerpt":{"rendered":"<p>Una explicaci\u00f3n brillante y coherente sobre c\u00f3mo nos enamoramos\u2026 y c\u00f3mo perdemos el amor una vez que pasa el efecto luna de miel. Por suerte, Lipton nos proporciona una explicaci\u00f3n igualmente clara de c\u00f3mo podemos modificar nuestra programaci\u00f3n subconsciente y transformar nuestros patrones m\u00e1s b\u00e1sicos a fin de conseguir el efecto luna de miel en todas nuestras relaciones durante el resto de nuestra vida.<\/p>\n<p>Bruce Lipton, este libro publicado en el 2.013, recurre a la biolog\u00eda celular, el estudio de los gases nobles y la paternidad consciente (entre otras cosas) para fundamentar sus puntos de vista, pero lo hace con una despreocupada sencillez que resulta a un tiempo alegre y profunda en sus implicaciones. Como ocurre con todos los trabajos de Lipton, \u00a1este libro transmite!<\/p>\n<p><a href=\"https:\/\/tavapy.gov.py\/biblioteca\/wp-content\/uploads\/2023\/01\/LiptonB-El-efecto-luna-de-miel.pdf\" target=\"_blank\" rel=\"attachment noopener wp-att-6109\"><img loading=\"lazy\" decoding=\"async\" class=\"size-full wp-image-6109 alignleft\" src=\"https:\/\/tavapy.gov.py\/biblioteca\/wp-content\/uploads\/2023\/01\/icono-PDF-copia-2-2.png\" alt=\"\" width=\"121\" height=\"140\" \/><\/a><\/p>\n","protected":false},"featured_media":5995,"comment_status":"open","ping_status":"closed","template":"","meta":{"spay_email":""},"product_cat":[522],"product_tag":[],"class_list":{"0":"post-6192","1":"product","2":"type-product","3":"status-publish","4":"has-post-thumbnail","6":"book_author-bruce-lipton","7":"product_cat-autoayuda-espiritualidad","8":"entry"},"_links":{"self":[{"href":"https:\/\/tavapy.gov.py\/biblioteca\/wp-json\/wp\/v2\/product\/6192","targetHints":{"allow":["GET"]}}],"collection":[{"href":"https:\/\/tavapy.gov.py\/biblioteca\/wp-json\/wp\/v2\/product"}],"about":[{"href":"https:\/\/tavapy.gov.py\/biblioteca\/wp-json\/wp\/v2\/types\/product"}],"replies":[{"embeddable":true,"href":"https:\/\/tavapy.gov.py\/biblioteca\/wp-json\/wp\/v2\/comments?post=6192"}],"wp:featuredmedia":[{"embeddable":true,"href":"https:\/\/tavapy.gov.py\/biblioteca\/wp-json\/wp\/v2\/media\/5995"}],"wp:attachment":[{"href":"https:\/\/tavapy.gov.py\/biblioteca\/wp-json\/wp\/v2\/media?parent=6192"}],"wp:term":[{"taxonomy":"product_cat","embeddable":true,"href":"https:\/\/tavapy.gov.py\/biblioteca\/wp-json\/wp\/v2\/product_cat?post=6192"},{"taxonomy":"product_tag","embeddable":true,"href":"https:\/\/tavapy.gov.py\/biblioteca\/wp-json\/wp\/v2\/product_tag?post=6192"}],"curies":[{"name":"wp","href":"https:\/\/api.w.org\/{rel}","templated":true}]}}