{"id":6193,"date":"2023-01-19T03:14:46","date_gmt":"2023-01-19T03:14:46","guid":{"rendered":"https:\/\/tavapy.gov.py\/biblioteca\/?post_type=product&#038;p=6193"},"modified":"2023-01-19T03:14:47","modified_gmt":"2023-01-19T03:14:47","slug":"por-que-que-nos-hace-ser-curiosos","status":"publish","type":"product","link":"https:\/\/tavapy.gov.py\/biblioteca\/product\/por-que-que-nos-hace-ser-curiosos\/","title":{"rendered":"POR QU\u00c9: QU\u00c9 NOS HACE SER CURIOSOS."},"content":{"rendered":"","protected":false},"excerpt":{"rendered":"<p>Un recorrido accesible para entender nuestro deseo innato de preguntarnos \u00ab\u00bfpor qu\u00e9?\u00bb y de qu\u00e9 forma la curiosidad ha sido el motor del progreso y la naturaleza humana.<\/p>\n<p>Una de las primeras preguntas que todo ni\u00f1o aprende a formular, muchas veces para desesperaci\u00f3n de sus padres, es \u00ab\u00bfpor qu\u00e9?\u00bb. Es una muestra temprana de la curiosidad que nos caracteriza como humanos. Y, quien m\u00e1s quien menos, en nuestro af\u00e1n de saber ya no dejamos de repetirla a lo largo de nuestras vidas.<\/p>\n<p>La curiosidad es el meollo de las novelas de misterio y suspense. Es tambi\u00e9n esencial en otras formas de arte, como la pintura, la escultura o la m\u00fasica y constituye el principal impulsor de la investigaci\u00f3n cient\u00edfica b\u00e1sica. Aunque todav\u00eda no hay un consenso cient\u00edfico definitivo sobre por qu\u00e9 los seres humanos somos tan curiosos, o acerca de los mecanismos cerebrales responsables de la curiosidad, mediante el uso de im\u00e1genes de resonancia magn\u00e9tica, los neurocient\u00edficos han descubierto que las regiones cerebrales especializadas en aprendizaje, recompensa y memoria est\u00e1n activas cuando los individuos son curiosos.<\/p>\n<p>Mario Livio recoge ejemplos de varias disciplinas con el fin de analizar la naturaleza de la curiosidad. Examina, adem\u00e1s, la trayectoria de dos de los genios m\u00e1s curiosos de la historia: Leonardo da Vinci, arquetipo del humanista polifac\u00e9tico, y Richard Feynman, premio Nobel de F\u00edsica, y su conocida sentencia: \u00abTodo es interesante si profundizas lo suficiente\u00bb. Una obra que es un canto apasionado y una llamada a no perder nunca esa curiosidad infantil que nos caracteriza.<\/p>\n<p>Esta obra \u201cPor qu\u00e9: qu\u00e9 nos hace ser curiosos\u201d fue publicada en el 2.017.<\/p>\n<p><a href=\"https:\/\/tavapy.gov.py\/biblioteca\/wp-content\/uploads\/2023\/01\/LivioM-Por-que-Que-nos-hace-ser-curiosos.pdf\" target=\"_blank\" rel=\"attachment noopener wp-att-6109\"><img loading=\"lazy\" decoding=\"async\" class=\"size-full wp-image-6109 alignleft\" src=\"https:\/\/tavapy.gov.py\/biblioteca\/wp-content\/uploads\/2023\/01\/icono-PDF-copia-2-2.png\" alt=\"\" width=\"121\" height=\"140\" \/><\/a><\/p>\n","protected":false},"featured_media":5998,"comment_status":"open","ping_status":"closed","template":"","meta":{"spay_email":""},"product_cat":[603],"product_tag":[],"class_list":{"0":"post-6193","1":"product","2":"type-product","3":"status-publish","4":"has-post-thumbnail","6":"book_author-mario-livio","7":"product_cat-psicologia-neurociencia","8":"entry"},"_links":{"self":[{"href":"https:\/\/tavapy.gov.py\/biblioteca\/wp-json\/wp\/v2\/product\/6193","targetHints":{"allow":["GET"]}}],"collection":[{"href":"https:\/\/tavapy.gov.py\/biblioteca\/wp-json\/wp\/v2\/product"}],"about":[{"href":"https:\/\/tavapy.gov.py\/biblioteca\/wp-json\/wp\/v2\/types\/product"}],"replies":[{"embeddable":true,"href":"https:\/\/tavapy.gov.py\/biblioteca\/wp-json\/wp\/v2\/comments?post=6193"}],"wp:featuredmedia":[{"embeddable":true,"href":"https:\/\/tavapy.gov.py\/biblioteca\/wp-json\/wp\/v2\/media\/5998"}],"wp:attachment":[{"href":"https:\/\/tavapy.gov.py\/biblioteca\/wp-json\/wp\/v2\/media?parent=6193"}],"wp:term":[{"taxonomy":"product_cat","embeddable":true,"href":"https:\/\/tavapy.gov.py\/biblioteca\/wp-json\/wp\/v2\/product_cat?post=6193"},{"taxonomy":"product_tag","embeddable":true,"href":"https:\/\/tavapy.gov.py\/biblioteca\/wp-json\/wp\/v2\/product_tag?post=6193"}],"curies":[{"name":"wp","href":"https:\/\/api.w.org\/{rel}","templated":true}]}}