{"id":6194,"date":"2023-01-19T03:20:10","date_gmt":"2023-01-19T03:20:10","guid":{"rendered":"https:\/\/tavapy.gov.py\/biblioteca\/?post_type=product&#038;p=6194"},"modified":"2023-01-19T03:20:11","modified_gmt":"2023-01-19T03:20:11","slug":"danza-misteriosa","status":"publish","type":"product","link":"https:\/\/tavapy.gov.py\/biblioteca\/product\/danza-misteriosa\/","title":{"rendered":"DANZA MISTERIOSA."},"content":{"rendered":"","protected":false},"excerpt":{"rendered":"<p>Tomando como imagen metaf\u00f3rica una bailarina de strip-tease, los autores recorren hacia el pasado: hacia el Homo Erectus, el chimpanc\u00e9, los reptiles o las bacterias, el camino atravesado por la sexualidad desde que apareci\u00f3 hace millones de a\u00f1os.<\/p>\n<p>Lo que emerge es una enorme variedad de experiencias sexuales con lo que el punto de vista moral sobre la sexualidad queda totalmente relativizado.<\/p>\n<p>La obra \u201cLa danza misteriosa\u201d fue publicada en 1.992.<\/p>\n<p><a href=\"https:\/\/tavapy.gov.py\/biblioteca\/wp-content\/uploads\/2023\/01\/MargulisL-Danza-Misteriosa.pdf\" target=\"_blank\" rel=\"attachment noopener wp-att-6109\"><img loading=\"lazy\" decoding=\"async\" class=\"size-full wp-image-6109 alignleft\" src=\"https:\/\/tavapy.gov.py\/biblioteca\/wp-content\/uploads\/2023\/01\/icono-PDF-copia-2-2.png\" alt=\"\" width=\"121\" height=\"140\" \/><\/a><\/p>\n","protected":false},"featured_media":6000,"comment_status":"open","ping_status":"closed","template":"","meta":{"spay_email":""},"product_cat":[748],"product_tag":[],"class_list":{"0":"post-6194","1":"product","2":"type-product","3":"status-publish","4":"has-post-thumbnail","6":"book_author-lynn-margulis","7":"product_cat-ciencias-enfoque-interdisciplinar","8":"entry"},"_links":{"self":[{"href":"https:\/\/tavapy.gov.py\/biblioteca\/wp-json\/wp\/v2\/product\/6194","targetHints":{"allow":["GET"]}}],"collection":[{"href":"https:\/\/tavapy.gov.py\/biblioteca\/wp-json\/wp\/v2\/product"}],"about":[{"href":"https:\/\/tavapy.gov.py\/biblioteca\/wp-json\/wp\/v2\/types\/product"}],"replies":[{"embeddable":true,"href":"https:\/\/tavapy.gov.py\/biblioteca\/wp-json\/wp\/v2\/comments?post=6194"}],"wp:featuredmedia":[{"embeddable":true,"href":"https:\/\/tavapy.gov.py\/biblioteca\/wp-json\/wp\/v2\/media\/6000"}],"wp:attachment":[{"href":"https:\/\/tavapy.gov.py\/biblioteca\/wp-json\/wp\/v2\/media?parent=6194"}],"wp:term":[{"taxonomy":"product_cat","embeddable":true,"href":"https:\/\/tavapy.gov.py\/biblioteca\/wp-json\/wp\/v2\/product_cat?post=6194"},{"taxonomy":"product_tag","embeddable":true,"href":"https:\/\/tavapy.gov.py\/biblioteca\/wp-json\/wp\/v2\/product_tag?post=6194"}],"curies":[{"name":"wp","href":"https:\/\/api.w.org\/{rel}","templated":true}]}}