{"id":6196,"date":"2023-01-19T03:28:38","date_gmt":"2023-01-19T03:28:38","guid":{"rendered":"https:\/\/tavapy.gov.py\/biblioteca\/?post_type=product&#038;p=6196"},"modified":"2023-01-19T03:28:39","modified_gmt":"2023-01-19T03:28:39","slug":"cultura-y-compromiso","status":"publish","type":"product","link":"https:\/\/tavapy.gov.py\/biblioteca\/product\/cultura-y-compromiso\/","title":{"rendered":"CULTURA Y COMPROMISO."},"content":{"rendered":"","protected":false},"excerpt":{"rendered":"<p>Desde su larga y madura experiencia como antrop\u00f3loga, Margaret Mead interroga aqu\u00ed la esencia de la historia en tanto proceso de transmisi\u00f3n de saberes y valores. \u00bfCu\u00e1les son los compromisos que hoy en d\u00eda pueden asumir todav\u00eda las generaciones j\u00f3venes con los legados del pasado? se pregunta la autora.<\/p>\n<p>Y este texto publicado en 1.970 es una invitaci\u00f3n y un desaf\u00edo para reflexionar sobre el incierto e inquietante devenir de la humanidad.<\/p>\n<p><a href=\"https:\/\/tavapy.gov.py\/biblioteca\/wp-content\/uploads\/2023\/01\/MeadM-Cultura-y-compromiso.pdf\" target=\"_blank\" rel=\"attachment noopener wp-att-6109\"><img loading=\"lazy\" decoding=\"async\" class=\"size-full wp-image-6109 alignleft\" src=\"https:\/\/tavapy.gov.py\/biblioteca\/wp-content\/uploads\/2023\/01\/icono-PDF-copia-2-2.png\" alt=\"\" width=\"121\" height=\"140\" \/><\/a><\/p>\n","protected":false},"featured_media":6004,"comment_status":"open","ping_status":"closed","template":"","meta":{"spay_email":""},"product_cat":[116],"product_tag":[],"class_list":{"0":"post-6196","1":"product","2":"type-product","3":"status-publish","4":"has-post-thumbnail","6":"book_author-margaret-mead","7":"product_cat-antropologia-socio-cultural","8":"entry"},"_links":{"self":[{"href":"https:\/\/tavapy.gov.py\/biblioteca\/wp-json\/wp\/v2\/product\/6196","targetHints":{"allow":["GET"]}}],"collection":[{"href":"https:\/\/tavapy.gov.py\/biblioteca\/wp-json\/wp\/v2\/product"}],"about":[{"href":"https:\/\/tavapy.gov.py\/biblioteca\/wp-json\/wp\/v2\/types\/product"}],"replies":[{"embeddable":true,"href":"https:\/\/tavapy.gov.py\/biblioteca\/wp-json\/wp\/v2\/comments?post=6196"}],"wp:featuredmedia":[{"embeddable":true,"href":"https:\/\/tavapy.gov.py\/biblioteca\/wp-json\/wp\/v2\/media\/6004"}],"wp:attachment":[{"href":"https:\/\/tavapy.gov.py\/biblioteca\/wp-json\/wp\/v2\/media?parent=6196"}],"wp:term":[{"taxonomy":"product_cat","embeddable":true,"href":"https:\/\/tavapy.gov.py\/biblioteca\/wp-json\/wp\/v2\/product_cat?post=6196"},{"taxonomy":"product_tag","embeddable":true,"href":"https:\/\/tavapy.gov.py\/biblioteca\/wp-json\/wp\/v2\/product_tag?post=6196"}],"curies":[{"name":"wp","href":"https:\/\/api.w.org\/{rel}","templated":true}]}}