{"id":6197,"date":"2023-01-19T03:33:21","date_gmt":"2023-01-19T03:33:21","guid":{"rendered":"https:\/\/tavapy.gov.py\/biblioteca\/?post_type=product&#038;p=6197"},"modified":"2023-01-19T03:33:22","modified_gmt":"2023-01-19T03:33:22","slug":"sexo-y-temperamento","status":"publish","type":"product","link":"https:\/\/tavapy.gov.py\/biblioteca\/product\/sexo-y-temperamento\/","title":{"rendered":"SEXO Y TEMPERAMENTO."},"content":{"rendered":"","protected":false},"excerpt":{"rendered":"<p>Margaret Mead examina el problema de las relaciones entre personalidad y cultura a trav\u00e9s del estudio de la psicolog\u00eda de los sexos en distintas sociedades. Y llega a una conclusi\u00f3n sorprendente: los distintos rasgos psicol\u00f3gicos que en nuestra sociedad atribuimos al temperamento femenino y al masculino no constituyen el producto de un determinismo biol\u00f3gico, sino que derivan de una particular estructura cultural, de modo que en otras culturas tales diferencias pueden no existir o darse de manera muy diferente o incluso opuesta.<\/p>\n<p>Este descubrimiento arroj\u00f3 en su d\u00eda nueva luz sobre la crisis de la personalidad del hombre y la mujer contempor\u00e1neos, que la autora examina bas\u00e1ndose en los resultados de sus investigaciones.<\/p>\n<p>La obra \u201cSexo y temperamento\u201d fue publicada en 1.935.<\/p>\n<p><a href=\"https:\/\/tavapy.gov.py\/biblioteca\/wp-content\/uploads\/2023\/01\/MeadM-Sexo-y-temperamento-en-sociedades-primitivas-vl.pdf\" target=\"_blank\" rel=\"attachment noopener wp-att-6109\"><img loading=\"lazy\" decoding=\"async\" class=\"size-full wp-image-6109 alignleft\" src=\"https:\/\/tavapy.gov.py\/biblioteca\/wp-content\/uploads\/2023\/01\/icono-PDF-copia-2-2.png\" alt=\"\" width=\"121\" height=\"140\" \/><\/a><\/p>\n","protected":false},"featured_media":6006,"comment_status":"open","ping_status":"closed","template":"","meta":{"spay_email":""},"product_cat":[116],"product_tag":[],"class_list":{"0":"post-6197","1":"product","2":"type-product","3":"status-publish","4":"has-post-thumbnail","6":"book_author-margaret-mead","7":"product_cat-antropologia-socio-cultural","8":"entry"},"_links":{"self":[{"href":"https:\/\/tavapy.gov.py\/biblioteca\/wp-json\/wp\/v2\/product\/6197","targetHints":{"allow":["GET"]}}],"collection":[{"href":"https:\/\/tavapy.gov.py\/biblioteca\/wp-json\/wp\/v2\/product"}],"about":[{"href":"https:\/\/tavapy.gov.py\/biblioteca\/wp-json\/wp\/v2\/types\/product"}],"replies":[{"embeddable":true,"href":"https:\/\/tavapy.gov.py\/biblioteca\/wp-json\/wp\/v2\/comments?post=6197"}],"wp:featuredmedia":[{"embeddable":true,"href":"https:\/\/tavapy.gov.py\/biblioteca\/wp-json\/wp\/v2\/media\/6006"}],"wp:attachment":[{"href":"https:\/\/tavapy.gov.py\/biblioteca\/wp-json\/wp\/v2\/media?parent=6197"}],"wp:term":[{"taxonomy":"product_cat","embeddable":true,"href":"https:\/\/tavapy.gov.py\/biblioteca\/wp-json\/wp\/v2\/product_cat?post=6197"},{"taxonomy":"product_tag","embeddable":true,"href":"https:\/\/tavapy.gov.py\/biblioteca\/wp-json\/wp\/v2\/product_tag?post=6197"}],"curies":[{"name":"wp","href":"https:\/\/api.w.org\/{rel}","templated":true}]}}