{"id":6200,"date":"2023-01-19T11:14:37","date_gmt":"2023-01-19T11:14:37","guid":{"rendered":"https:\/\/tavapy.gov.py\/biblioteca\/?post_type=product&#038;p=6200"},"modified":"2023-01-19T11:17:00","modified_gmt":"2023-01-19T11:17:00","slug":"salvese-quien-pueda-el-futuro-del-trabajo-y-los-trabajadores-del-futuro","status":"publish","type":"product","link":"https:\/\/tavapy.gov.py\/biblioteca\/product\/salvese-quien-pueda-el-futuro-del-trabajo-y-los-trabajadores-del-futuro\/","title":{"rendered":"\u00a1S\u00c1LVESE QUIEN PUEDA!: EL FUTURO DEL TRABAJO Y LOS TRABAJADORES DEL FUTURO."},"content":{"rendered":"","protected":false},"excerpt":{"rendered":"<p>Hasta la mitad de empleos ser\u00e1n reemplazados por robots o por inteligencia artificial en las pr\u00f3ximas d\u00e9cadas.<\/p>\n<p>\u00bfEstamos preparados?<\/p>\n<p>Con la lucidez y la elocuencia que le caracteriza, Andr\u00e9s Oppenheimer aborda un fen\u00f3meno que est\u00e1 a punto de transformar la sociedad de manera radical: la probabilidad de que, en las pr\u00f3ximas dos d\u00e9cadas, casi la mitad de nuestros trabajos sean reemplazados por ordenadores y sistemas de inteligencia artificial.<\/p>\n<p>Abogados, contables, m\u00e9dicos, comunicadores, vendedores, banqueros, maestros, obreros, restauradores, analistas, ch\u00f3feres, estudiantes&#8230; temblad. O, como m\u00ednimo, preparaos.<\/p>\n<p>Tras a\u00f1os de investigaci\u00f3n a lo largo y ancho del mundo, Oppenheimer nos ofrece en este brillante libro publicado en el 2.014, soluciones para enfrentarnos a la inminente revoluci\u00f3n del mercado laboral. Asimismo, el periodista nos cuenta cu\u00e1les son los puestos de trabajo que estar\u00e1n a salvo de la amenaza de los robots en un futuro que se presenta incierto para millones de trabajadores y explica qu\u00e9 pa\u00edses se ver\u00e1n m\u00e1s afectados por este fen\u00f3meno y a qu\u00e9 ritmo.<\/p>\n<p><a href=\"https:\/\/tavapy.gov.py\/biblioteca\/wp-content\/uploads\/2023\/01\/OppenheimerA-\u00a1Salvese-quien-pueda.pdf\" target=\"_blank\" rel=\"attachment noopener wp-att-6109\"><img loading=\"lazy\" decoding=\"async\" class=\"size-full wp-image-6109 alignleft\" src=\"https:\/\/tavapy.gov.py\/biblioteca\/wp-content\/uploads\/2023\/01\/icono-PDF-copia-2-2.png\" alt=\"\" width=\"121\" height=\"140\" \/><\/a><\/p>\n","protected":false},"featured_media":6008,"comment_status":"open","ping_status":"closed","template":"","meta":{"spay_email":""},"product_cat":[749],"product_tag":[],"class_list":{"0":"post-6200","1":"product","2":"type-product","3":"status-publish","4":"has-post-thumbnail","6":"book_author-andres-oppenheimer","7":"product_cat-periodismo-de-investigacion-empresas-empleos-recursos-humanos","8":"entry"},"_links":{"self":[{"href":"https:\/\/tavapy.gov.py\/biblioteca\/wp-json\/wp\/v2\/product\/6200","targetHints":{"allow":["GET"]}}],"collection":[{"href":"https:\/\/tavapy.gov.py\/biblioteca\/wp-json\/wp\/v2\/product"}],"about":[{"href":"https:\/\/tavapy.gov.py\/biblioteca\/wp-json\/wp\/v2\/types\/product"}],"replies":[{"embeddable":true,"href":"https:\/\/tavapy.gov.py\/biblioteca\/wp-json\/wp\/v2\/comments?post=6200"}],"wp:featuredmedia":[{"embeddable":true,"href":"https:\/\/tavapy.gov.py\/biblioteca\/wp-json\/wp\/v2\/media\/6008"}],"wp:attachment":[{"href":"https:\/\/tavapy.gov.py\/biblioteca\/wp-json\/wp\/v2\/media?parent=6200"}],"wp:term":[{"taxonomy":"product_cat","embeddable":true,"href":"https:\/\/tavapy.gov.py\/biblioteca\/wp-json\/wp\/v2\/product_cat?post=6200"},{"taxonomy":"product_tag","embeddable":true,"href":"https:\/\/tavapy.gov.py\/biblioteca\/wp-json\/wp\/v2\/product_tag?post=6200"}],"curies":[{"name":"wp","href":"https:\/\/api.w.org\/{rel}","templated":true}]}}