{"id":6202,"date":"2023-01-19T11:22:09","date_gmt":"2023-01-19T11:22:09","guid":{"rendered":"https:\/\/tavapy.gov.py\/biblioteca\/?post_type=product&#038;p=6202"},"modified":"2023-01-19T11:23:40","modified_gmt":"2023-01-19T11:23:40","slug":"crear-o-morir-la-esperanza-de-latinoamerica-y-las-cinco-claves-de-la-innovacion","status":"publish","type":"product","link":"https:\/\/tavapy.gov.py\/biblioteca\/product\/crear-o-morir-la-esperanza-de-latinoamerica-y-las-cinco-claves-de-la-innovacion\/","title":{"rendered":"\u00a1CREAR O MORIR!: LA ESPERANZA DE LATINOAM\u00c9RICA Y LAS CINCO CLAVES DE LA INNOVACI\u00d3N."},"content":{"rendered":"","protected":false},"excerpt":{"rendered":"<p>Con un sorprendente y estimulante optimismo, Andr\u00e9s Oppenheimer revela en este libro las claves del \u00e9xito en el siglo XXI, en que la innovaci\u00f3n y la creatividad ser\u00e1n los pilares del progreso.<\/p>\n<p>\u00bfQu\u00e9 debemos hacer como personas y pa\u00edses para avanzar en la econom\u00eda de la innovaci\u00f3n? \u00bfQu\u00e9 debemos hacer para producir innovadores de talla mundial como Steve Jobs?<\/p>\n<p>Para averiguarlo, Oppenheimer -el periodista iberoamericano m\u00e1s galardonado a escala internacional- explora los secretos de varios innovadores en la actualidad en esta obra publicada en el 2.014.<\/p>\n<p>As\u00ed, analiza casos como el de Pep Guardiola, el entrenador de futbol que llev\u00f3 al F.C. Barcelona a su \u00e9poca m\u00e1s gloriosa; el chef Gast\u00f3n Acurio, quien convirti\u00f3 la comida peruana en un motor de crecimiento econ\u00f3mico; el estadounidense Bre Pettis, un ex profesor que est\u00e1 revolucionando la industria de las impresoras 3D, o sir Richard Branson, el magnate brit\u00e1nico que est\u00e1 creando una industria de turismo espacial.<\/p>\n<p>A partir de esas historias, con su lucidez y amenidad habituales, Oppenheimer extrae conclusiones concretas para ayudarnos a detonar el gran potencial creativo de nuestras sociedades.<\/p>\n<p><a href=\"https:\/\/tavapy.gov.py\/biblioteca\/wp-content\/uploads\/2023\/01\/OppenheimerA-Crear-o-morir.pdf\" target=\"_blank\" rel=\"attachment noopener wp-att-6109\"><img loading=\"lazy\" decoding=\"async\" class=\"size-full wp-image-6109 alignleft\" src=\"https:\/\/tavapy.gov.py\/biblioteca\/wp-content\/uploads\/2023\/01\/icono-PDF-copia-2-2.png\" alt=\"\" width=\"121\" height=\"140\" \/><\/a><\/p>\n","protected":false},"featured_media":6010,"comment_status":"open","ping_status":"closed","template":"","meta":{"spay_email":""},"product_cat":[742],"product_tag":[],"class_list":{"0":"post-6202","1":"product","2":"type-product","3":"status-publish","4":"has-post-thumbnail","6":"book_author-andres-oppenheimer","7":"product_cat-empresas-gestion-empresarial","8":"entry"},"_links":{"self":[{"href":"https:\/\/tavapy.gov.py\/biblioteca\/wp-json\/wp\/v2\/product\/6202","targetHints":{"allow":["GET"]}}],"collection":[{"href":"https:\/\/tavapy.gov.py\/biblioteca\/wp-json\/wp\/v2\/product"}],"about":[{"href":"https:\/\/tavapy.gov.py\/biblioteca\/wp-json\/wp\/v2\/types\/product"}],"replies":[{"embeddable":true,"href":"https:\/\/tavapy.gov.py\/biblioteca\/wp-json\/wp\/v2\/comments?post=6202"}],"wp:featuredmedia":[{"embeddable":true,"href":"https:\/\/tavapy.gov.py\/biblioteca\/wp-json\/wp\/v2\/media\/6010"}],"wp:attachment":[{"href":"https:\/\/tavapy.gov.py\/biblioteca\/wp-json\/wp\/v2\/media?parent=6202"}],"wp:term":[{"taxonomy":"product_cat","embeddable":true,"href":"https:\/\/tavapy.gov.py\/biblioteca\/wp-json\/wp\/v2\/product_cat?post=6202"},{"taxonomy":"product_tag","embeddable":true,"href":"https:\/\/tavapy.gov.py\/biblioteca\/wp-json\/wp\/v2\/product_tag?post=6202"}],"curies":[{"name":"wp","href":"https:\/\/api.w.org\/{rel}","templated":true}]}}