{"id":6203,"date":"2023-01-19T11:32:05","date_gmt":"2023-01-19T11:32:05","guid":{"rendered":"https:\/\/tavapy.gov.py\/biblioteca\/?post_type=product&#038;p=6203"},"modified":"2023-01-19T11:32:06","modified_gmt":"2023-01-19T11:32:06","slug":"ojos-vendados-estados-unidos-y-el-negocio-de-la-corrupcion-en-america-latina","status":"publish","type":"product","link":"https:\/\/tavapy.gov.py\/biblioteca\/product\/ojos-vendados-estados-unidos-y-el-negocio-de-la-corrupcion-en-america-latina\/","title":{"rendered":"OJOS VENDADOS: ESTADOS UNIDOS Y EL NEGOCIO DE LA CORRUPCI\u00d3N EN AM\u00c9RICA LATINA."},"content":{"rendered":"","protected":false},"excerpt":{"rendered":"<p>Este libro publicado en el 2.001 puede ser le\u00eddo como una novela, pero todos los nombres y acontecimientos que aparecen en las p\u00e1ginas siguientes son reales, producto de una investigaci\u00f3n que llevo cuatro a\u00f1os e incluso m\u00e1s de 300 entrevistas en 5 pa\u00edses.<\/p>\n<p>Su objetivo es relativamente sencillo: demostrar que el c\u00e1ncer de la corrupci\u00f3n esta tan avanzado en las democracias emergentes de Am\u00e9rica Latina que dif\u00edcilmente podr\u00e1 ser extirpado -o menos detenido- sin medidas dr\u00e1sticas de ayuda por parte de Estados Unidos y Europa. As\u00ed comienza ojos vendados, el nuevo libro del columnista de The Miami Herald y analista pol\u00edtico de la CNN Andr\u00e9s Oppenheimer.<\/p>\n<p>Esta vez, el autor pone su lupa sobre los esc\u00e1ndalos de corrupci\u00f3n que involucraron a conocidas empresas multinacionales -como Citabank e IBM- y al gobierno de los Estados Unidos en casos que sacudieron a varios pa\u00edses latinoamericanos.<\/p>\n<p>\u00bfQu\u00e9 ocurri\u00f3 entre bambalinas dentro de estas corporaciones y como actuaron los encargados de investigarlas? Dando a conocer, por primera vez, memorandos intentos, grabaciones telef\u00f3nicas y cables diplom\u00e1ticos de Estados Unidos sobre episodios que conmovieron a la Argentina, M\u00e9xico, Colombia y otros pa\u00edses de la regi\u00f3n, Oppenheimer expone una red de complicidades y negligencias que hasta ahora han dificultado una lucha efectiva contra la corrupci\u00f3n.<\/p>\n<p>Y lo hace de manera magistral: el ritmo y el suspenso en el armado de la trama nos hace sospechar que si existiese la posibilidad de incluir un verdadero thriller de alto voltaje pol\u00edtico y financiero dentro de la investigaci\u00f3n period\u00edstica, sin duda este lugar le estar\u00eda reservado a Ojos vendados.<\/p>\n<p><a href=\"https:\/\/tavapy.gov.py\/biblioteca\/wp-content\/uploads\/2023\/01\/OppenheimerA-Ojos-vendados.pdf\" target=\"_blank\" rel=\"attachment noopener wp-att-6109\"><img loading=\"lazy\" decoding=\"async\" class=\"size-full wp-image-6109 alignleft\" src=\"https:\/\/tavapy.gov.py\/biblioteca\/wp-content\/uploads\/2023\/01\/icono-PDF-copia-2-2.png\" alt=\"\" width=\"121\" height=\"140\" \/><\/a><\/p>\n","protected":false},"featured_media":6012,"comment_status":"open","ping_status":"closed","template":"","meta":{"spay_email":""},"product_cat":[750],"product_tag":[],"class_list":{"0":"post-6203","1":"product","2":"type-product","3":"status-publish","4":"has-post-thumbnail","6":"book_author-andres-oppenheimer","7":"product_cat-ciencias-politicas-y-sociales-politica-internacional","8":"entry"},"_links":{"self":[{"href":"https:\/\/tavapy.gov.py\/biblioteca\/wp-json\/wp\/v2\/product\/6203","targetHints":{"allow":["GET"]}}],"collection":[{"href":"https:\/\/tavapy.gov.py\/biblioteca\/wp-json\/wp\/v2\/product"}],"about":[{"href":"https:\/\/tavapy.gov.py\/biblioteca\/wp-json\/wp\/v2\/types\/product"}],"replies":[{"embeddable":true,"href":"https:\/\/tavapy.gov.py\/biblioteca\/wp-json\/wp\/v2\/comments?post=6203"}],"wp:featuredmedia":[{"embeddable":true,"href":"https:\/\/tavapy.gov.py\/biblioteca\/wp-json\/wp\/v2\/media\/6012"}],"wp:attachment":[{"href":"https:\/\/tavapy.gov.py\/biblioteca\/wp-json\/wp\/v2\/media?parent=6203"}],"wp:term":[{"taxonomy":"product_cat","embeddable":true,"href":"https:\/\/tavapy.gov.py\/biblioteca\/wp-json\/wp\/v2\/product_cat?post=6203"},{"taxonomy":"product_tag","embeddable":true,"href":"https:\/\/tavapy.gov.py\/biblioteca\/wp-json\/wp\/v2\/product_tag?post=6203"}],"curies":[{"name":"wp","href":"https:\/\/api.w.org\/{rel}","templated":true}]}}