{"id":6205,"date":"2023-01-19T11:59:58","date_gmt":"2023-01-19T11:59:58","guid":{"rendered":"https:\/\/tavapy.gov.py\/biblioteca\/?post_type=product&#038;p=6205"},"modified":"2023-01-19T11:59:58","modified_gmt":"2023-01-19T11:59:58","slug":"mas-alla-de-la-fe-el-evangelio-secreto-de-tomas","status":"publish","type":"product","link":"https:\/\/tavapy.gov.py\/biblioteca\/product\/mas-alla-de-la-fe-el-evangelio-secreto-de-tomas\/","title":{"rendered":"M\u00c1S ALL\u00c1 DE LA FE. EL EVANGELIO SECRETO DE TOM\u00c1S."},"content":{"rendered":"","protected":false},"excerpt":{"rendered":"<p>Elaine Pagels, quiz\u00e1 la mayor autoridad en el estudio de las religiones y su historia, nos ofrece en este libro publicado en el 2.004, una nueva visi\u00f3n del sentimiento religioso y espiritual que requiere nuestra \u00e9poca. El libro se inicia con el estudio de los or\u00edgenes del cristianismo a trav\u00e9s de m\u00e1s de cincuenta textos primitivos, desconocidos hasta ahora, incluido el evangelio secreto de Tom\u00e1s, descubierto en Egipto en 1945.<\/p>\n<p>Explora a continuaci\u00f3n las fuentes hist\u00f3ricas y arqueol\u00f3gicas para entender lo que Jes\u00fas y sus ense\u00f1anzas significaron para sus seguidores, antes de que se fosilizaran en la doctrina del cristianismo tal como la conocemos hoy. Para dar fuerza y poder al cristianismo en tiempos de persecuci\u00f3n, los padres de la iglesia construyeron el canon, el credo y la jerarqu\u00eda escogiendo determinados evangelios y repudiando otros, suprimiendo en ese proceso muchos de sus recursos espirituales.<\/p>\n<p>Lo que la profesora Pagels pretende explicarnos es que, si somos capaces de recuperar lo mejor del juda\u00edsmo y del cristianismo, nuestros corazones y nuestras mentes pueden abrazar un camino de espiritualidad que nos inspire la visi\u00f3n de una nueva sociedad basada en la justicia y en el amor.<\/p>\n<p>Nos dice Pagels: \u00ablo que m\u00e1s admiro en la riqueza y diversidad de nuestras tradiciones religiosas es el testimonio de innumerables personas que luchan por descubrir la vida espiritual y nos dicen, con Jes\u00fas, \u00abbuscad, y encontrar\u00e9is\u00bb\u00bb. \u00abAquellos que sienten la llamada de la espiritualidad pero que no se ven capaces de aceptar las doctrinas oficiales de su iglesia, encontrar\u00e1n en este maravilloso libro una fuente inagotable de inspiraci\u00f3n y esperanza\u00bb.<\/p>\n<p><a href=\"https:\/\/tavapy.gov.py\/biblioteca\/wp-content\/uploads\/2023\/01\/PagelsE-Mas-alla-de-la-fe.pdf\" target=\"_blank\" rel=\"attachment noopener wp-att-6109\"><img loading=\"lazy\" decoding=\"async\" class=\"size-full wp-image-6109 alignleft\" src=\"https:\/\/tavapy.gov.py\/biblioteca\/wp-content\/uploads\/2023\/01\/icono-PDF-copia-2-2.png\" alt=\"\" width=\"121\" height=\"140\" \/><\/a><\/p>\n","protected":false},"featured_media":6016,"comment_status":"open","ping_status":"closed","template":"","meta":{"spay_email":""},"product_cat":[751],"product_tag":[],"class_list":{"0":"post-6205","1":"product","2":"type-product","3":"status-publish","4":"has-post-thumbnail","6":"book_author-elaine-pagels","7":"product_cat-historia-del-cristianismo","8":"entry"},"_links":{"self":[{"href":"https:\/\/tavapy.gov.py\/biblioteca\/wp-json\/wp\/v2\/product\/6205","targetHints":{"allow":["GET"]}}],"collection":[{"href":"https:\/\/tavapy.gov.py\/biblioteca\/wp-json\/wp\/v2\/product"}],"about":[{"href":"https:\/\/tavapy.gov.py\/biblioteca\/wp-json\/wp\/v2\/types\/product"}],"replies":[{"embeddable":true,"href":"https:\/\/tavapy.gov.py\/biblioteca\/wp-json\/wp\/v2\/comments?post=6205"}],"wp:featuredmedia":[{"embeddable":true,"href":"https:\/\/tavapy.gov.py\/biblioteca\/wp-json\/wp\/v2\/media\/6016"}],"wp:attachment":[{"href":"https:\/\/tavapy.gov.py\/biblioteca\/wp-json\/wp\/v2\/media?parent=6205"}],"wp:term":[{"taxonomy":"product_cat","embeddable":true,"href":"https:\/\/tavapy.gov.py\/biblioteca\/wp-json\/wp\/v2\/product_cat?post=6205"},{"taxonomy":"product_tag","embeddable":true,"href":"https:\/\/tavapy.gov.py\/biblioteca\/wp-json\/wp\/v2\/product_tag?post=6205"}],"curies":[{"name":"wp","href":"https:\/\/api.w.org\/{rel}","templated":true}]}}