{"id":6206,"date":"2023-01-19T14:16:48","date_gmt":"2023-01-19T14:16:48","guid":{"rendered":"https:\/\/tavapy.gov.py\/biblioteca\/?post_type=product&#038;p=6206"},"modified":"2023-01-19T14:16:48","modified_gmt":"2023-01-19T14:16:48","slug":"conocimiento-objetivo-un-enfoque-evolucionista","status":"publish","type":"product","link":"https:\/\/tavapy.gov.py\/biblioteca\/product\/conocimiento-objetivo-un-enfoque-evolucionista\/","title":{"rendered":"CONOCIMIENTO OBJETIVO: UN ENFOQUE EVOLUCIONISTA."},"content":{"rendered":"","protected":false},"excerpt":{"rendered":"<p>En este libro publicado en 1.973 el punto de partida de la epistemolog\u00eda de Popper es el realismo del sentido com\u00fan, realismo cr\u00edtico por cuanto que afirma constantemente \u2014en contra del mito del marco te\u00f3rico\u2014 la necesidad de poner en tela de juicio el propio punto de partida.<\/p>\n<p>Sin embargo, el autor rechaza la teor\u00eda del conocimiento del sentido com\u00fan que concibe el conocimiento como un proceso pasivo \u2014teor\u00eda del cubo\u2014, consistente en acumular los datos directamente recibidos a trav\u00e9s de los sentidos, para situar en su lugar una concepci\u00f3n activa del conocer \u2014teor\u00eda del reflector\u2014, necesariamente ligada a expectativas previas; de modo an\u00e1logo a como ocurre en el proceso de la evoluci\u00f3n biol\u00f3gica.<\/p>\n<p>Tanto la evoluci\u00f3n como el desarrollo del conocimiento exigen una estructura innata gen\u00e9ticamente a priori \u2014aunque no v\u00e1lida a priori\u2014, que suministra el material de partida que la selecci\u00f3n natural o la cr\u00edtica racional han de modificar para producir el siguiente estadio de desarrollo.<\/p>\n<p>Desde esta perspectiva, se lleva a cabo la cr\u00edtica del inductivismo, poniendo en tela de juicio el car\u00e1cter definitivo de toda pretensi\u00f3n de conocer, abogando por una cr\u00edtica continua y sin fronteras de todas sus instancias, que no son m\u00e1s que conjeturas provisionales.<\/p>\n<p><a href=\"https:\/\/tavapy.gov.py\/biblioteca\/wp-content\/uploads\/2023\/01\/PopperK-Conocimiento-objetivo.pdf\" target=\"_blank\" rel=\"attachment noopener wp-att-6109\"><img loading=\"lazy\" decoding=\"async\" class=\"size-full wp-image-6109 alignleft\" src=\"https:\/\/tavapy.gov.py\/biblioteca\/wp-content\/uploads\/2023\/01\/icono-PDF-copia-2-2.png\" alt=\"\" width=\"121\" height=\"140\" \/><\/a><\/p>\n","protected":false},"featured_media":6018,"comment_status":"open","ping_status":"closed","template":"","meta":{"spay_email":""},"product_cat":[470],"product_tag":[],"class_list":{"0":"post-6206","1":"product","2":"type-product","3":"status-publish","4":"has-post-thumbnail","6":"book_author-karl-popper","7":"product_cat-filosofia-de-la-ciencia","8":"entry"},"_links":{"self":[{"href":"https:\/\/tavapy.gov.py\/biblioteca\/wp-json\/wp\/v2\/product\/6206","targetHints":{"allow":["GET"]}}],"collection":[{"href":"https:\/\/tavapy.gov.py\/biblioteca\/wp-json\/wp\/v2\/product"}],"about":[{"href":"https:\/\/tavapy.gov.py\/biblioteca\/wp-json\/wp\/v2\/types\/product"}],"replies":[{"embeddable":true,"href":"https:\/\/tavapy.gov.py\/biblioteca\/wp-json\/wp\/v2\/comments?post=6206"}],"wp:featuredmedia":[{"embeddable":true,"href":"https:\/\/tavapy.gov.py\/biblioteca\/wp-json\/wp\/v2\/media\/6018"}],"wp:attachment":[{"href":"https:\/\/tavapy.gov.py\/biblioteca\/wp-json\/wp\/v2\/media?parent=6206"}],"wp:term":[{"taxonomy":"product_cat","embeddable":true,"href":"https:\/\/tavapy.gov.py\/biblioteca\/wp-json\/wp\/v2\/product_cat?post=6206"},{"taxonomy":"product_tag","embeddable":true,"href":"https:\/\/tavapy.gov.py\/biblioteca\/wp-json\/wp\/v2\/product_tag?post=6206"}],"curies":[{"name":"wp","href":"https:\/\/api.w.org\/{rel}","templated":true}]}}