{"id":6207,"date":"2023-01-19T14:25:04","date_gmt":"2023-01-19T14:25:04","guid":{"rendered":"https:\/\/tavapy.gov.py\/biblioteca\/?post_type=product&#038;p=6207"},"modified":"2023-01-19T14:25:04","modified_gmt":"2023-01-19T14:25:04","slug":"el-cuerpo-y-la-mente","status":"publish","type":"product","link":"https:\/\/tavapy.gov.py\/biblioteca\/product\/el-cuerpo-y-la-mente\/","title":{"rendered":"EL CUERPO Y LA MENTE."},"content":{"rendered":"","protected":false},"excerpt":{"rendered":"<p>Para Karl Popper la raz\u00f3n fue siempre la \u00fanica defensa contra la violencia. La racionalidad es la disposici\u00f3n a aprender de nuestros errores. La b\u00fasqueda del conocimiento objetivo ha sido el \u00faltimo paso en la evoluci\u00f3n de la especie humana.<\/p>\n<p>En este libro publicado en 1.994, Popper vuelve a tratar de manera extremadamente clara algunos de los temas m\u00e1s importantes de su obra: la distinci\u00f3n entre la realidad f\u00edsica (mundo 1), los estados mentales (mundo 2) y los productos de la inteligencia humana (mundo 3); la descripci\u00f3n de la vida como una continuada resoluci\u00f3n de problemas; la teor\u00eda de la evoluci\u00f3n emergente; el juego de las conjeturas y las refutaciones&#8230;<\/p>\n<p>Estos temas se articulan alrededor de un peliagudo problema: la relaci\u00f3n mente-cuerpo. Popper estudia la funci\u00f3n de la conciencia y su relaci\u00f3n con el lenguaje, y defiende la interacci\u00f3n de los fen\u00f3menos f\u00edsicos y los mentales. El centro del habla es el lugar donde el yo y el cerebro interact\u00faan.<\/p>\n<p><a href=\"https:\/\/tavapy.gov.py\/biblioteca\/wp-content\/uploads\/2023\/01\/PopperK-El-cuerpo-y-la-mente.pdf\" target=\"_blank\" rel=\"attachment noopener wp-att-6109\"><img loading=\"lazy\" decoding=\"async\" class=\"size-full wp-image-6109 alignleft\" src=\"https:\/\/tavapy.gov.py\/biblioteca\/wp-content\/uploads\/2023\/01\/icono-PDF-copia-2-2.png\" alt=\"\" width=\"121\" height=\"140\" \/><\/a><\/p>\n","protected":false},"featured_media":6020,"comment_status":"open","ping_status":"closed","template":"","meta":{"spay_email":""},"product_cat":[268],"product_tag":[],"class_list":{"0":"post-6207","1":"product","2":"type-product","3":"status-publish","4":"has-post-thumbnail","6":"book_author-karl-popper","7":"product_cat-filosofia-antropologia","8":"entry"},"_links":{"self":[{"href":"https:\/\/tavapy.gov.py\/biblioteca\/wp-json\/wp\/v2\/product\/6207","targetHints":{"allow":["GET"]}}],"collection":[{"href":"https:\/\/tavapy.gov.py\/biblioteca\/wp-json\/wp\/v2\/product"}],"about":[{"href":"https:\/\/tavapy.gov.py\/biblioteca\/wp-json\/wp\/v2\/types\/product"}],"replies":[{"embeddable":true,"href":"https:\/\/tavapy.gov.py\/biblioteca\/wp-json\/wp\/v2\/comments?post=6207"}],"wp:featuredmedia":[{"embeddable":true,"href":"https:\/\/tavapy.gov.py\/biblioteca\/wp-json\/wp\/v2\/media\/6020"}],"wp:attachment":[{"href":"https:\/\/tavapy.gov.py\/biblioteca\/wp-json\/wp\/v2\/media?parent=6207"}],"wp:term":[{"taxonomy":"product_cat","embeddable":true,"href":"https:\/\/tavapy.gov.py\/biblioteca\/wp-json\/wp\/v2\/product_cat?post=6207"},{"taxonomy":"product_tag","embeddable":true,"href":"https:\/\/tavapy.gov.py\/biblioteca\/wp-json\/wp\/v2\/product_tag?post=6207"}],"curies":[{"name":"wp","href":"https:\/\/api.w.org\/{rel}","templated":true}]}}