{"id":6208,"date":"2023-01-19T14:46:53","date_gmt":"2023-01-19T14:46:53","guid":{"rendered":"https:\/\/tavapy.gov.py\/biblioteca\/?post_type=product&#038;p=6208"},"modified":"2023-01-19T14:46:53","modified_gmt":"2023-01-19T14:46:53","slug":"entre-el-tiempo-y-la-eternidad","status":"publish","type":"product","link":"https:\/\/tavapy.gov.py\/biblioteca\/product\/entre-el-tiempo-y-la-eternidad\/","title":{"rendered":"ENTRE EL TIEMPO Y LA ETERNIDAD."},"content":{"rendered":"","protected":false},"excerpt":{"rendered":"<p>La cuesti\u00f3n del tiempo es perenne en la f\u00edsica y en general, en la filosof\u00eda de la ciencia. Las leyes b\u00e1sicas o fundamentales de la f\u00edsica, desde la mec\u00e1nica newtoniana a la relatividad general de Einstein y las teor\u00edas contempor\u00e1neas de las part\u00edculas elementales, tienen la propiedad de la reversibilidad temporal.<\/p>\n<p>En palabras de Einstein, \u00abla distinci\u00f3n entre pasado, presente y futuro es tan s\u00f3lo una ilusi\u00f3n. Sin embargo, el tiempo parece transcurrir en un sentido. \u00bfC\u00f3mo reconciliar lo \u00abfundamental\u00bb con lo \u00abobservado\u00bb? No se ha dado a\u00fan una respuesta completamente satisfactoria a esta pregunta y eso es lo que Ilya Prigogine e Isabelle Stenger se plantean \u201cEntre el tiempo y la eternidad\u201d, obra publicada en 1.988.<\/p>\n<p>Siguiendo y ampliando las ideas presentadas en su anterior libro \u201cLa nueva alianza\u201d, los autores confrontan su visi\u00f3n \u00abdin\u00e1mica\u00bb del tiempo con los interrogantes planteados por la mec\u00e1nica cu\u00e1ntica y la cosmolog\u00eda basada en la relatividad einsteiniana.<\/p>\n<p>En el libro se emplea un lenguaje comprensible para los no expertos. Los detalles m\u00e1s t\u00e9cnicos se presentan en tres Ap\u00e9ndices finales. El lector encontrar\u00e1 en esta obra una exposici\u00f3n, sencilla y a la vez profunda, de las ideas de la escuela de Prigogine sobre el car\u00e1cter esencialmente \u00abcreador\u00a8 del tiempo (en las que se podr\u00edan reconocer unas veces a Darwin o a Boltzmann y otras a Bergson), en contraposici\u00f3n con el car\u00e1cter pasivo\u00bb, meramente geom\u00e9trico, que se da a \u00e9ste en la mayor\u00eda de las teor\u00edas f\u00edsicas hoy d\u00eda consideradas como fundamentales.<\/p>\n<p><a href=\"https:\/\/tavapy.gov.py\/biblioteca\/wp-content\/uploads\/2023\/01\/PrigogineI-Entre-el-tiempo-y-eternidad.pdf\" target=\"_blank\" rel=\"attachment noopener wp-att-6109\"><img loading=\"lazy\" decoding=\"async\" class=\"size-full wp-image-6109 alignleft\" src=\"https:\/\/tavapy.gov.py\/biblioteca\/wp-content\/uploads\/2023\/01\/icono-PDF-copia-2-2.png\" alt=\"\" width=\"121\" height=\"140\" \/><\/a><\/p>\n","protected":false},"featured_media":6022,"comment_status":"open","ping_status":"closed","template":"","meta":{"spay_email":""},"product_cat":[401],"product_tag":[],"class_list":{"0":"post-6208","1":"product","2":"type-product","3":"status-publish","4":"has-post-thumbnail","6":"book_author-ilya-prigogine","7":"product_cat-fisica-moderna-cosmologia","8":"entry"},"_links":{"self":[{"href":"https:\/\/tavapy.gov.py\/biblioteca\/wp-json\/wp\/v2\/product\/6208","targetHints":{"allow":["GET"]}}],"collection":[{"href":"https:\/\/tavapy.gov.py\/biblioteca\/wp-json\/wp\/v2\/product"}],"about":[{"href":"https:\/\/tavapy.gov.py\/biblioteca\/wp-json\/wp\/v2\/types\/product"}],"replies":[{"embeddable":true,"href":"https:\/\/tavapy.gov.py\/biblioteca\/wp-json\/wp\/v2\/comments?post=6208"}],"wp:featuredmedia":[{"embeddable":true,"href":"https:\/\/tavapy.gov.py\/biblioteca\/wp-json\/wp\/v2\/media\/6022"}],"wp:attachment":[{"href":"https:\/\/tavapy.gov.py\/biblioteca\/wp-json\/wp\/v2\/media?parent=6208"}],"wp:term":[{"taxonomy":"product_cat","embeddable":true,"href":"https:\/\/tavapy.gov.py\/biblioteca\/wp-json\/wp\/v2\/product_cat?post=6208"},{"taxonomy":"product_tag","embeddable":true,"href":"https:\/\/tavapy.gov.py\/biblioteca\/wp-json\/wp\/v2\/product_tag?post=6208"}],"curies":[{"name":"wp","href":"https:\/\/api.w.org\/{rel}","templated":true}]}}