{"id":6210,"date":"2023-01-19T14:57:20","date_gmt":"2023-01-19T14:57:20","guid":{"rendered":"https:\/\/tavapy.gov.py\/biblioteca\/?post_type=product&#038;p=6210"},"modified":"2023-01-19T14:57:20","modified_gmt":"2023-01-19T14:57:20","slug":"el-alma-esta-en-el-cerebro","status":"publish","type":"product","link":"https:\/\/tavapy.gov.py\/biblioteca\/product\/el-alma-esta-en-el-cerebro\/","title":{"rendered":"EL ALMA EST\u00c1 EN EL CEREBRO."},"content":{"rendered":"","protected":false},"excerpt":{"rendered":"<p>Emociones, ideas, temores, deseos, espiritualidad y otros aspectos de la vida de los seres humanos dependen de las complej\u00edsimas operaciones del cerebro. Cuando nos interrogamos acerca de nosotros mismos, las preguntas que surgen son infinitas: \u00bfes el alma s\u00f3lo el resultado de reacciones qu\u00edmicas y el\u00e9ctricas?, \u00bfse puede manipular el pensamiento de otros?, \u00bflos artistas tienen un cerebro distinto?, \u00bflo que sugiere nuestro in-consciente es lo que somos?, \u00bfnos enga\u00f1an nuestras percepciones?&#8230;<\/p>\n<p>Eduardo Punset nos acerca en esta obra publicada en el 2.006, a las reflexiones m\u00e1s relevantes de los investigadores sobre ese gran secreto que es el cerebro.<\/p>\n<p>\u00abEscuchar y leer a Punset es advertir que el desciframiento de nuestra materia gris puede suponer la frontera final de una humanidad que hasta ahora ha permanecido a oscuras y ha vivido equivocada. Recorrer El alma est\u00e1 en el cerebro supone desaprender multitud de asunciones y descubrir otras tantas\u00bb.<\/p>\n<p><a href=\"https:\/\/tavapy.gov.py\/biblioteca\/wp-content\/uploads\/2023\/01\/PunsetE-El-alma-esta-en-el-cerebro-PDFDrive-.pdf\" target=\"_blank\" rel=\"attachment noopener wp-att-6109\"><img loading=\"lazy\" decoding=\"async\" class=\"size-full wp-image-6109 alignleft\" src=\"https:\/\/tavapy.gov.py\/biblioteca\/wp-content\/uploads\/2023\/01\/icono-PDF-copia-2-2.png\" alt=\"\" width=\"121\" height=\"140\" \/><\/a><\/p>\n","protected":false},"featured_media":6026,"comment_status":"open","ping_status":"closed","template":"","meta":{"spay_email":""},"product_cat":[227],"product_tag":[],"class_list":{"0":"post-6210","1":"product","2":"type-product","3":"status-publish","4":"has-post-thumbnail","6":"book_author-eduardo-punset","7":"product_cat-ciencia-divulgacion-cientifica","8":"entry"},"_links":{"self":[{"href":"https:\/\/tavapy.gov.py\/biblioteca\/wp-json\/wp\/v2\/product\/6210","targetHints":{"allow":["GET"]}}],"collection":[{"href":"https:\/\/tavapy.gov.py\/biblioteca\/wp-json\/wp\/v2\/product"}],"about":[{"href":"https:\/\/tavapy.gov.py\/biblioteca\/wp-json\/wp\/v2\/types\/product"}],"replies":[{"embeddable":true,"href":"https:\/\/tavapy.gov.py\/biblioteca\/wp-json\/wp\/v2\/comments?post=6210"}],"wp:featuredmedia":[{"embeddable":true,"href":"https:\/\/tavapy.gov.py\/biblioteca\/wp-json\/wp\/v2\/media\/6026"}],"wp:attachment":[{"href":"https:\/\/tavapy.gov.py\/biblioteca\/wp-json\/wp\/v2\/media?parent=6210"}],"wp:term":[{"taxonomy":"product_cat","embeddable":true,"href":"https:\/\/tavapy.gov.py\/biblioteca\/wp-json\/wp\/v2\/product_cat?post=6210"},{"taxonomy":"product_tag","embeddable":true,"href":"https:\/\/tavapy.gov.py\/biblioteca\/wp-json\/wp\/v2\/product_tag?post=6210"}],"curies":[{"name":"wp","href":"https:\/\/api.w.org\/{rel}","templated":true}]}}