{"id":6212,"date":"2023-01-19T15:06:05","date_gmt":"2023-01-19T15:06:05","guid":{"rendered":"https:\/\/tavapy.gov.py\/biblioteca\/?post_type=product&#038;p=6212"},"modified":"2023-01-19T15:06:05","modified_gmt":"2023-01-19T15:06:05","slug":"excusas-para-no-pensar","status":"publish","type":"product","link":"https:\/\/tavapy.gov.py\/biblioteca\/product\/excusas-para-no-pensar\/","title":{"rendered":"EXCUSAS PARA NO PENSAR."},"content":{"rendered":"","protected":false},"excerpt":{"rendered":"<p>Desde el c\u00f3mo empez\u00f3 todo al compendio de f\u00f3rmulas que nos ayuden a ser m\u00e1s felices en un mundo mejor, pasando por las claves de nuestras emociones, la complejidad del cerebro o los secretos de la Tierra, Eduardo Punset aporta sus reflexiones claras, amenas y comprensibles en torno a esas siempre palpitantes cuestiones.<\/p>\n<p>Y, adem\u00e1s, ampl\u00eda su campo de respuestas a \u00e1mbitos que hoy nos preocupan especialmente a todos, como la crisis econ\u00f3mica y la incidencia de la pol\u00edtica en el d\u00eda a d\u00eda de los ciudadanos. Hoy, m\u00e1s que nunca, no hay excusas para no pensar.<\/p>\n<p>La obra \u201cExcusas para no pensar\u201d fue publicada en el 2.011.<\/p>\n<p><a href=\"https:\/\/tavapy.gov.py\/biblioteca\/wp-content\/uploads\/2023\/01\/PunsetE-Excusas-para-no-pensar.pdf\" target=\"_blank\" rel=\"attachment noopener wp-att-6109\"><img loading=\"lazy\" decoding=\"async\" class=\"size-full wp-image-6109 alignleft\" src=\"https:\/\/tavapy.gov.py\/biblioteca\/wp-content\/uploads\/2023\/01\/icono-PDF-copia-2-2.png\" alt=\"\" width=\"121\" height=\"140\" \/><\/a><\/p>\n","protected":false},"featured_media":6030,"comment_status":"open","ping_status":"closed","template":"","meta":{"spay_email":""},"product_cat":[227],"product_tag":[],"class_list":{"0":"post-6212","1":"product","2":"type-product","3":"status-publish","4":"has-post-thumbnail","6":"book_author-eduardo-punset","7":"product_cat-ciencia-divulgacion-cientifica","8":"entry"},"_links":{"self":[{"href":"https:\/\/tavapy.gov.py\/biblioteca\/wp-json\/wp\/v2\/product\/6212","targetHints":{"allow":["GET"]}}],"collection":[{"href":"https:\/\/tavapy.gov.py\/biblioteca\/wp-json\/wp\/v2\/product"}],"about":[{"href":"https:\/\/tavapy.gov.py\/biblioteca\/wp-json\/wp\/v2\/types\/product"}],"replies":[{"embeddable":true,"href":"https:\/\/tavapy.gov.py\/biblioteca\/wp-json\/wp\/v2\/comments?post=6212"}],"wp:featuredmedia":[{"embeddable":true,"href":"https:\/\/tavapy.gov.py\/biblioteca\/wp-json\/wp\/v2\/media\/6030"}],"wp:attachment":[{"href":"https:\/\/tavapy.gov.py\/biblioteca\/wp-json\/wp\/v2\/media?parent=6212"}],"wp:term":[{"taxonomy":"product_cat","embeddable":true,"href":"https:\/\/tavapy.gov.py\/biblioteca\/wp-json\/wp\/v2\/product_cat?post=6212"},{"taxonomy":"product_tag","embeddable":true,"href":"https:\/\/tavapy.gov.py\/biblioteca\/wp-json\/wp\/v2\/product_tag?post=6212"}],"curies":[{"name":"wp","href":"https:\/\/api.w.org\/{rel}","templated":true}]}}