{"id":6214,"date":"2023-01-19T15:17:23","date_gmt":"2023-01-19T15:17:23","guid":{"rendered":"https:\/\/tavapy.gov.py\/biblioteca\/?post_type=product&#038;p=6214"},"modified":"2023-01-19T15:17:23","modified_gmt":"2023-01-19T15:17:23","slug":"el-ultimo-don","status":"publish","type":"product","link":"https:\/\/tavapy.gov.py\/biblioteca\/product\/el-ultimo-don\/","title":{"rendered":"EL \u00daLTIMO DON."},"content":{"rendered":"","protected":false},"excerpt":{"rendered":"<p>\u00c9sta es la historia de la \u00faltima gran familia de la Mafia, los Clericuzio. Un a\u00f1o despu\u00e9s de cometer el acto m\u00e1s salvaje de su vida, Don Clericuzio, el \u00faltimo Don, decide que la nueva generaci\u00f3n, la de sus nietos reci\u00e9n bautizados, viva libre de la carga criminal de la Mafia. Desde su espectacular jard\u00edn de Long Island, el Don controla negocios de Las Vegas y de Hollywood con los que puede legitimar su fortuna.<\/p>\n<p>Sin embargo, existen dos problemas que el Don no puede ignorar. Primero, s\u00f3lo hay una cosa que la familia Clericuzio sepa hacer bien: matar. Y segundo, que el mundo ya no es tan sencillo: hay honor entre ladrones y maldad entre hombres supuestamente honorables.<\/p>\n<p>La obra \u201cEl \u00faltimo Don\u201d fue publicada en 1.996.<\/p>\n<p><a href=\"https:\/\/tavapy.gov.py\/biblioteca\/wp-content\/uploads\/2023\/01\/PuzoM-El-ultimo-Don.pdf\" target=\"_blank\" rel=\"attachment noopener wp-att-6109\"><img loading=\"lazy\" decoding=\"async\" class=\"size-full wp-image-6109 alignleft\" src=\"https:\/\/tavapy.gov.py\/biblioteca\/wp-content\/uploads\/2023\/01\/icono-PDF-copia-2-2.png\" alt=\"\" width=\"121\" height=\"140\" \/><\/a><\/p>\n","protected":false},"featured_media":6034,"comment_status":"open","ping_status":"closed","template":"","meta":{"spay_email":""},"product_cat":[57],"product_tag":[],"class_list":{"0":"post-6214","1":"product","2":"type-product","3":"status-publish","4":"has-post-thumbnail","6":"book_author-mario-puzo","7":"product_cat-novela","8":"entry"},"_links":{"self":[{"href":"https:\/\/tavapy.gov.py\/biblioteca\/wp-json\/wp\/v2\/product\/6214","targetHints":{"allow":["GET"]}}],"collection":[{"href":"https:\/\/tavapy.gov.py\/biblioteca\/wp-json\/wp\/v2\/product"}],"about":[{"href":"https:\/\/tavapy.gov.py\/biblioteca\/wp-json\/wp\/v2\/types\/product"}],"replies":[{"embeddable":true,"href":"https:\/\/tavapy.gov.py\/biblioteca\/wp-json\/wp\/v2\/comments?post=6214"}],"wp:featuredmedia":[{"embeddable":true,"href":"https:\/\/tavapy.gov.py\/biblioteca\/wp-json\/wp\/v2\/media\/6034"}],"wp:attachment":[{"href":"https:\/\/tavapy.gov.py\/biblioteca\/wp-json\/wp\/v2\/media?parent=6214"}],"wp:term":[{"taxonomy":"product_cat","embeddable":true,"href":"https:\/\/tavapy.gov.py\/biblioteca\/wp-json\/wp\/v2\/product_cat?post=6214"},{"taxonomy":"product_tag","embeddable":true,"href":"https:\/\/tavapy.gov.py\/biblioteca\/wp-json\/wp\/v2\/product_tag?post=6214"}],"curies":[{"name":"wp","href":"https:\/\/api.w.org\/{rel}","templated":true}]}}