{"id":6216,"date":"2023-01-19T15:33:39","date_gmt":"2023-01-19T15:33:39","guid":{"rendered":"https:\/\/tavapy.gov.py\/biblioteca\/?post_type=product&#038;p=6216"},"modified":"2023-01-19T15:33:40","modified_gmt":"2023-01-19T15:33:40","slug":"adios-depresion","status":"publish","type":"product","link":"https:\/\/tavapy.gov.py\/biblioteca\/product\/adios-depresion\/","title":{"rendered":"ADI\u00d3S, DEPRESI\u00d3N."},"content":{"rendered":"","protected":false},"excerpt":{"rendered":"<p>La depresi\u00f3n es la enfermedad de la tristeza. Cabalgan en su interior un abanico de sentimientos que van desde la melancol\u00eda hasta el desencanto, pasando por la falta de ganas de vivir.<\/p>\n<p>El profundo conocimiento del psiquiatra Enrique Rojas nos va dando respuestas a muchos interrogantes y como, por ejemplo, \u00bfcu\u00e1les son sus principales s\u00edntomas?, \u00bfc\u00f3mo debe tratar la familia a una persona que est\u00e1 pasando una depresi\u00f3n?, \u00bfc\u00f3mo se mezclan la depresi\u00f3n y la ansiedad?, etc.<\/p>\n<p>La obra \u201cAdi\u00f3s, depresi\u00f3n\u201d fue publicada en el 2.006.<\/p>\n<p><a href=\"https:\/\/tavapy.gov.py\/biblioteca\/wp-content\/uploads\/2023\/01\/RojasE-Adios-depresion.pdf\" target=\"_blank\" rel=\"attachment noopener wp-att-6109\"><img loading=\"lazy\" decoding=\"async\" class=\"size-full wp-image-6109 alignleft\" src=\"https:\/\/tavapy.gov.py\/biblioteca\/wp-content\/uploads\/2023\/01\/icono-PDF-copia-2-2.png\" alt=\"\" width=\"121\" height=\"140\" \/><\/a><\/p>\n","protected":false},"featured_media":6038,"comment_status":"open","ping_status":"closed","template":"","meta":{"spay_email":""},"product_cat":[754],"product_tag":[],"class_list":{"0":"post-6216","1":"product","2":"type-product","3":"status-publish","4":"has-post-thumbnail","6":"book_author-enrique-rojas","7":"product_cat-psicologia-clinica-psicopatologia","8":"entry"},"_links":{"self":[{"href":"https:\/\/tavapy.gov.py\/biblioteca\/wp-json\/wp\/v2\/product\/6216","targetHints":{"allow":["GET"]}}],"collection":[{"href":"https:\/\/tavapy.gov.py\/biblioteca\/wp-json\/wp\/v2\/product"}],"about":[{"href":"https:\/\/tavapy.gov.py\/biblioteca\/wp-json\/wp\/v2\/types\/product"}],"replies":[{"embeddable":true,"href":"https:\/\/tavapy.gov.py\/biblioteca\/wp-json\/wp\/v2\/comments?post=6216"}],"wp:featuredmedia":[{"embeddable":true,"href":"https:\/\/tavapy.gov.py\/biblioteca\/wp-json\/wp\/v2\/media\/6038"}],"wp:attachment":[{"href":"https:\/\/tavapy.gov.py\/biblioteca\/wp-json\/wp\/v2\/media?parent=6216"}],"wp:term":[{"taxonomy":"product_cat","embeddable":true,"href":"https:\/\/tavapy.gov.py\/biblioteca\/wp-json\/wp\/v2\/product_cat?post=6216"},{"taxonomy":"product_tag","embeddable":true,"href":"https:\/\/tavapy.gov.py\/biblioteca\/wp-json\/wp\/v2\/product_tag?post=6216"}],"curies":[{"name":"wp","href":"https:\/\/api.w.org\/{rel}","templated":true}]}}