{"id":6217,"date":"2023-01-19T16:02:55","date_gmt":"2023-01-19T16:02:55","guid":{"rendered":"https:\/\/tavapy.gov.py\/biblioteca\/?post_type=product&#038;p=6217"},"modified":"2023-01-19T16:06:33","modified_gmt":"2023-01-19T16:06:33","slug":"el-amor-inteligente","status":"publish","type":"product","link":"https:\/\/tavapy.gov.py\/biblioteca\/product\/el-amor-inteligente\/","title":{"rendered":"EL AMOR INTELIGENTE."},"content":{"rendered":"","protected":false},"excerpt":{"rendered":"<p>Coraz\u00f3n y cabeza: claves para construir una pareja feliz<\/p>\n<p>El amor inteligente, obra publicada en 1.997, tiene tres notas b\u00e1sicas en su sinfon\u00eda: coraz\u00f3n, cabeza y espiritualidad, sin olvidar que lo cotidiano nunca es banal ni insignificante. El mejor amor se echa a perder si no se cuida a base de peque\u00f1os detalles.<\/p>\n<p>El doctor Enrique Rojas nos deleita en esta obra, ampliada con un nuevo pr\u00f3logo, con un an\u00e1lisis psicol\u00f3gico profundo guiado por un principio fundamental: para poder amar y respetar a los dem\u00e1s es primordial aprender a quererse y respetarse uno mismo.<\/p>\n<p>Una espl\u00e9ndida obra que muestra la importancia que para el ser humano tiene el verdadero amor y nos da las claves para que, con afectividad e inteligencia construyamos una pareja feliz.<\/p>\n<p><a href=\"https:\/\/tavapy.gov.py\/biblioteca\/wp-content\/uploads\/2023\/01\/RojasE-El-amor-inteligente.pdf\" target=\"_blank\" rel=\"attachment noopener wp-att-6109\"><img loading=\"lazy\" decoding=\"async\" class=\"size-full wp-image-6109 alignleft\" src=\"https:\/\/tavapy.gov.py\/biblioteca\/wp-content\/uploads\/2023\/01\/icono-PDF-copia-2-2.png\" alt=\"\" width=\"121\" height=\"140\" \/><\/a><\/p>\n","protected":false},"featured_media":6040,"comment_status":"open","ping_status":"closed","template":"","meta":{"spay_email":""},"product_cat":[491],"product_tag":[],"class_list":{"0":"post-6217","1":"product","2":"type-product","3":"status-publish","4":"has-post-thumbnail","6":"book_author-enrique-rojas","7":"product_cat-psicologia-pedagogia","8":"entry"},"_links":{"self":[{"href":"https:\/\/tavapy.gov.py\/biblioteca\/wp-json\/wp\/v2\/product\/6217","targetHints":{"allow":["GET"]}}],"collection":[{"href":"https:\/\/tavapy.gov.py\/biblioteca\/wp-json\/wp\/v2\/product"}],"about":[{"href":"https:\/\/tavapy.gov.py\/biblioteca\/wp-json\/wp\/v2\/types\/product"}],"replies":[{"embeddable":true,"href":"https:\/\/tavapy.gov.py\/biblioteca\/wp-json\/wp\/v2\/comments?post=6217"}],"wp:featuredmedia":[{"embeddable":true,"href":"https:\/\/tavapy.gov.py\/biblioteca\/wp-json\/wp\/v2\/media\/6040"}],"wp:attachment":[{"href":"https:\/\/tavapy.gov.py\/biblioteca\/wp-json\/wp\/v2\/media?parent=6217"}],"wp:term":[{"taxonomy":"product_cat","embeddable":true,"href":"https:\/\/tavapy.gov.py\/biblioteca\/wp-json\/wp\/v2\/product_cat?post=6217"},{"taxonomy":"product_tag","embeddable":true,"href":"https:\/\/tavapy.gov.py\/biblioteca\/wp-json\/wp\/v2\/product_tag?post=6217"}],"curies":[{"name":"wp","href":"https:\/\/api.w.org\/{rel}","templated":true}]}}