{"id":6219,"date":"2023-01-19T16:10:00","date_gmt":"2023-01-19T16:10:00","guid":{"rendered":"https:\/\/tavapy.gov.py\/biblioteca\/?post_type=product&#038;p=6219"},"modified":"2023-01-19T16:11:29","modified_gmt":"2023-01-19T16:11:29","slug":"todo-lo-que-tienes-que-saber-sobre-la-vida","status":"publish","type":"product","link":"https:\/\/tavapy.gov.py\/biblioteca\/product\/todo-lo-que-tienes-que-saber-sobre-la-vida\/","title":{"rendered":"TODO LO QUE TIENES QUE SABER SOBRE LA VIDA."},"content":{"rendered":"","protected":false},"excerpt":{"rendered":"<p>Una gu\u00eda para conocerte a ti mismo y definir tu propio camino hacia la felicidad.<\/p>\n<p>En una sociedad en la que se ha ido abandonando poco a poco la educaci\u00f3n sentimental para convertir en aut\u00e9nticos valores el dinero, la competitividad o la urgencia por vivir deprisa, tratar lo que es y lo que significa la madurez afectiva es m\u00e1s esencial que nunca, pues es el mayor impedimento en el camino hacia la felicidad.<\/p>\n<p>En Todo lo que tienes que saber sobre la vida, obra publicada en el 2.020, Enrique Rojas trata en profundidad la importancia de alcanzar la madurez psicol\u00f3gica para conseguir un desarrollo personal pleno, y c\u00f3mo afecta a los diferentes aspectos de la vida, tanto a la hora de relacionarse con las personas que tenemos a nuestro alrededor, como para enfrentarse a las adversidades o superar los traumas.<\/p>\n<p>La claridad de las explicaciones del autor, su profundo conocimiento del tema, su larga experiencia y su tono divulgativo y pr\u00e1ctico se ponen al servicio del lector para ayudarle en su proceso de autoconocimiento, pues no hay madurez psicol\u00f3gica sin conocimiento propio. Y no hay conocimiento propio sin reflexi\u00f3n.<\/p>\n<p><a href=\"https:\/\/tavapy.gov.py\/biblioteca\/wp-content\/uploads\/2023\/01\/RojasE-Todo-lo-que-tienes-que-saber-sobre-la-vida.pdf\" target=\"_blank\" rel=\"attachment noopener wp-att-6109\"><img loading=\"lazy\" decoding=\"async\" class=\"size-full wp-image-6109 alignleft\" src=\"https:\/\/tavapy.gov.py\/biblioteca\/wp-content\/uploads\/2023\/01\/icono-PDF-copia-2-2.png\" alt=\"\" width=\"121\" height=\"140\" \/><\/a><\/p>\n","protected":false},"featured_media":6042,"comment_status":"open","ping_status":"closed","template":"","meta":{"spay_email":""},"product_cat":[522],"product_tag":[],"class_list":{"0":"post-6219","1":"product","2":"type-product","3":"status-publish","4":"has-post-thumbnail","6":"book_author-enrique-rojas","7":"product_cat-autoayuda-espiritualidad","8":"entry"},"_links":{"self":[{"href":"https:\/\/tavapy.gov.py\/biblioteca\/wp-json\/wp\/v2\/product\/6219","targetHints":{"allow":["GET"]}}],"collection":[{"href":"https:\/\/tavapy.gov.py\/biblioteca\/wp-json\/wp\/v2\/product"}],"about":[{"href":"https:\/\/tavapy.gov.py\/biblioteca\/wp-json\/wp\/v2\/types\/product"}],"replies":[{"embeddable":true,"href":"https:\/\/tavapy.gov.py\/biblioteca\/wp-json\/wp\/v2\/comments?post=6219"}],"wp:featuredmedia":[{"embeddable":true,"href":"https:\/\/tavapy.gov.py\/biblioteca\/wp-json\/wp\/v2\/media\/6042"}],"wp:attachment":[{"href":"https:\/\/tavapy.gov.py\/biblioteca\/wp-json\/wp\/v2\/media?parent=6219"}],"wp:term":[{"taxonomy":"product_cat","embeddable":true,"href":"https:\/\/tavapy.gov.py\/biblioteca\/wp-json\/wp\/v2\/product_cat?post=6219"},{"taxonomy":"product_tag","embeddable":true,"href":"https:\/\/tavapy.gov.py\/biblioteca\/wp-json\/wp\/v2\/product_tag?post=6219"}],"curies":[{"name":"wp","href":"https:\/\/api.w.org\/{rel}","templated":true}]}}